{"id":21815,"date":"2023-10-18T15:02:47","date_gmt":"2023-10-18T13:02:47","guid":{"rendered":"https:\/\/e-adams.pl\/?post_type=product&#038;p=21815"},"modified":"2023-11-28T14:35:16","modified_gmt":"2023-11-28T13:35:16","slug":"baterie-wannowe-oltens","status":"publish","type":"product","link":"https:\/\/e-adams.pl\/de\/produkt\/baterie-wannowe-oltens\/","title":{"rendered":"Baterie Wannowe Oltens"},"content":{"rendered":"<h2>Poznaj kolekcje baterii wannowych Oltens<\/h2>\n<p>Oltens to marka, kt\u00f3ra czerpie wprost z natury &#8211; z jej si\u0142y, harmonii i ducha. G\u0142\u00f3wn\u0105 <a href=\"https:\/\/e-adams.pl\/oltens\/\">inspiracj\u0105 do tworzenia<\/a> naszych produkt\u00f3w sta\u0142y si\u0119 trzy niezwykle pi\u0119kne i efektowne wodospady \u2013 energetyzuj\u0105cy, mieszcz\u0105cy si\u0119 w Indiach Jog, zjawiskowy po\u0142o\u017cony w Parku Narodowym Yosemite w Kalifornii Vernal, oraz po\u0142o\u017cony w po\u0142udniowozachodniej cz\u0119\u015bci Islandii, zwany Z\u0142otym Wodospadem Gulfoss.<\/p>\n<p>Baterie o minimalistycznym i nowoczesnym stylu, kt\u00f3ra idealnie sprawdzi si\u0119 w \u0142azienkach o takim w\u0142a\u015bnie charakterze. Zosta\u0142y wyposa\u017cona w g\u0142owic\u0119 ceramiczn\u0105, dzi\u0119ki kt\u00f3rej praca baterii b\u0119dzie precyzyjna i \u0142atwa przez ca\u0142y okres ich eksploatacji.<\/p>\n<p>&nbsp;<\/p>\n","protected":false},"excerpt":{"rendered":"<p>Baterie Wannowe Oltens<\/p>\n","protected":false},"featured_media":21818,"comment_status":"closed","ping_status":"closed","template":"","meta":{"_acf_changed":false,"inline_featured_image":false},"product_cat":[1934],"product_tag":[1944,1941],"class_list":{"0":"post-21815","1":"product","2":"type-product","3":"status-publish","4":"has-post-thumbnail","6":"product_cat-baterie-wannowe","7":"product_tag-baterie-wannowe","8":"product_tag-oltens","10":"first","11":"instock","12":"shipping-taxable","13":"product-type-simple"},"acf":[],"_links":{"self":[{"href":"https:\/\/e-adams.pl\/de\/wp-json\/wp\/v2\/product\/21815","targetHints":{"allow":["GET"]}}],"collection":[{"href":"https:\/\/e-adams.pl\/de\/wp-json\/wp\/v2\/product"}],"about":[{"href":"https:\/\/e-adams.pl\/de\/wp-json\/wp\/v2\/types\/product"}],"replies":[{"embeddable":true,"href":"https:\/\/e-adams.pl\/de\/wp-json\/wp\/v2\/comments?post=21815"}],"wp:featuredmedia":[{"embeddable":true,"href":"https:\/\/e-adams.pl\/de\/wp-json\/wp\/v2\/media\/21818"}],"wp:attachment":[{"href":"https:\/\/e-adams.pl\/de\/wp-json\/wp\/v2\/media?parent=21815"}],"wp:term":[{"taxonomy":"product_cat","embeddable":true,"href":"https:\/\/e-adams.pl\/de\/wp-json\/wp\/v2\/product_cat?post=21815"},{"taxonomy":"product_tag","embeddable":true,"href":"https:\/\/e-adams.pl\/de\/wp-json\/wp\/v2\/product_tag?post=21815"}],"curies":[{"name":"wp","href":"https:\/\/api.w.org\/{rel}","templated":true}]}}