{"id":21913,"date":"2023-10-20T11:43:15","date_gmt":"2023-10-20T09:43:15","guid":{"rendered":"https:\/\/e-adams.pl\/?post_type=product&#038;p=21913"},"modified":"2023-10-25T08:25:03","modified_gmt":"2023-10-25T06:25:03","slug":"baterie-kuchenne-oltens","status":"publish","type":"product","link":"https:\/\/e-adams.pl\/de\/produkt\/baterie-kuchenne-oltens\/","title":{"rendered":"Baterie Kuchenne Oltens"},"content":{"rendered":"<h2>Poznaj kolekcje baterii kuchennych Oltens<\/h2>\n<p>Kuchnia to pomieszczenie, kt\u00f3re pe\u0142ni szereg wa\u017cnych funkcji, dlatego powinna by\u0107 wyposa\u017cona w jak najbardziej ergonomiczny spos\u00f3b. Za komfort korzystania z pomieszczenia w du\u017cej mierze odpowiadaj\u0105 meble, ale nie mo\u017cna te\u017c zapomnie\u0107 o akcesoriach, kt\u00f3re r\u00f3wnie\u017c odgrywaj\u0105 istotn\u0105 rol\u0119. Chodzi tu o baterie kuchenne, bez kt\u00f3rych korzystanie ze zlewu by\u0142oby niemo\u017cliwe. Ich wyb\u00f3r nie powinien by\u0107 podejmowany pochopnie, gdy\u017c jest to zakup na wiele lat, kt\u00f3ry musi by\u0107 przemy\u015blany. W naszej ofercie znajdziesz szeroki <a href=\"https:\/\/e-adams.pl\/oltens\/\">wyb\u00f3r rozwi\u0105za\u0144<\/a>, kt\u00f3re r\u00f3\u017cni\u0105 si\u0119 parametrami, designem i sposobem monta\u017cu. Dzi\u0119ki temu masz szans\u0119 znale\u017a\u0107 bateri\u0119 kuchenn\u0105, kt\u00f3ra sprosta Twoim indywidualnym oczekiwaniom i b\u0119dzie efektownym dope\u0142nieniem wystroju pomieszczenia.<\/p>\n","protected":false},"excerpt":{"rendered":"<p>Poznaj kolekcje baterii kuchennych Oltens Kuchnia to pomieszczenie, kt\u00f3re pe\u0142ni szereg wa\u017cnych funkcji, dlatego powinna by\u0107 wyposa\u017cona w jak najbardziej ergonomiczny spos\u00f3b. Za komfort korzystania z pomieszczenia w du\u017cej mierze odpowiadaj\u0105 meble, ale nie mo\u017cna&#8230;<\/p>\n<div class=\"text-center\"><a class=\"button-link\" href=\"https:\/\/e-adams.pl\/de\/produkt\/baterie-kuchenne-oltens\/\">Czytaj wi\u0119cej<\/a><\/div>\n","protected":false},"featured_media":21914,"comment_status":"closed","ping_status":"closed","template":"","meta":{"_acf_changed":false,"inline_featured_image":false},"product_cat":[1935],"product_tag":[1971,1972,1941],"class_list":{"0":"post-21913","1":"product","2":"type-product","3":"status-publish","4":"has-post-thumbnail","6":"product_cat-baterie-kuchenne","7":"product_tag-baterie-kuchenne","8":"product_tag-kuchnia","9":"product_tag-oltens","11":"first","12":"instock","13":"shipping-taxable","14":"product-type-simple"},"acf":[],"_links":{"self":[{"href":"https:\/\/e-adams.pl\/de\/wp-json\/wp\/v2\/product\/21913","targetHints":{"allow":["GET"]}}],"collection":[{"href":"https:\/\/e-adams.pl\/de\/wp-json\/wp\/v2\/product"}],"about":[{"href":"https:\/\/e-adams.pl\/de\/wp-json\/wp\/v2\/types\/product"}],"replies":[{"embeddable":true,"href":"https:\/\/e-adams.pl\/de\/wp-json\/wp\/v2\/comments?post=21913"}],"wp:featuredmedia":[{"embeddable":true,"href":"https:\/\/e-adams.pl\/de\/wp-json\/wp\/v2\/media\/21914"}],"wp:attachment":[{"href":"https:\/\/e-adams.pl\/de\/wp-json\/wp\/v2\/media?parent=21913"}],"wp:term":[{"taxonomy":"product_cat","embeddable":true,"href":"https:\/\/e-adams.pl\/de\/wp-json\/wp\/v2\/product_cat?post=21913"},{"taxonomy":"product_tag","embeddable":true,"href":"https:\/\/e-adams.pl\/de\/wp-json\/wp\/v2\/product_tag?post=21913"}],"curies":[{"name":"wp","href":"https:\/\/api.w.org\/{rel}","templated":true}]}}