{"id":21917,"date":"2023-10-20T12:35:41","date_gmt":"2023-10-20T10:35:41","guid":{"rendered":"https:\/\/e-adams.pl\/?post_type=product&#038;p=21917"},"modified":"2023-11-28T14:17:51","modified_gmt":"2023-11-28T13:17:51","slug":"baterie-prysznicowe-oltens","status":"publish","type":"product","link":"https:\/\/e-adams.pl\/de\/produkt\/baterie-prysznicowe-oltens\/","title":{"rendered":"Baterie prysznicowe Oltens"},"content":{"rendered":"<h2>Poznaj kolekcje baterii prysznicowych Oltens<\/h2>\n<p>Rozs\u0105dne patenty i estetyczne wyko\u0144czenia sprawiaj\u0105 ze baterie prysznicowe Oltens s\u0105 kluczem do idealnej \u0142azienki. Czy pi\u0119kno i oszcz\u0119dno\u015b\u0107 mog\u0105 i\u015b\u0107 w parze? Wierzymy, \u017ce praktyczne i oszcz\u0119dne rozwi\u0105zania mog\u0105 r\u00f3wnie\u017c by\u0107 pi\u0119kne.<\/p>\n<p>Bateria o minimalistycznym i nowoczesnym stylu, kt\u00f3ra idealnie sprawdzi si\u0119 w <a href=\"https:\/\/e-adams.pl\/oltens\/\">\u0142azienkach<\/a> o takim w\u0142a\u015bnie charakterze.<\/p>\n<p>Zastosowanie pow\u0142oki PVD gwarantuje pi\u0119kny kolor i niezwyk\u0142\u0105 trwa\u0142o\u015b\u0107 (wi\u0119ksz\u0105 odporno\u015b\u0107 na zarysowania i \u015bcieranie) naszych baterii oraz przyjazno\u015b\u0107 alergikom i w\u0142a\u015bciwo\u015bci bakteriob\u00f3jcze.<\/p>\n","protected":false},"excerpt":{"rendered":"<p>Poznaj kolekcje baterii prysznicowych Oltens Rozs\u0105dne patenty i estetyczne wyko\u0144czenia sprawiaj\u0105 ze baterie prysznicowe Oltens s\u0105 kluczem do idealnej \u0142azienki. Czy pi\u0119kno i oszcz\u0119dno\u015b\u0107 mog\u0105 i\u015b\u0107 w parze? Wierzymy, \u017ce praktyczne i oszcz\u0119dne rozwi\u0105zania mog\u0105&#8230;<\/p>\n<div class=\"text-center\"><a class=\"button-link\" href=\"https:\/\/e-adams.pl\/de\/produkt\/baterie-prysznicowe-oltens\/\">Czytaj wi\u0119cej<\/a><\/div>\n","protected":false},"featured_media":21918,"comment_status":"closed","ping_status":"closed","template":"","meta":{"_acf_changed":false,"inline_featured_image":false},"product_cat":[1936],"product_tag":[1973,1942,1941],"class_list":{"0":"post-21917","1":"product","2":"type-product","3":"status-publish","4":"has-post-thumbnail","6":"product_cat-baterie-prysznicowe","7":"product_tag-bateria-prysznicowa","8":"product_tag-lazienka","9":"product_tag-oltens","11":"first","12":"instock","13":"shipping-taxable","14":"product-type-simple"},"acf":[],"_links":{"self":[{"href":"https:\/\/e-adams.pl\/de\/wp-json\/wp\/v2\/product\/21917","targetHints":{"allow":["GET"]}}],"collection":[{"href":"https:\/\/e-adams.pl\/de\/wp-json\/wp\/v2\/product"}],"about":[{"href":"https:\/\/e-adams.pl\/de\/wp-json\/wp\/v2\/types\/product"}],"replies":[{"embeddable":true,"href":"https:\/\/e-adams.pl\/de\/wp-json\/wp\/v2\/comments?post=21917"}],"wp:featuredmedia":[{"embeddable":true,"href":"https:\/\/e-adams.pl\/de\/wp-json\/wp\/v2\/media\/21918"}],"wp:attachment":[{"href":"https:\/\/e-adams.pl\/de\/wp-json\/wp\/v2\/media?parent=21917"}],"wp:term":[{"taxonomy":"product_cat","embeddable":true,"href":"https:\/\/e-adams.pl\/de\/wp-json\/wp\/v2\/product_cat?post=21917"},{"taxonomy":"product_tag","embeddable":true,"href":"https:\/\/e-adams.pl\/de\/wp-json\/wp\/v2\/product_tag?post=21917"}],"curies":[{"name":"wp","href":"https:\/\/api.w.org\/{rel}","templated":true}]}}