{"id":21932,"date":"2023-10-20T14:46:22","date_gmt":"2023-10-20T12:46:22","guid":{"rendered":"https:\/\/e-adams.pl\/?post_type=product&#038;p=21932"},"modified":"2023-10-25T08:18:36","modified_gmt":"2023-10-25T06:18:36","slug":"kabiny-prysznicowe-oltens","status":"publish","type":"product","link":"https:\/\/e-adams.pl\/de\/produkt\/kabiny-prysznicowe-oltens\/","title":{"rendered":"Kabiny prysznicowe Oltens"},"content":{"rendered":"<div class=\"cm-section\">\n<h3 class=\"cm-section-title\">Kabiny Prysznicowe <a href=\"https:\/\/e-adams.pl\/oltens\/\">Oltens<\/a>. Dope\u0142nienie Twojej wizji na now\u0105 \u0142azienk\u0119.<\/h3>\n<\/div>\n<p>Rozs\u0105dne patenty i estetyczne wyko\u0144czenie kluczem do idealnej \u0142azienki. Czy pi\u0119kno i oszcz\u0119dno\u015b\u0107 mog\u0105 i\u015b\u0107 w parze? Wierzymy, \u017ce praktyczne i oszcz\u0119dne rozwi\u0105zania mog\u0105 r\u00f3wnie\u017c by\u0107 pi\u0119kne.<\/p>\n<p>Bateria o minimalistycznym i nowoczesnym stylu, kt\u00f3ra idealnie sprawdzi si\u0119 w \u0142azienkach o takim w\u0142a\u015bnie charakterze.<\/p>\n<p>Zastosowanie pow\u0142oki PVD gwarantuje pi\u0119kny kolor i niezwyk\u0142\u0105 trwa\u0142o\u015b\u0107 (wieksz\u0105 odporno\u015b\u0107 na zarysowania i \u015bcieranie) naszych baterii oraz przyjazno\u015b\u0107 alergikom i w\u0142a\u015bciwo\u015bci bakteriob\u00f3jcze.<\/p>\n","protected":false},"excerpt":{"rendered":"<p>Kabiny Prysznicowe Oltens. Dope\u0142nienie Twojej wizji na now\u0105 \u0142azienk\u0119. Rozs\u0105dne patenty i estetyczne wyko\u0144czenie kluczem do idealnej \u0142azienki. Czy pi\u0119kno i oszcz\u0119dno\u015b\u0107 mog\u0105 i\u015b\u0107 w parze? Wierzymy, \u017ce praktyczne i oszcz\u0119dne rozwi\u0105zania mog\u0105 r\u00f3wnie\u017c by\u0107&#8230;<\/p>\n<div class=\"text-center\"><a class=\"button-link\" href=\"https:\/\/e-adams.pl\/de\/produkt\/kabiny-prysznicowe-oltens\/\">Czytaj wi\u0119cej<\/a><\/div>\n","protected":false},"featured_media":21936,"comment_status":"closed","ping_status":"closed","template":"","meta":{"_acf_changed":false,"inline_featured_image":false},"product_cat":[188],"product_tag":[1977,1942,1941],"class_list":{"0":"post-21932","1":"product","2":"type-product","3":"status-publish","4":"has-post-thumbnail","6":"product_cat-kabiny-prysznicowe","7":"product_tag-kabiny-prysznicowe","8":"product_tag-lazienka","9":"product_tag-oltens","11":"first","12":"instock","13":"shipping-taxable","14":"product-type-simple"},"acf":[],"_links":{"self":[{"href":"https:\/\/e-adams.pl\/de\/wp-json\/wp\/v2\/product\/21932","targetHints":{"allow":["GET"]}}],"collection":[{"href":"https:\/\/e-adams.pl\/de\/wp-json\/wp\/v2\/product"}],"about":[{"href":"https:\/\/e-adams.pl\/de\/wp-json\/wp\/v2\/types\/product"}],"replies":[{"embeddable":true,"href":"https:\/\/e-adams.pl\/de\/wp-json\/wp\/v2\/comments?post=21932"}],"wp:featuredmedia":[{"embeddable":true,"href":"https:\/\/e-adams.pl\/de\/wp-json\/wp\/v2\/media\/21936"}],"wp:attachment":[{"href":"https:\/\/e-adams.pl\/de\/wp-json\/wp\/v2\/media?parent=21932"}],"wp:term":[{"taxonomy":"product_cat","embeddable":true,"href":"https:\/\/e-adams.pl\/de\/wp-json\/wp\/v2\/product_cat?post=21932"},{"taxonomy":"product_tag","embeddable":true,"href":"https:\/\/e-adams.pl\/de\/wp-json\/wp\/v2\/product_tag?post=21932"}],"curies":[{"name":"wp","href":"https:\/\/api.w.org\/{rel}","templated":true}]}}