{"id":21941,"date":"2023-10-20T15:59:28","date_gmt":"2023-10-20T13:59:28","guid":{"rendered":"https:\/\/e-adams.pl\/?post_type=product&#038;p=21941"},"modified":"2023-10-25T08:17:33","modified_gmt":"2023-10-25T06:17:33","slug":"umywalki-z-szafka-oltens","status":"publish","type":"product","link":"https:\/\/e-adams.pl\/de\/produkt\/umywalki-z-szafka-oltens\/","title":{"rendered":"Umywalki z szafk\u0105 Oltens"},"content":{"rendered":"<div class=\"cm-section\">\n<h3 class=\"cm-section-title\">Kolekcja umywalek z szafk\u0105, na kt\u00f3re zwr\u00f3cisz uwag\u0119<\/h3>\n<div class=\"cm-section-desc\">Rozs\u0105dne patenty i estetyczne wyko\u0144czenie kluczem do idealnej<a href=\"https:\/\/e-adams.pl\/oltens\/\"> \u0142azienki<\/a>. Czy pi\u0119kno i\u00a0oszcz\u0119dno\u015b\u0107 mog\u0105 i\u015b\u0107 w\u00a0parze? Wierzymy, \u017ce praktyczne i\u00a0oszcz\u0119dne rozwi\u0105zania mog\u0105 r\u00f3wnie\u017c by\u0107 pi\u0119kne.<\/div>\n<\/div>\n","protected":false},"excerpt":{"rendered":"<p>Kolekcja umywalek z szafk\u0105, na kt\u00f3re zwr\u00f3cisz uwag\u0119 Rozs\u0105dne patenty i estetyczne wyko\u0144czenie kluczem do idealnej \u0142azienki. Czy pi\u0119kno i\u00a0oszcz\u0119dno\u015b\u0107 mog\u0105 i\u015b\u0107 w\u00a0parze? Wierzymy, \u017ce praktyczne i\u00a0oszcz\u0119dne rozwi\u0105zania mog\u0105 r\u00f3wnie\u017c by\u0107 pi\u0119kne.<\/p>\n","protected":false},"featured_media":21942,"comment_status":"closed","ping_status":"closed","template":"","meta":{"_acf_changed":false,"inline_featured_image":false},"product_cat":[1978],"product_tag":[1942,1941,1980],"class_list":{"0":"post-21941","1":"product","2":"type-product","3":"status-publish","4":"has-post-thumbnail","6":"product_cat-umywalki-z-szafka","7":"product_tag-lazienka","8":"product_tag-oltens","9":"product_tag-umywalki-z-szafka","11":"first","12":"instock","13":"shipping-taxable","14":"product-type-simple"},"acf":[],"_links":{"self":[{"href":"https:\/\/e-adams.pl\/de\/wp-json\/wp\/v2\/product\/21941","targetHints":{"allow":["GET"]}}],"collection":[{"href":"https:\/\/e-adams.pl\/de\/wp-json\/wp\/v2\/product"}],"about":[{"href":"https:\/\/e-adams.pl\/de\/wp-json\/wp\/v2\/types\/product"}],"replies":[{"embeddable":true,"href":"https:\/\/e-adams.pl\/de\/wp-json\/wp\/v2\/comments?post=21941"}],"wp:featuredmedia":[{"embeddable":true,"href":"https:\/\/e-adams.pl\/de\/wp-json\/wp\/v2\/media\/21942"}],"wp:attachment":[{"href":"https:\/\/e-adams.pl\/de\/wp-json\/wp\/v2\/media?parent=21941"}],"wp:term":[{"taxonomy":"product_cat","embeddable":true,"href":"https:\/\/e-adams.pl\/de\/wp-json\/wp\/v2\/product_cat?post=21941"},{"taxonomy":"product_tag","embeddable":true,"href":"https:\/\/e-adams.pl\/de\/wp-json\/wp\/v2\/product_tag?post=21941"}],"curies":[{"name":"wp","href":"https:\/\/api.w.org\/{rel}","templated":true}]}}