{"id":21950,"date":"2023-10-24T08:57:37","date_gmt":"2023-10-24T06:57:37","guid":{"rendered":"https:\/\/e-adams.pl\/?post_type=product&#038;p=21950"},"modified":"2023-11-28T14:22:44","modified_gmt":"2023-11-28T13:22:44","slug":"szafki-lazienkowe-oltens","status":"publish","type":"product","link":"https:\/\/e-adams.pl\/de\/produkt\/szafki-lazienkowe-oltens\/","title":{"rendered":"Szafki \u0142azienkowe Oltens"},"content":{"rendered":"<h3 class=\"cm-section-title\">Kolekcja szafek \u0142azienkowych, na kt\u00f3re zwr\u00f3cisz uwag\u0119<\/h3>\n<div class=\"cm-section-desc\">Rozs\u0105dne patenty i estetyczne wyko\u0144czenie sprawia \u017ce Szafki \u0142azienkowe Oltens s\u0105 kluczem do idealnej <a href=\"https:\/\/e-adams.pl\/oltens\/\">\u0142azienki<\/a>. Czy pi\u0119kno i\u00a0oszcz\u0119dno\u015b\u0107 mog\u0105 i\u015b\u0107 w\u00a0parze? Wierzymy, \u017ce praktyczne i\u00a0oszcz\u0119dne rozwi\u0105zania mog\u0105 r\u00f3wnie\u017c by\u0107 pi\u0119kne.<\/div>\n","protected":false},"excerpt":{"rendered":"<p>Szafki \u0142azienkowe Oltens<\/p>\n","protected":false},"featured_media":21951,"comment_status":"closed","ping_status":"closed","template":"","meta":{"_acf_changed":false,"inline_featured_image":false},"product_cat":[1979],"product_tag":[1942,1941,1981],"class_list":{"0":"post-21950","1":"product","2":"type-product","3":"status-publish","4":"has-post-thumbnail","6":"product_cat-szafki-lazienkowe","7":"product_tag-lazienka","8":"product_tag-oltens","9":"product_tag-szafki-lazienkowe","11":"first","12":"instock","13":"shipping-taxable","14":"product-type-simple"},"acf":[],"_links":{"self":[{"href":"https:\/\/e-adams.pl\/de\/wp-json\/wp\/v2\/product\/21950","targetHints":{"allow":["GET"]}}],"collection":[{"href":"https:\/\/e-adams.pl\/de\/wp-json\/wp\/v2\/product"}],"about":[{"href":"https:\/\/e-adams.pl\/de\/wp-json\/wp\/v2\/types\/product"}],"replies":[{"embeddable":true,"href":"https:\/\/e-adams.pl\/de\/wp-json\/wp\/v2\/comments?post=21950"}],"wp:featuredmedia":[{"embeddable":true,"href":"https:\/\/e-adams.pl\/de\/wp-json\/wp\/v2\/media\/21951"}],"wp:attachment":[{"href":"https:\/\/e-adams.pl\/de\/wp-json\/wp\/v2\/media?parent=21950"}],"wp:term":[{"taxonomy":"product_cat","embeddable":true,"href":"https:\/\/e-adams.pl\/de\/wp-json\/wp\/v2\/product_cat?post=21950"},{"taxonomy":"product_tag","embeddable":true,"href":"https:\/\/e-adams.pl\/de\/wp-json\/wp\/v2\/product_tag?post=21950"}],"curies":[{"name":"wp","href":"https:\/\/api.w.org\/{rel}","templated":true}]}}