{"id":21954,"date":"2023-10-24T09:42:39","date_gmt":"2023-10-24T07:42:39","guid":{"rendered":"https:\/\/e-adams.pl\/?post_type=product&#038;p=21954"},"modified":"2023-10-24T09:59:12","modified_gmt":"2023-10-24T07:59:12","slug":"grzejniki-lazienkowe-oltens","status":"publish","type":"product","link":"https:\/\/e-adams.pl\/de\/produkt\/grzejniki-lazienkowe-oltens\/","title":{"rendered":"Grzejniki \u0141azienkowe Oltens"},"content":{"rendered":"<div class=\"pageHead showIlosc\">\n<h1 class=\"pageTitle\">Grzejniki \u0142azienkowe<\/h1>\n<\/div>\n<div class=\"pageContent\">\n<form action=\"listaProduktow.php\" enctype=\"multipart\/form-data\" method=\"get\" name=\"lista\">\n<div class=\"catPicDesc noPrint\">\n<div class=\"catExtDesc\">\n<div>Nie ma nic przyjemniejszego od wyj\u015bcia spod prysznica bez szoku spowodowanego nisk\u0105 temperatur\u0105 powietrza w \u0142azience. Przyjemne ciep\u0142o wok\u00f3\u0142 oraz podgrzany r\u0119cznik to co\u015b, co zdecydowanie wp\u0142ywa na komfort korzystania z \u0142azienki. Dobierz zatem grzejnik, kt\u00f3ry nie tylko b\u0119dzie ogrzewa\u0142, ale tak\u017ce pi\u0119knie si\u0119 prezentowa\u0142! W Viverto.pl znajdziesz wy\u0142\u0105cznie modele, kt\u00f3re zachwycaj\u0105 pi\u0119knem, a przy tym s\u0105 trwa\u0142e i solidne. Sprawd\u017a!<\/div>\n<\/div>\n<\/div>\n<\/form>\n<\/div>\n","protected":false},"excerpt":{"rendered":"<p>Grzejniki \u0142azienkowe Nie ma nic przyjemniejszego od wyj\u015bcia spod prysznica bez szoku spowodowanego nisk\u0105 temperatur\u0105 powietrza w \u0142azience. Przyjemne ciep\u0142o wok\u00f3\u0142 oraz podgrzany r\u0119cznik to co\u015b, co zdecydowanie wp\u0142ywa na komfort korzystania z \u0142azienki. Dobierz&#8230;<\/p>\n<div class=\"text-center\"><a class=\"button-link\" href=\"https:\/\/e-adams.pl\/de\/produkt\/grzejniki-lazienkowe-oltens\/\">Czytaj wi\u0119cej<\/a><\/div>\n","protected":false},"featured_media":21955,"comment_status":"closed","ping_status":"closed","template":"","meta":{"_acf_changed":false,"inline_featured_image":false},"product_cat":[1982],"product_tag":[1983,1942,1941],"class_list":{"0":"post-21954","1":"product","2":"type-product","3":"status-publish","4":"has-post-thumbnail","6":"product_cat-grzejniki-lazienkowe","7":"product_tag-grzejniki-lazienkowe","8":"product_tag-lazienka","9":"product_tag-oltens","11":"first","12":"instock","13":"shipping-taxable","14":"product-type-simple"},"acf":[],"_links":{"self":[{"href":"https:\/\/e-adams.pl\/de\/wp-json\/wp\/v2\/product\/21954","targetHints":{"allow":["GET"]}}],"collection":[{"href":"https:\/\/e-adams.pl\/de\/wp-json\/wp\/v2\/product"}],"about":[{"href":"https:\/\/e-adams.pl\/de\/wp-json\/wp\/v2\/types\/product"}],"replies":[{"embeddable":true,"href":"https:\/\/e-adams.pl\/de\/wp-json\/wp\/v2\/comments?post=21954"}],"wp:featuredmedia":[{"embeddable":true,"href":"https:\/\/e-adams.pl\/de\/wp-json\/wp\/v2\/media\/21955"}],"wp:attachment":[{"href":"https:\/\/e-adams.pl\/de\/wp-json\/wp\/v2\/media?parent=21954"}],"wp:term":[{"taxonomy":"product_cat","embeddable":true,"href":"https:\/\/e-adams.pl\/de\/wp-json\/wp\/v2\/product_cat?post=21954"},{"taxonomy":"product_tag","embeddable":true,"href":"https:\/\/e-adams.pl\/de\/wp-json\/wp\/v2\/product_tag?post=21954"}],"curies":[{"name":"wp","href":"https:\/\/api.w.org\/{rel}","templated":true}]}}