{"id":21958,"date":"2023-10-24T10:11:23","date_gmt":"2023-10-24T08:11:23","guid":{"rendered":"https:\/\/e-adams.pl\/?post_type=product&#038;p=21958"},"modified":"2023-10-25T08:19:47","modified_gmt":"2023-10-25T06:19:47","slug":"bidety-oltens","status":"publish","type":"product","link":"https:\/\/e-adams.pl\/de\/produkt\/bidety-oltens\/","title":{"rendered":"Bidety Oltens"},"content":{"rendered":"<h2>Bidety Oltens , czyli wygoda<\/h2>\n<div>Bidet pozwala na mycie i od\u015bwie\u017cenie miejsc intymnych po skorzystaniu z toalety. Jest zatem rozwi\u0105zaniem bardzo <a href=\"https:\/\/e-adams.pl\/oltens\/\">higienicznym i nowoczesnym<\/a>. Takich produkt\u00f3w u\u017cywa si\u0119 ju\u017c od wielu lat, jednak z roku na rok ciesz\u0105 si\u0119 one rosn\u0105c\u0105 popularno\u015bci\u0105. Pojawiaj\u0105 si\u0119 w \u0142azienkach urz\u0105dzonych w r\u00f3\u017cnym stylu. S\u0105 obowi\u0105zkowym elementem du\u017cych wn\u0119trz, kt\u00f3re bazuj\u0105 na nowoczesnych rozwi\u0105zaniach.<\/div>\n","protected":false},"excerpt":{"rendered":"<p>Bidety Oltens , czyli wygoda Bidet pozwala na mycie i od\u015bwie\u017cenie miejsc intymnych po skorzystaniu z toalety. Jest zatem rozwi\u0105zaniem bardzo higienicznym i nowoczesnym. Takich produkt\u00f3w u\u017cywa si\u0119 ju\u017c od wielu lat, jednak z roku&#8230;<\/p>\n<div class=\"text-center\"><a class=\"button-link\" href=\"https:\/\/e-adams.pl\/de\/produkt\/bidety-oltens\/\">Czytaj wi\u0119cej<\/a><\/div>\n","protected":false},"featured_media":21959,"comment_status":"closed","ping_status":"closed","template":"","meta":{"_acf_changed":false,"inline_featured_image":false},"product_cat":[1248],"product_tag":[1984,1985,1942,1941],"class_list":{"0":"post-21958","1":"product","2":"type-product","3":"status-publish","4":"has-post-thumbnail","6":"product_cat-bidety","7":"product_tag-bidet","8":"product_tag-ceramika","9":"product_tag-lazienka","10":"product_tag-oltens","12":"first","13":"instock","14":"shipping-taxable","15":"product-type-simple"},"acf":[],"_links":{"self":[{"href":"https:\/\/e-adams.pl\/de\/wp-json\/wp\/v2\/product\/21958","targetHints":{"allow":["GET"]}}],"collection":[{"href":"https:\/\/e-adams.pl\/de\/wp-json\/wp\/v2\/product"}],"about":[{"href":"https:\/\/e-adams.pl\/de\/wp-json\/wp\/v2\/types\/product"}],"replies":[{"embeddable":true,"href":"https:\/\/e-adams.pl\/de\/wp-json\/wp\/v2\/comments?post=21958"}],"wp:featuredmedia":[{"embeddable":true,"href":"https:\/\/e-adams.pl\/de\/wp-json\/wp\/v2\/media\/21959"}],"wp:attachment":[{"href":"https:\/\/e-adams.pl\/de\/wp-json\/wp\/v2\/media?parent=21958"}],"wp:term":[{"taxonomy":"product_cat","embeddable":true,"href":"https:\/\/e-adams.pl\/de\/wp-json\/wp\/v2\/product_cat?post=21958"},{"taxonomy":"product_tag","embeddable":true,"href":"https:\/\/e-adams.pl\/de\/wp-json\/wp\/v2\/product_tag?post=21958"}],"curies":[{"name":"wp","href":"https:\/\/api.w.org\/{rel}","templated":true}]}}