{"id":21962,"date":"2023-10-24T10:28:01","date_gmt":"2023-10-24T08:28:01","guid":{"rendered":"https:\/\/e-adams.pl\/?post_type=product&#038;p=21962"},"modified":"2023-10-25T08:20:25","modified_gmt":"2023-10-25T06:20:25","slug":"miski-wc","status":"publish","type":"product","link":"https:\/\/e-adams.pl\/de\/produkt\/miski-wc\/","title":{"rendered":"Miski WC"},"content":{"rendered":"<h2>Miski WC Oltens<\/h2>\n<div>Miska WC bez w\u0105tpienia jest najwa\u017cniejszym elementem ka\u017cdej \u0142azienki. To dzi\u0119ki niej mo\u017cna za\u0142atwia\u0107 swoje potrzeby fizjologiczne. W naszej ofercie znajdziesz <a href=\"https:\/\/e-adams.pl\/oltens\/\">miski WC<\/a> w wielu ods\u0142onach. To produkty cechuj\u0105ce si\u0119 wysok\u0105 jako\u015bci\u0105 wykonania, kt\u00f3re \u0142\u0105cz\u0105 w sobie pi\u0119kny wygl\u0105d i funkcjonalno\u015b\u0107.<\/div>\n","protected":false},"excerpt":{"rendered":"<p>Miski WC Oltens Miska WC bez w\u0105tpienia jest najwa\u017cniejszym elementem ka\u017cdej \u0142azienki. To dzi\u0119ki niej mo\u017cna za\u0142atwia\u0107 swoje potrzeby fizjologiczne. W naszej ofercie znajdziesz miski WC w wielu ods\u0142onach. To produkty cechuj\u0105ce si\u0119 wysok\u0105 jako\u015bci\u0105&#8230;<\/p>\n<div class=\"text-center\"><a class=\"button-link\" href=\"https:\/\/e-adams.pl\/de\/produkt\/miski-wc\/\">Czytaj wi\u0119cej<\/a><\/div>\n","protected":false},"featured_media":21964,"comment_status":"closed","ping_status":"closed","template":"","meta":{"_acf_changed":false,"inline_featured_image":false},"product_cat":[1240],"product_tag":[1985,1942,1986,1941],"class_list":{"0":"post-21962","1":"product","2":"type-product","3":"status-publish","4":"has-post-thumbnail","6":"product_cat-miski-wc","7":"product_tag-ceramika","8":"product_tag-lazienka","9":"product_tag-miska-wc","10":"product_tag-oltens","12":"first","13":"instock","14":"shipping-taxable","15":"product-type-simple"},"acf":[],"_links":{"self":[{"href":"https:\/\/e-adams.pl\/de\/wp-json\/wp\/v2\/product\/21962","targetHints":{"allow":["GET"]}}],"collection":[{"href":"https:\/\/e-adams.pl\/de\/wp-json\/wp\/v2\/product"}],"about":[{"href":"https:\/\/e-adams.pl\/de\/wp-json\/wp\/v2\/types\/product"}],"replies":[{"embeddable":true,"href":"https:\/\/e-adams.pl\/de\/wp-json\/wp\/v2\/comments?post=21962"}],"wp:featuredmedia":[{"embeddable":true,"href":"https:\/\/e-adams.pl\/de\/wp-json\/wp\/v2\/media\/21964"}],"wp:attachment":[{"href":"https:\/\/e-adams.pl\/de\/wp-json\/wp\/v2\/media?parent=21962"}],"wp:term":[{"taxonomy":"product_cat","embeddable":true,"href":"https:\/\/e-adams.pl\/de\/wp-json\/wp\/v2\/product_cat?post=21962"},{"taxonomy":"product_tag","embeddable":true,"href":"https:\/\/e-adams.pl\/de\/wp-json\/wp\/v2\/product_tag?post=21962"}],"curies":[{"name":"wp","href":"https:\/\/api.w.org\/{rel}","templated":true}]}}