{"id":22625,"date":"2023-11-16T13:37:16","date_gmt":"2023-11-16T12:37:16","guid":{"rendered":"https:\/\/e-adams.pl\/produkt\/443-disbopox-ep-impranierung-10kg\/"},"modified":"2025-06-23T12:52:39","modified_gmt":"2025-06-23T10:52:39","slug":"zywica-epoksydowa-caparol-disbopox-443-ep-10kg","status":"publish","type":"product","link":"https:\/\/e-adams.pl\/de\/produkt\/zywica-epoksydowa-caparol-disbopox-443-ep-10kg\/","title":{"rendered":"\u017bywica epoksydowa CAPAROL DISBOPOX 443 EP 10kg"},"content":{"rendered":"<h3>OPIS:<\/h3>\n<p>\u017bywica epoksydowa <a href=\"https:\/\/e-adams.pl\/caparol\/\">CAPAROL<\/a> DISBOPOX 443 EP jest przeznaczona do bezbarwnej impregnacji pod\u0142o\u017cy mineralnych,\u00a0 gruntowania pod\u0142o\u017cy pod p\u00f3\u017aniejsze wodorozcie\u0144czalne posadzkowe pow\u0142oki epoksydowe. Dzi\u0119ki zminimalizowanej emisji LZO (lotnych zwi\u0105zk\u00f3w organicznych) polecana jest do stosowana w pomieszczeniach pobytu os\u00f3b \u201eszczeg\u00f3lnie wra\u017cliwych\u201d jak np. o\u015brodkach zdrowia, szpitalach, szko\u0142ach, przedszkolach itp.<\/p>\n<h3>UWAGI:<\/h3>\n<p>W przypadku dzia\u0142ania promieni UV oraz niekorzystnych warunk\u00f3w atmosferycznych mo\u017cliwe s\u0105 niewielkie odchylenia odcienia oraz zjawisko kredowania pow\u0142oki. Barwniki organiczne (np. kawa, czerwone wino, li\u015bcie) oraz r\u00f3\u017cne zwi\u0105zki chemiczne mog\u0105 powodowa\u0107 przebarwienia. Nie wp\u0142ywa to na funkcjonalno\u015b\u0107 pow\u0142oki.<\/p>\n<h3>DANE TECHNICZNE:<\/h3>\n<p>\u2022 Barwa: Transparentna<br \/>\n\u2022 G\u0119sto\u015b\u0107: ok. 1,0 g\/cm<sup>3<br \/>\n<\/sup>\u2022 Grubo\u015b\u0107 warstwy suchej: ok. 30 \u00b5m\/100 g\/m<sup>2<br \/>\n<\/sup>\u2022 Op\u00f3r dyfuzyjny \u00b5 (H<sub>2<\/sub>O): ok. 38.000<\/p>\n","protected":false},"excerpt":{"rendered":"<p>\u017bywica epoksydowa CAPAROL DISBOPOX 443 EP jest przeznaczona do bezbarwnej impregnacji pod\u0142o\u017cy mineralnych,\u00a0 gruntowania pod\u0142o\u017cy pod p\u00f3\u017aniejsze wodorozcie\u0144czalne posadzkowe pow\u0142oki epoksydowe. Dzi\u0119ki zminimalizowanej emisji LZO (lotnych zwi\u0105zk\u00f3w organicznych) polecana jest do stosowana w pomieszczeniach pobytu os\u00f3b \u201eszczeg\u00f3lnie wra\u017cliwych\u201d<\/p>\n","protected":false},"featured_media":22652,"comment_status":"open","ping_status":"closed","template":"","meta":{"_acf_changed":false,"inline_featured_image":false},"product_cat":[281],"product_tag":[2128,2343,2344],"class_list":{"0":"post-22625","1":"product","2":"type-product","3":"status-publish","4":"has-post-thumbnail","6":"product_cat-wylewki-posadzkowe","7":"product_tag-caparol","8":"product_tag-disbopox","9":"product_tag-zywica-epoksydowa","11":"first","12":"outofstock","13":"shipping-taxable","14":"product-type-simple"},"acf":[],"_links":{"self":[{"href":"https:\/\/e-adams.pl\/de\/wp-json\/wp\/v2\/product\/22625","targetHints":{"allow":["GET"]}}],"collection":[{"href":"https:\/\/e-adams.pl\/de\/wp-json\/wp\/v2\/product"}],"about":[{"href":"https:\/\/e-adams.pl\/de\/wp-json\/wp\/v2\/types\/product"}],"replies":[{"embeddable":true,"href":"https:\/\/e-adams.pl\/de\/wp-json\/wp\/v2\/comments?post=22625"}],"wp:featuredmedia":[{"embeddable":true,"href":"https:\/\/e-adams.pl\/de\/wp-json\/wp\/v2\/media\/22652"}],"wp:attachment":[{"href":"https:\/\/e-adams.pl\/de\/wp-json\/wp\/v2\/media?parent=22625"}],"wp:term":[{"taxonomy":"product_cat","embeddable":true,"href":"https:\/\/e-adams.pl\/de\/wp-json\/wp\/v2\/product_cat?post=22625"},{"taxonomy":"product_tag","embeddable":true,"href":"https:\/\/e-adams.pl\/de\/wp-json\/wp\/v2\/product_tag?post=22625"}],"curies":[{"name":"wp","href":"https:\/\/api.w.org\/{rel}","templated":true}]}}