{"id":22626,"date":"2023-11-16T13:37:17","date_gmt":"2023-11-16T12:37:17","guid":{"rendered":"https:\/\/e-adams.pl\/produkt\/468-disbopox-ep-strukturschicht-kieselgrau-10kg-719082\/"},"modified":"2024-02-15T11:49:28","modified_gmt":"2024-02-15T10:49:28","slug":"zywica-epoksydowa-caparol-disbopox-468-ep-10kg","status":"publish","type":"product","link":"https:\/\/e-adams.pl\/de\/produkt\/zywica-epoksydowa-caparol-disbopox-468-ep-10kg\/","title":{"rendered":"\u017bywica epoksydowa CAPAROL DISBOPOX 468 EP 10kg"},"content":{"rendered":"<h3>OPIS:<\/h3>\n<p>\u017bywica epoksydowa <a href=\"https:\/\/e-adams.pl\/caparol\/\">CAPAROL<\/a> DISBOPOX 468 EP do wykonywania posadzek przemys\u0142owych jak i stosowania na posadzkach mineralnych o \u015brednim obci\u0105\u017ceniu mechanicznym jak: hale produkcyjne i magazynowe obs\u0142ugiwane przez w\u00f3zki wid\u0142owe, sklepy, korytarze, ci\u0105gi komunikacyjne. Dzi\u0119ki zmniejszonej emisji LZO (lotnych zwi\u0105zk\u00f3w organicznych) mo\u017ce by\u0107 stosowana w\u00a0 miejscach \u201eszczeg\u00f3lnie wra\u017cliwych\u201d jak np. w pomieszczeniach pobytu os\u00f3b o\u015brodkach zdrowia, szpitalach, szko\u0142ach, przedszkolach itp.<\/p>\n<h3>W\u0142a\u015bciwo\u015bci<\/h3>\n<ul>\n<li>Antypo\u015blizgowa<\/li>\n<li>Odporna na dzia\u0142anie \u015brodk\u00f3w chemicznych<\/li>\n<li>Dyfuzyjna dla pary wodnej<\/li>\n<li>Fakturuj\u0105ca i optycznie egalizuj\u0105ca pod\u0142o\u017ce<\/li>\n<li>Niskoemisyjna \u2013 o zminimalizowanej emisji LZO<\/li>\n<li>Kontrolowana jako\u015b\u0107 &#8211; posiada aprobat\u0119 techniczn\u0105 IBDiM<\/li>\n<\/ul>\n<h3>DANE TECHNICZNE:<\/h3>\n<p>\u2022 Stopie\u0144 po\u0142ysku: Satynowy po\u0142ysk.<br \/>\n\u2022 G\u0119sto\u015b\u0107: ok. 1,4 g\/cm<sup>3<br \/>\n<\/sup>\u2022 Grubo\u015b\u0107 warstwy suchej: \u015brednio ok. 36 \u00b5m\/100 g\/m<sup>2<br \/>\n<\/sup>\u2022 Op\u00f3r dyfuzyjny \u00b5 (H<sub>2<\/sub>O): ok. 15.000<br \/>\n\u2022 \u015acieralno\u015b\u0107 wg Tabera (CS 10\/1000 obr.\/1000 g): ok. 50 mg\/30 cm<sup>2<br \/>\n<\/sup>\u2022 Twardo\u015b\u0107 mierzona wahad\u0142em wg K\u00f6niga:: ok. 110 s<br \/>\n\u2022 Twardo\u015b\u0107 metod\u0105 Shore (A\/D): ok. D 80<\/p>\n","protected":false},"excerpt":{"rendered":"<p>\u017bywica epoksydowa CAPAROL DISBOPOX 468 EP do wykonywania posadzek przemys\u0142owych jak i stosowania na posadzkach mineralnych o \u015brednim obci\u0105\u017ceniu mechanicznym jak: hale produkcyjne i magazynowe obs\u0142ugiwane przez w\u00f3zki wid\u0142owe, sklepy, korytarze, ci\u0105gi komunikacyjne. Dzi\u0119ki zmniejszonej emisji LZO (lotnych zwi\u0105zk\u00f3w organicznych) mo\u017ce by\u0107 stosowana w\u00a0 miejscach \u201eszczeg\u00f3lnie wra\u017cliwych\u201d<\/p>\n","protected":false},"featured_media":22654,"comment_status":"open","ping_status":"closed","template":"","meta":{"_acf_changed":false,"inline_featured_image":false},"product_cat":[281],"product_tag":[2128,2343,2344],"class_list":{"0":"post-22626","1":"product","2":"type-product","3":"status-publish","4":"has-post-thumbnail","6":"product_cat-wylewki-posadzkowe","7":"product_tag-caparol","8":"product_tag-disbopox","9":"product_tag-zywica-epoksydowa","11":"first","12":"outofstock","13":"shipping-taxable","14":"purchasable","15":"product-type-simple"},"acf":[],"_links":{"self":[{"href":"https:\/\/e-adams.pl\/de\/wp-json\/wp\/v2\/product\/22626","targetHints":{"allow":["GET"]}}],"collection":[{"href":"https:\/\/e-adams.pl\/de\/wp-json\/wp\/v2\/product"}],"about":[{"href":"https:\/\/e-adams.pl\/de\/wp-json\/wp\/v2\/types\/product"}],"replies":[{"embeddable":true,"href":"https:\/\/e-adams.pl\/de\/wp-json\/wp\/v2\/comments?post=22626"}],"wp:featuredmedia":[{"embeddable":true,"href":"https:\/\/e-adams.pl\/de\/wp-json\/wp\/v2\/media\/22654"}],"wp:attachment":[{"href":"https:\/\/e-adams.pl\/de\/wp-json\/wp\/v2\/media?parent=22626"}],"wp:term":[{"taxonomy":"product_cat","embeddable":true,"href":"https:\/\/e-adams.pl\/de\/wp-json\/wp\/v2\/product_cat?post=22626"},{"taxonomy":"product_tag","embeddable":true,"href":"https:\/\/e-adams.pl\/de\/wp-json\/wp\/v2\/product_tag?post=22626"}],"curies":[{"name":"wp","href":"https:\/\/api.w.org\/{rel}","templated":true}]}}