{"id":22628,"date":"2023-11-16T13:37:18","date_gmt":"2023-11-16T12:37:18","guid":{"rendered":"https:\/\/e-adams.pl\/produkt\/sylitol-rapidgrund-111-10l\/"},"modified":"2024-02-15T11:49:29","modified_gmt":"2024-02-15T10:49:29","slug":"sylitol-rapidgrund-111-10l","status":"publish","type":"product","link":"https:\/\/e-adams.pl\/de\/produkt\/sylitol-rapidgrund-111-10l\/","title":{"rendered":"Grunt mineralny CAPAROL SYLITOL RapidGrund 111 10L"},"content":{"rendered":"<h3>OPIS:<\/h3>\n<p>Grunt mineralny <a href=\"https:\/\/e-adams.pl\/caparol\/\">CAPAROL<\/a> SYLITOL RapidGrund 111 idealnie nadaje si\u0119 do ekonomicznej aplikacji wa\u0142kiem. Transparentny \u015brodek do wyr\u00f3wnywania ch\u0142onno\u015bci oraz przyczepno\u015bci na mocno i nier\u00f3wnomiernie ch\u0142onnych na mocnych pod\u0142o\u017cach mineralnych. Zastosowanie SYLITOL RapidGrund 111 zmniejszy zu\u017cycie farb, a tak\u017ce wzmocni pod\u0142o\u017cy.<\/p>\n<p>Idealnie nadaje si\u0119 do aplikacji na porowate, ch\u0142onne pod\u0142o\u017ca t.j. tynki mineralne, stare pow\u0142oki silikatowe, mur z ceg\u0142y wapienno-piaskowej, gazobeton, kamienie naturalne, a tak\u017ce beton, beton lekki, zaprawa. Mo\u017ce by\u0107 stosowany do rozcie\u0144czania farb i tynk\u00f3w silikatowych.<\/p>\n<h3>W\u0142a\u015bciwo\u015bci<\/h3>\n<ul>\n<li>wzmacniaj\u0105cy, krzemionkuj\u0105cy grunt penetruj\u0105cy<\/li>\n<li>niekapi\u0105cy, nadaje si\u0119 do aplikacji wa\u0142kiem<\/li>\n<li>czysta i pewna aplikacja<\/li>\n<\/ul>\n<h3>DANE TECHNICZNE:<\/h3>\n<p>\u2022 Spoiwo: Szk\u0142o wodne potasowe z organicznymi stabilizatorami wed\u0142ug DIN 18 363 rozdz. 2.4.1.<br \/>\n\u2022 Wielko\u015b\u0107 opakowa\u0144: 2,5 l, 10 l<br \/>\n\u2022 Barwa: transparentna<br \/>\n\u2022 Sk\u0142adowanie: Przechowywa\u0107 w ch\u0142odnym, suchym miejscu. Chroni\u0107 przed mrozem. Trwa\u0142o\u015b\u0107 produktu zamkni\u0119tego fabrycznie \u2013 min. 12 miesi\u0119cy. Napocz\u0119te opakowania przechowywa\u0107 dobrze zamkni\u0119te. Sk\u0142adowa\u0107 tylko w pojemnikach z tworzywa sztucznego.<br \/>\n\u2022 G\u0119sto\u015b\u0107: ok. 1,1 g\/cm3<\/p>\n","protected":false},"excerpt":{"rendered":"<p>Grunt mineralny CAPAROL SYLITOL RapidGrund 111 idealnie nadaje si\u0119 do ekonomicznej aplikacji wa\u0142kiem. Transparentny \u015brodek do wyr\u00f3wnywania ch\u0142onno\u015bci oraz przyczepno\u015bci na mocno i nier\u00f3wnomiernie ch\u0142onnych na mocnych pod\u0142o\u017cach mineralnych. Zastosowanie SYLITOL RapidGrund 111 zmniejszy zu\u017cycie farb, a tak\u017ce wzmocni pod\u0142o\u017cy.<\/p>\n","protected":false},"featured_media":22686,"comment_status":"open","ping_status":"closed","template":"","meta":{"_acf_changed":false,"inline_featured_image":false},"product_cat":[1210],"product_tag":[2128,2368,2367],"class_list":{"0":"post-22628","1":"product","2":"type-product","3":"status-publish","4":"has-post-thumbnail","6":"product_cat-grunty-podklady","7":"product_tag-caparol","8":"product_tag-grunt-mineralny","9":"product_tag-sylitol","11":"first","12":"outofstock","13":"shipping-taxable","14":"purchasable","15":"product-type-simple"},"acf":[],"_links":{"self":[{"href":"https:\/\/e-adams.pl\/de\/wp-json\/wp\/v2\/product\/22628","targetHints":{"allow":["GET"]}}],"collection":[{"href":"https:\/\/e-adams.pl\/de\/wp-json\/wp\/v2\/product"}],"about":[{"href":"https:\/\/e-adams.pl\/de\/wp-json\/wp\/v2\/types\/product"}],"replies":[{"embeddable":true,"href":"https:\/\/e-adams.pl\/de\/wp-json\/wp\/v2\/comments?post=22628"}],"wp:featuredmedia":[{"embeddable":true,"href":"https:\/\/e-adams.pl\/de\/wp-json\/wp\/v2\/media\/22686"}],"wp:attachment":[{"href":"https:\/\/e-adams.pl\/de\/wp-json\/wp\/v2\/media?parent=22628"}],"wp:term":[{"taxonomy":"product_cat","embeddable":true,"href":"https:\/\/e-adams.pl\/de\/wp-json\/wp\/v2\/product_cat?post=22628"},{"taxonomy":"product_tag","embeddable":true,"href":"https:\/\/e-adams.pl\/de\/wp-json\/wp\/v2\/product_tag?post=22628"}],"curies":[{"name":"wp","href":"https:\/\/api.w.org\/{rel}","templated":true}]}}