{"id":22629,"date":"2023-11-16T13:37:19","date_gmt":"2023-11-16T12:37:19","guid":{"rendered":"https:\/\/e-adams.pl\/produkt\/sylitol-finish-130-b1-15l\/"},"modified":"2025-06-23T12:54:13","modified_gmt":"2025-06-23T10:54:13","slug":"farba-fasadowa-caparol-sylitol-finish-130-b1-15l","status":"publish","type":"product","link":"https:\/\/e-adams.pl\/de\/produkt\/farba-fasadowa-caparol-sylitol-finish-130-b1-15l\/","title":{"rendered":"Farba fasadowa CAPAROL SYLITOL FINISH 130 B1 15L"},"content":{"rendered":"<h3>OPIS:<\/h3>\n<p>Farba fasadowa <a href=\"https:\/\/e-adams.pl\/caparol\/\">CAPAROL<\/a> SYLITOL FINISH 130 B1 to gotowy do malowania produkt na bazie krzemian\u00f3w, w kt\u00f3rych funkcj\u0119 spoiwa pe\u0142ni szk\u0142o wodne potasowe z dodatkiem stabilizator\u00f3w organicznych. Farba tworzy pow\u0142oki odporne na warunki atmosferyczne, jest wysoce dyfuzyjna, posiada dobre w\u0142a\u015bciwo\u015bci kryj\u0105ce i wysoki stopie\u0144 bieli.<\/p>\n<p>Do barwienia stosowane s\u0105 pigmenty odporne na dzia\u0142anie \u015bwiat\u0142a. Farb\u0119 Sylitol Finish 130 mo\u017cna stosowa\u0107 do powlekania nie malowanych tynk\u00f3w mineralnych, zwartego, pozbawionego wykwit\u00f3w kamienia naturalnego, muru licowego z ceg\u0142y piaskowo-wapiennej oraz do renowacji starych, no\u015bnych pow\u0142ok z farb i tynk\u00f3w krzemianowych.<\/p>\n<p>Stosowana mo\u017ce by\u0107 tak\u017ce w obszarze konserwacji zabytk\u00f3w i renowacji starego budownictwa, jak i do wyr\u00f3wnywania (egalizacji) barwionych tynk\u00f3w mineralnych Sylitol\u00ae i Capatect u\u017cytych w systemach ocieple\u0144 ETICS.<\/p>\n<h3>W\u0141A\u015aCIWO\u015aCI:<\/h3>\n<p>\u2022 odporna na niekorzystne warunki atmosferyczne<br \/>\n\u2022 barwiona \u015bwiat\u0142otrwa\u0142ymi pigmentami<br \/>\n\u2022 hydrofobowa, wysoce dyfuzyjna, nie kreduj\u0105ca<br \/>\n\u2022 o niskich napr\u0119\u017ceniach wewn\u0119trznych<br \/>\n\u2022 doskonale kryj\u0105ca<br \/>\n\u2022 przepuszczalna dla CO<sub>2<\/sub><br \/>\n\u2022 dobrze przyczepna z pod\u0142o\u017cami mineralnymi poprzez podw\u00f3jne krzemionkowanie &#8211; zawiera kwarc<br \/>\n\u2022 odporna na dzia\u0142anie zasad<br \/>\n\u2022 \u0142atwa w nak\u0142adaniu<br \/>\n\u2022 Przyjazna dla \u015brodowiska<\/p>\n<p>DANE TECHNICZNE:<br \/>\nw\u0142asno\u015bci wg normy PN EN 1062:<\/p>\n<p>\u2022 Granulacja: &lt; 100 \u00b5m, S1<br \/>\n\u2022 G\u0119sto\u015b\u0107: ok. 1,5 g\/cm3<br \/>\n\u2022 Grubo\u015b\u0107 warstwy suchej: 100\u2013200 \u00b5m, E3<br \/>\n\u2022 Kategoria przepuszczalno\u015bci wody: (warto\u015b\u0107 -w): \u2264 0,1 (0,08) [kg\/(m2 \u00b7 h0,5)] (niska), W3<br \/>\n\u2022 Przenikanie pary wodnej (warto\u015b\u0107 &#8211; sd): (warto\u015b\u0107-sd): &lt; 0,14 (0,02) m (wysoka), V1<\/p>\n<p>Barwienie mo\u017ce nieznacznie zmienia\u0107 parametry techniczne.<\/p>\n","protected":false},"excerpt":{"rendered":"<p>Farba fasadowa CAPAROL SYLITOL FINISH 130 B1 to gotowy do malowania produkt na bazie krzemian\u00f3w, w kt\u00f3rych funkcj\u0119 spoiwa pe\u0142ni szk\u0142o wodne potasowe z dodatkiem stabilizator\u00f3w organicznych. Farba tworzy pow\u0142oki odporne na warunki atmosferyczne, jest wysoce dyfuzyjna, posiada dobre w\u0142a\u015bciwo\u015bci kryj\u0105ce i wysoki stopie\u0144 bieli.<\/p>\n","protected":false},"featured_media":22684,"comment_status":"open","ping_status":"closed","template":"","meta":{"_acf_changed":false,"inline_featured_image":false},"product_cat":[1228],"product_tag":[2128,2366,2367],"class_list":{"0":"post-22629","1":"product","2":"type-product","3":"status-publish","4":"has-post-thumbnail","6":"product_cat-farby-fasadowe-caparol","7":"product_tag-caparol","8":"product_tag-farba-fasadowa","9":"product_tag-sylitol","11":"first","12":"outofstock","13":"shipping-taxable","14":"product-type-simple"},"acf":[],"_links":{"self":[{"href":"https:\/\/e-adams.pl\/de\/wp-json\/wp\/v2\/product\/22629","targetHints":{"allow":["GET"]}}],"collection":[{"href":"https:\/\/e-adams.pl\/de\/wp-json\/wp\/v2\/product"}],"about":[{"href":"https:\/\/e-adams.pl\/de\/wp-json\/wp\/v2\/types\/product"}],"replies":[{"embeddable":true,"href":"https:\/\/e-adams.pl\/de\/wp-json\/wp\/v2\/comments?post=22629"}],"wp:featuredmedia":[{"embeddable":true,"href":"https:\/\/e-adams.pl\/de\/wp-json\/wp\/v2\/media\/22684"}],"wp:attachment":[{"href":"https:\/\/e-adams.pl\/de\/wp-json\/wp\/v2\/media?parent=22629"}],"wp:term":[{"taxonomy":"product_cat","embeddable":true,"href":"https:\/\/e-adams.pl\/de\/wp-json\/wp\/v2\/product_cat?post=22629"},{"taxonomy":"product_tag","embeddable":true,"href":"https:\/\/e-adams.pl\/de\/wp-json\/wp\/v2\/product_tag?post=22629"}],"curies":[{"name":"wp","href":"https:\/\/api.w.org\/{rel}","templated":true}]}}