{"id":22637,"date":"2023-11-16T13:37:25","date_gmt":"2023-11-16T12:37:25","guid":{"rendered":"https:\/\/e-adams.pl\/produkt\/farba-amphibolin-b1-10l\/"},"modified":"2025-06-23T12:52:40","modified_gmt":"2025-06-23T10:52:40","slug":"farba-uniwersalna-caparol-amphibolin-b1-10l","status":"publish","type":"product","link":"https:\/\/e-adams.pl\/de\/produkt\/farba-uniwersalna-caparol-amphibolin-b1-10l\/","title":{"rendered":"Farba uniwersalna CAPAROL AMPHIBOLIN B1 10L"},"content":{"rendered":"<h3>OPIS:<\/h3>\n<p>Farba uniwersalna <a href=\"https:\/\/e-adams.pl\/caparol\/\">CAPAROL<\/a> AMPHIBOLIN B1 to bezemisyjna i bezrozpuszczalnikowa farba do fasad i powierzchni wewn\u0119trznych o wszechstronnym zastosowaniu i wyj\u0105tkowo dobrej przyczepno\u015bci do prawie ka\u017cdego pod\u0142o\u017ca. Do wykonywania odpornych na warunki atmosferyczne pow\u0142ok zewn\u0119trznych na g\u0142adkich lub lekko chropowatych pod\u0142o\u017cach.<\/p>\n<p>Chroni przed agresywnymi zanieczyszczeniami zawartymi w atmosferze.<\/p>\n<p>Farba uniwersalna, przeznaczona do stosowania na mineralnych tynkach cementowo- wapiennych i cementowych, betonie, cegle wapienno-piaskowej, murze licowym z ceg\u0142y ceramicznej, no\u015bnych starych pow\u0142okach, powierzchniach ocynkowanych, twardym PCW, p\u0142ytach w\u0142\u00f3kno-cementowych i nie wymiarowych elementach drewnianych. Nie mo\u017ce by\u0107 stosowana na systemach ocieple\u0144.<\/p>\n<p>Wewn\u0105trz stosowana do wykonywania niezwykle wytrzyma\u0142ych, odpornych na szorowanie, zachowuj\u0105cych pierwotn\u0105 faktur\u0119 pow\u0142ok. Polecana szczeg\u00f3lnie do wykonywania, nara\u017conych na du\u017ce obci\u0105\u017cenia pow\u0142ok na tapetach z w\u0142\u00f3kna szklanego z systemu Capaver. Dzi\u0119ki wysokiemu wsp\u00f3\u0142czynnikowi odbijania \u015bwiat\u0142a nadaje si\u0119 znakomicie do niedo\u015bwietlonych korytarzy, klatek schodowych, magazyn\u00f3w, hal fabrycznych i gara\u017cy podziemnych.<\/p>\n<h3>W\u0142a\u015bciwo\u015bci<\/h3>\n<ul>\n<li>Bezemisyjna i bezrozpuszczalnikowa<\/li>\n<li>Nie zawiera sk\u0142adnik\u00f3w powoduj\u0105cych \u201efogging\u201d &#8211; \u201e\u0142apanie\u201d kurzu z powietrza<\/li>\n<li>Wodorozcie\u0144czalna, przyjazna dla \u015brodowiska, o s\u0142abym, neutralnym zapachu<\/li>\n<li>Odporna na praktycznie ka\u017cde warunki atmosferyczne<\/li>\n<li>Odporno\u015b\u0107 na szorowanie na mokro: Klasa 1 (&lt; 5 \u00b5m) wed\u0142ug PN EN 13\u00a0300<\/li>\n<li>Zdolno\u015b\u0107 krycia (wsp. kontrastu): Klasa 2 przy wydajno\u015bci 8 m<sup>2<\/sup>\/l tj. ok. 125 ml\/m<sup>2<\/sup><\/li>\n<li>Hydrofobowa, odporna na intensywne opady atmosferyczne wg. DIN 4108<\/li>\n<li>Wysoce przyczepna<\/li>\n<li>Nie \u017c\u00f3\u0142kn\u0105ca<\/li>\n<li>Odporna na zasady, nie zmydla si\u0119<\/li>\n<li>Tworzy cienk\u0105 warstw\u0119 zachowuj\u0105c faktur\u0119 malowanej powierzchni<\/li>\n<li>Odporna na wodne \u015brodki dezynfekcyjne oraz domowe \u015brodki czysto\u015bci.<\/li>\n<li>\u0141atwa w u\u017cyciu<\/li>\n<li>Zawiera fotokataliktycznie dzia\u0142aj\u0105ce pigmenty<\/li>\n<li>Spe\u0142nia wymagania w zakresie certyfikacji budynk\u00f3w wg. LEED\/BREEAM<\/li>\n<\/ul>\n<h3>DANE TECHNICZNE:<\/h3>\n<p>\u2022 Granulacja: drobna 100 \u00b5m, S1<br \/>\n\u2022 G\u0119sto\u015b\u0107: ok. 1,39 g\/cm3 dla B1<br \/>\n\u2022 Grubo\u015b\u0107 warstwy suchej: 50\u2013100 \u00b5m, E2<br \/>\n\u2022 Grubo\u015b\u0107 ekwiwalentnej warstwy powietrza r\u00f3wnowa\u017cna dyfuzji SdCO2: &gt; 50 m, C1<br \/>\n\u2022 Kategoria przepuszczalno\u015bci wody: (warto\u015b\u0107-w): \u2264 0,1 [kg\/(m2 \u00b7 h0,5)] (ma\u0142a),W3<br \/>\n\u2022 Przenikanie pary wodnej (warto\u015b\u0107 &#8211; sd): (warto\u015b\u0107-sd): \u2265 0,14 m\u2013\u2264 1,4 (\u015brednia), V2<\/p>\n<p>Barwienie mo\u017ce w nieznacznym stopniu zmienia\u0107 parametry techniczne farby.<\/p>\n","protected":false},"excerpt":{"rendered":"<p>Farba uniwersalna CAPAROL AMPHIBOLIN B1 to bezemisyjna i bezrozpuszczalnikowa farba do fasad i powierzchni wewn\u0119trznych o wszechstronnym zastosowaniu i wyj\u0105tkowo dobrej przyczepno\u015bci do prawie ka\u017cdego pod\u0142o\u017ca. Do wykonywania odpornych na warunki atmosferyczne pow\u0142ok zewn\u0119trznych na g\u0142adkich lub lekko chropowatych pod\u0142o\u017cach.<\/p>\n","protected":false},"featured_media":22682,"comment_status":"open","ping_status":"closed","template":"","meta":{"_acf_changed":false,"inline_featured_image":false},"product_cat":[1228],"product_tag":[2365,2128,2364],"class_list":{"0":"post-22637","1":"product","2":"type-product","3":"status-publish","4":"has-post-thumbnail","6":"product_cat-farby-fasadowe-caparol","7":"product_tag-amphibolin","8":"product_tag-caparol","9":"product_tag-farba-uniwersalna","11":"first","12":"instock","13":"shipping-taxable","14":"product-type-simple"},"acf":[],"_links":{"self":[{"href":"https:\/\/e-adams.pl\/de\/wp-json\/wp\/v2\/product\/22637","targetHints":{"allow":["GET"]}}],"collection":[{"href":"https:\/\/e-adams.pl\/de\/wp-json\/wp\/v2\/product"}],"about":[{"href":"https:\/\/e-adams.pl\/de\/wp-json\/wp\/v2\/types\/product"}],"replies":[{"embeddable":true,"href":"https:\/\/e-adams.pl\/de\/wp-json\/wp\/v2\/comments?post=22637"}],"wp:featuredmedia":[{"embeddable":true,"href":"https:\/\/e-adams.pl\/de\/wp-json\/wp\/v2\/media\/22682"}],"wp:attachment":[{"href":"https:\/\/e-adams.pl\/de\/wp-json\/wp\/v2\/media?parent=22637"}],"wp:term":[{"taxonomy":"product_cat","embeddable":true,"href":"https:\/\/e-adams.pl\/de\/wp-json\/wp\/v2\/product_cat?post=22637"},{"taxonomy":"product_tag","embeddable":true,"href":"https:\/\/e-adams.pl\/de\/wp-json\/wp\/v2\/product_tag?post=22637"}],"curies":[{"name":"wp","href":"https:\/\/api.w.org\/{rel}","templated":true}]}}