{"id":22638,"date":"2023-11-16T13:37:26","date_gmt":"2023-11-16T12:37:26","guid":{"rendered":"https:\/\/e-adams.pl\/produkt\/farba-samtex-3-b1-10l\/"},"modified":"2024-05-10T11:02:26","modified_gmt":"2024-05-10T09:02:26","slug":"farba-lateksowa-caparol-samtex-3-b1-10l","status":"publish","type":"product","link":"https:\/\/e-adams.pl\/de\/produkt\/farba-lateksowa-caparol-samtex-3-b1-10l\/","title":{"rendered":"Farba lateksowa CAPAROL SAMTEX 3 B1 10L"},"content":{"rendered":"<h3>OPIS:<\/h3>\n<p>Farba lateksowa <a href=\"https:\/\/e-adams.pl\/caparol\/\">CAPAROL<\/a> SAMTEX 3 B1 przeznaczona jest do wewn\u0119trznych wymalunk\u00f3w na powierzchniach \u015bcian i sufit\u00f3w. Nadaje si\u0119 do stosowania na g\u0142ad\u017a gipsow\u0105, gipsowe masy szpachlowe, tynki cementowo-wapienne i dyspersyjne, beton, ceg\u0142\u0119 klinkierow\u0105 i silikatow\u0105 oraz p\u0142yty karton-gips. Emulsj\u0105 mo\u017cna odnowi\u0107 stare pow\u0142oki farb dyspersyjnych, a tak\u017ce dobrze przyczepne tapety, np. z w\u0142\u00f3kna szklanego.<\/p>\n<p>Wyr\u00f3b ten posiada specjaln\u0105 mieszank\u0119 pigment\u00f3w, kt\u00f3ra sprawia, \u017ce jest on szczeg\u00f3lnie polecany do pomieszcze\u0144 silnie o\u015bwietlonych i na \u015bciany posiadaj\u0105ce drobne r\u00f3\u017cnice w pod\u0142o\u017cu.<\/p>\n<h3>DANE TECHNICZNE:<\/h3>\n<p>\u2022 Zastosowanie: Wewn\u0119trzne<br \/>\n\u2022 Pojemno\u015b\u0107: 10 L<br \/>\n\u2022 Kolorystyka: Bia\u0142y<br \/>\n\u2022 Zalecana liczba warstw: 1-2<br \/>\n\u2022 Czas schni\u0119cia: 2 h<br \/>\n\u2022 Wydajno\u015b\u0107: 90-190 ml\/m2<br \/>\n\u2022 Spos\u00f3b aplikacji: P\u0119dzel, wa\u0142ek, natrysk<br \/>\n\u2022 Kolor: Baza B1 Bia\u0142a<br \/>\n\u2022 Przeznaczenie: Do malowania wn\u0119trz na gipsowe g\u0142adzie i masy spzachlowe<br \/>\n\u2022 Rodzaj farby: Farba lateksowa<br \/>\n\u2022 Temperatura aplikacji: minimum +5\u00b0C<br \/>\n\u2022 Powierzchnia aplikacji: Sucha, no\u015bna, bez substancji zmniejszaj\u0105cych przyczepno\u015b\u0107<br \/>\n\u2022 Czas nak\u0142adania kolejnej warstwy: 2 h<br \/>\n\u2022 Rozcie\u0144czalnik: Woda<br \/>\n\u2022 Stosowa\u0107 z podk\u0142adem: Tak<br \/>\n\u2022 Typ bazy: Baza B1 &#8211; Farba bia\u0142a mo\u017ce by\u0107 u\u017cyta bez barwienia<\/p>\n","protected":false},"excerpt":{"rendered":"<p>Farba lateksowa CAPAROL SAMTEX 3 B1 przeznaczona jest do wewn\u0119trznych wymalunk\u00f3w na powierzchniach \u015bcian i sufit\u00f3w. Nadaje si\u0119 do stosowania na g\u0142ad\u017a gipsow\u0105, gipsowe masy szpachlowe, tynki cementowo-wapienne i dyspersyjne, beton, ceg\u0142\u0119 klinkierow\u0105 i silikatow\u0105 oraz p\u0142yty karton-gips. Emulsj\u0105 mo\u017cna odnowi\u0107 stare pow\u0142oki farb dyspersyjnych, a tak\u017ce dobrze przyczepne tapety, np. z w\u0142\u00f3kna szklanego.<\/p>\n","protected":false},"featured_media":22680,"comment_status":"open","ping_status":"closed","template":"","meta":{"_acf_changed":false,"inline_featured_image":false},"product_cat":[2331],"product_tag":[2128,2362,2363],"class_list":{"0":"post-22638","1":"product","2":"type-product","3":"status-publish","4":"has-post-thumbnail","6":"product_cat-farby-kolorowe-mieszalnikowe","7":"product_tag-caparol","8":"product_tag-farba-lateksowa","9":"product_tag-samtex","11":"first","12":"outofstock","13":"shipping-taxable","14":"purchasable","15":"product-type-simple"},"acf":[],"_links":{"self":[{"href":"https:\/\/e-adams.pl\/de\/wp-json\/wp\/v2\/product\/22638","targetHints":{"allow":["GET"]}}],"collection":[{"href":"https:\/\/e-adams.pl\/de\/wp-json\/wp\/v2\/product"}],"about":[{"href":"https:\/\/e-adams.pl\/de\/wp-json\/wp\/v2\/types\/product"}],"replies":[{"embeddable":true,"href":"https:\/\/e-adams.pl\/de\/wp-json\/wp\/v2\/comments?post=22638"}],"wp:featuredmedia":[{"embeddable":true,"href":"https:\/\/e-adams.pl\/de\/wp-json\/wp\/v2\/media\/22680"}],"wp:attachment":[{"href":"https:\/\/e-adams.pl\/de\/wp-json\/wp\/v2\/media?parent=22638"}],"wp:term":[{"taxonomy":"product_cat","embeddable":true,"href":"https:\/\/e-adams.pl\/de\/wp-json\/wp\/v2\/product_cat?post=22638"},{"taxonomy":"product_tag","embeddable":true,"href":"https:\/\/e-adams.pl\/de\/wp-json\/wp\/v2\/product_tag?post=22638"}],"curies":[{"name":"wp","href":"https:\/\/api.w.org\/{rel}","templated":true}]}}