{"id":22640,"date":"2023-11-16T13:37:27","date_gmt":"2023-11-16T12:37:27","guid":{"rendered":"https:\/\/e-adams.pl\/produkt\/putzgrund-610-baza-biala-8kg-grunt\/"},"modified":"2024-02-15T11:49:31","modified_gmt":"2024-02-15T10:49:31","slug":"grunt-do-tynkow-caparol-putzgrund-610-bialy-8kg","status":"publish","type":"product","link":"https:\/\/e-adams.pl\/de\/produkt\/grunt-do-tynkow-caparol-putzgrund-610-bialy-8kg\/","title":{"rendered":"Grunt do tynk\u00f3w CAPAROL PUTZGRUND 610 bia\u0142y 8kg"},"content":{"rendered":"<h3>OPIS:<\/h3>\n<p>Grunt do tynk\u00f3w <a href=\"https:\/\/e-adams.pl\/caparol\/\">CAPAROL<\/a> PUTZGRUND 610 jest zalecany do stosowania pod wszystkie tynki zewn\u0119trzne, strukturalne firmy Caparol, w celu zwi\u0119kszenia przyczepno\u015bci warstwy zewn\u0119trznej. Grunt pod tynk Caparol Putzgrunt 610 zabezpiecza tynk przed odpadaniem. Caparol Putzgrund 610 jest sprzedawany w kolorze bia\u0142ym z mo\u017cliwo\u015bci\u0105 zam\u00f3wienia za dop\u0142at\u0105, w wybranym kolorze.<\/p>\n<p>Wype\u0142niaj\u0105cy, dobrze kryj\u0105cy \u015brodek gruntuj\u0105cy, grunt pod tynk przeznaczony do wst\u0119pnego, szczeg\u00f3lnie zwi\u0119kszaj\u0105cego przyczepno\u015b\u0107 przygotowania pod\u0142o\u017ca. Do stosowania wewn\u0105trz i na zewn\u0105trz na no\u015bnych powierzchniach mineralnych. Szczeg\u00f3lnie jako \u015brodek do gruntowania i wykonywania zwi\u0119kszaj\u0105cych przyczepno\u015b\u0107 warstw pod tynki dyspersyjne, silikonowe, silikatowe, mozaikowe.<\/p>\n<h2>Kolor:<\/h2>\n<p>Bia\u0142y<\/p>\n<h2>Zu\u017cycie:<\/h2>\n<p>Na pod\u0142o\u017cach g\u0142adkich ok. 0,35 kg\/m2. Dok\u0142adne zu\u017cycie mo\u017cna ustali\u0107 wy\u0142\u0105cznie w praktyce na powierzchni pr\u00f3bnej.<\/p>\n<h2><strong>W\u0142a\u015bciwo\u015bci:<\/strong><\/h2>\n<ul>\n<li>niepalny w systemie BSO Capatect 100,<\/li>\n<li>zawiera piasek kwarcowy, dzi\u0119ki czemu u\u0142atwia p\u00f3\u017aniejsze nanoszenie tynk\u00f3w strukturalnych<\/li>\n<li>hydrofobowy,<\/li>\n<li>wzmacniaj\u0105cy powierzchni\u0119,<\/li>\n<li>zwi\u0119kszaj\u0105cy przyczepno\u015b\u0107,<\/li>\n<li>wyr\u00f3wnuj\u0105cy ch\u0142onno\u015b\u0107 pod\u0142o\u017ca,<\/li>\n<li>\u0142atwy w obr\u00f3bce,<\/li>\n<li>wodorozcie\u0144czalny,<\/li>\n<li>przyjazny dla \u015brodowiska<strong>\u2022 G\u0119sto\u015b\u0107: <\/strong>ok. 1,6 g\/cm3<br \/>\n<strong>\u2022 Rozcie\u0144czanie: <\/strong>Wy\u0142\u0105cznie wod\u0105.<br \/>\n<strong>\u2022 Minimalna temperatura u\u017cycia: <\/strong>+5\u00b0 C (otoczenia, pod\u0142o\u017ca i materia\u0142u).<\/li>\n<\/ul>\n","protected":false},"excerpt":{"rendered":"<p>Grunt do tynk\u00f3w CAPAROL PUTZGRUND 610 jest zalecany do stosowania pod wszystkie tynki zewn\u0119trzne, strukturalne firmy Caparol, w celu zwi\u0119kszenia przyczepno\u015bci warstwy zewn\u0119trznej. Grunt pod tynk Caparol Putzgrunt 610 zabezpiecza tynk przed odpadaniem. Caparol Putzgrund 610 jest sprzedawany w kolorze bia\u0142ym z mo\u017cliwo\u015bci\u0105 zam\u00f3wienia za dop\u0142at\u0105, w wybranym kolorze.<\/p>\n","protected":false},"featured_media":22676,"comment_status":"open","ping_status":"closed","template":"","meta":{"_acf_changed":false,"inline_featured_image":false},"product_cat":[1210],"product_tag":[2128,2360,2361],"class_list":{"0":"post-22640","1":"product","2":"type-product","3":"status-publish","4":"has-post-thumbnail","6":"product_cat-grunty-podklady","7":"product_tag-caparol","8":"product_tag-grunt-do-tynkow","9":"product_tag-putzgrund","11":"first","12":"outofstock","13":"shipping-taxable","14":"purchasable","15":"product-type-simple"},"acf":[],"_links":{"self":[{"href":"https:\/\/e-adams.pl\/de\/wp-json\/wp\/v2\/product\/22640","targetHints":{"allow":["GET"]}}],"collection":[{"href":"https:\/\/e-adams.pl\/de\/wp-json\/wp\/v2\/product"}],"about":[{"href":"https:\/\/e-adams.pl\/de\/wp-json\/wp\/v2\/types\/product"}],"replies":[{"embeddable":true,"href":"https:\/\/e-adams.pl\/de\/wp-json\/wp\/v2\/comments?post=22640"}],"wp:featuredmedia":[{"embeddable":true,"href":"https:\/\/e-adams.pl\/de\/wp-json\/wp\/v2\/media\/22676"}],"wp:attachment":[{"href":"https:\/\/e-adams.pl\/de\/wp-json\/wp\/v2\/media?parent=22640"}],"wp:term":[{"taxonomy":"product_cat","embeddable":true,"href":"https:\/\/e-adams.pl\/de\/wp-json\/wp\/v2\/product_cat?post=22640"},{"taxonomy":"product_tag","embeddable":true,"href":"https:\/\/e-adams.pl\/de\/wp-json\/wp\/v2\/product_tag?post=22640"}],"curies":[{"name":"wp","href":"https:\/\/api.w.org\/{rel}","templated":true}]}}