{"id":22642,"date":"2023-11-16T13:37:28","date_gmt":"2023-11-16T12:37:28","guid":{"rendered":"https:\/\/e-adams.pl\/produkt\/capatect-amphisilan-silikon-fassadenputz-k15-transparent-25kg\/"},"modified":"2025-06-23T12:55:22","modified_gmt":"2025-06-23T10:55:22","slug":"tynk-silikonowy-capatect-amphisilan-k15-transparentny-25kg","status":"publish","type":"product","link":"https:\/\/e-adams.pl\/de\/produkt\/tynk-silikonowy-capatect-amphisilan-k15-transparentny-25kg\/","title":{"rendered":"Tynk silikonowy CAPATECT AMPHISILAN K15 transparentny 25kg"},"content":{"rendered":"<h4>OPIS i ZASTOSOWANIE:<\/h4>\n<p>Tynk silikonowy CAPATECT AMPHISILAN K15 to nowoczesny i transparentny produkt, oparty jest na mieszance spoiw polimerowych oraz \u017cywi\u0107 syntetycznych. Nale\u017cy do cienkowarstwowych tynk\u00f3w dekoracyjnych i pozwalana na uzyskanie przer\u00f3\u017cnych faktur (w zale\u017cno\u015bci od wielko\u015bci oraz ilo\u015bci zastosowanego kruszywa).<\/p>\n<p>Tynk silikonowy nowej generacji, cienkowarstwowy, dekoracyjny, gotowy do u\u017cycia. Stosowany jako wyprawa tynkarska w systemach \/ na:<\/p>\n<ul>\n<li>w\u00a0systemie ocieplenia z p\u0142ytami styropianowymi\u00a0<strong>Capatect EPS<\/strong><\/li>\n<li>w\u00a0systemie ocieplenia z\u00a0we\u0142n\u0105 mineraln\u0105\u00a0<strong>Capatect MW<\/strong><\/li>\n<li>w programie renowacji tynk\u00f3w<\/li>\n<li>na betonie niepowlekanym,<\/li>\n<li>na tynkach podk\u0142adowych grupy PII i PIII wg DIN 18 550<\/li>\n<li>na matowych no\u015bnych powierzchniach malowanych farbami dyspersyjnymi<\/li>\n<li>na no\u015bnych pow\u0142okach silikatowych.<\/li>\n<\/ul>\n<p>Tynku AMPHISILAN K20 nie nale\u017cy stosowa\u0107 na powierzchniach z wykwitami solnymi, jak r\u00f3wnie\u017c na pod\u0142o\u017cach z tworzyw sztucznych lub drewna.<\/p>\n<h3>W\u0142a\u015bciwo\u015bci:<\/h3>\n<ul>\n<li style=\"list-style-type: none;\">\n<ul>\n<li>Klasyfikacja ogniowa w systemie Capatect EPS ; nierozprzestrzeniaj\u0105cy ognia\u00a0<strong>NRO<br \/>\n<\/strong><\/li>\n<li>Klasyfikacja ogniowa w systemie Capatect MW:\u00a0<strong>A2-s1, d0 ;<\/strong><\/li>\n<li>Odporny na niekorzystne warunki atmosferyczne, hydrofobowy wg DIN 18 550 ;<\/li>\n<li>Wysoce przepuszczalny dla pary wodnej ;<\/li>\n<li>Wodorozcie\u0144czalny ;<\/li>\n<li>Przyjazny dla \u015brodowiska, o s\u0142abym zapachu ;<\/li>\n<li>Odporny na du\u017ce obci\u0105\u017cenia mechaniczne ;<\/li>\n<li>Odporny na szorowanie i czyszczenie ;<\/li>\n<li>\u0141atwy w obr\u00f3bce ;<\/li>\n<li>Spoiwo: \u017cywica silikonowa ;<\/li>\n<li>Odpowiednio dobrana kombinacja \u015bwiat\u0142otrwa\u0142ych barwnik\u00f3w, wype\u0142niaczy i granulat\u00f3w ;<\/li>\n<li>O podwy\u017cszonej odporno\u015bci na dzia\u0142anie glon\u00f3w i grzyb\u00f3w ;<\/li>\n<li>Z formu\u0142\u0105 CCC &#8211; samoczyszcz\u0105cy, nowa generacja produkt\u00f3w o niespotykanej odporno\u015bci na zabrudzenia, wykorzystuj\u0105ca: nanotechnologi\u0119, fotokataliz\u0119, hydrofobowo\u015b\u0107 kapilarn\u0105.<\/li>\n<li>Spe\u0142nia wymagania w zakresie certyfikacji budynk\u00f3w wg. LEED\/BREEAM<\/li>\n<\/ul>\n<\/li>\n<\/ul>\n<h3>DANE TECHNICZNE:<\/h3>\n<p>\u2022 Stopie\u0144 po\u0142ysku: Matowy<br \/>\n\u2022 Sk\u0142adowanie: Przechowywa\u0107 w suchym, ch\u0142odnym miejscu w temp. powy\u017cej 0\u00b0C. Chroni\u0107 przed bezpo\u015brednim nas\u0142onecznieniem.<br \/>\n\u2022 Grubo\u015b\u0107 ekwiwalentnej warstwy powietrza r\u00f3wnowa\u017cna dyfuzji SdH2O: &gt;= 0,12 m, &lt; 0,3 m klasa V2 (\u015brednia) DIN EN ISO 7783-2.<br \/>\n\u2022 Wsp\u00f3\u0142czynnik nasi\u0105kliwo\u015bci wod\u0105: w &lt; 0,1 kg\/(m2 \u00b7 h0,5) wg EN 1062-3<br \/>\n\u2022 Konsystencja: pasta<br \/>\n\u2022 Zu\u017cycie: ok. 2,5-2,8kg\/m2 Podane warto\u015bci zu\u017cycia s\u0105 danymi orientacyjnymi, kt\u00f3re nie uwzgl\u0119dniaj\u0105 strat przy nak\u0142adaniu. Nale\u017cy uwzgl\u0119dni\u0107 tak\u017ce odchylenia uwarunkowane specyfik\u0105 obiektu i warunkami obr\u00f3bki.<br \/>\n\u2022 Waga: 25kg<\/p>\n","protected":false},"excerpt":{"rendered":"<p>Tynk silikonowy CAPATECT AMPHISILAN K15 to nowoczesny i transparentny produkt, oparty jest na mieszance spoiw polimerowych oraz \u017cywi\u0107 syntetycznych. Nale\u017cy do cienkowarstwowych tynk\u00f3w dekoracyjnych i pozwalana na uzyskanie przer\u00f3\u017cnych faktur (w zale\u017cno\u015bci od wielko\u015bci oraz ilo\u015bci zastosowanego kruszywa).<\/p>\n","protected":false},"featured_media":22668,"comment_status":"open","ping_status":"closed","template":"","meta":{"_acf_changed":false,"inline_featured_image":false},"product_cat":[2357],"product_tag":[2355,2356,2354],"class_list":{"0":"post-22642","1":"product","2":"type-product","3":"status-publish","4":"has-post-thumbnail","6":"product_cat-tynki-fasadowe-caparol","7":"product_tag-amphisilan","8":"product_tag-capatect","9":"product_tag-tynk-silikonowy","11":"first","12":"outofstock","13":"shipping-taxable","14":"product-type-simple"},"acf":[],"_links":{"self":[{"href":"https:\/\/e-adams.pl\/de\/wp-json\/wp\/v2\/product\/22642","targetHints":{"allow":["GET"]}}],"collection":[{"href":"https:\/\/e-adams.pl\/de\/wp-json\/wp\/v2\/product"}],"about":[{"href":"https:\/\/e-adams.pl\/de\/wp-json\/wp\/v2\/types\/product"}],"replies":[{"embeddable":true,"href":"https:\/\/e-adams.pl\/de\/wp-json\/wp\/v2\/comments?post=22642"}],"wp:featuredmedia":[{"embeddable":true,"href":"https:\/\/e-adams.pl\/de\/wp-json\/wp\/v2\/media\/22668"}],"wp:attachment":[{"href":"https:\/\/e-adams.pl\/de\/wp-json\/wp\/v2\/media?parent=22642"}],"wp:term":[{"taxonomy":"product_cat","embeddable":true,"href":"https:\/\/e-adams.pl\/de\/wp-json\/wp\/v2\/product_cat?post=22642"},{"taxonomy":"product_tag","embeddable":true,"href":"https:\/\/e-adams.pl\/de\/wp-json\/wp\/v2\/product_tag?post=22642"}],"curies":[{"name":"wp","href":"https:\/\/api.w.org\/{rel}","templated":true}]}}