{"id":22643,"date":"2023-11-16T13:37:29","date_gmt":"2023-11-16T12:37:29","guid":{"rendered":"https:\/\/e-adams.pl\/produkt\/capatect-amphisilan-silikon-fassadenputz-k20-transparent-25kg\/"},"modified":"2025-06-23T12:55:08","modified_gmt":"2025-06-23T10:55:08","slug":"tynk-silikonowy-caparol-capatect-amphisilan-k20-transparentny-25kg","status":"publish","type":"product","link":"https:\/\/e-adams.pl\/de\/produkt\/tynk-silikonowy-caparol-capatect-amphisilan-k20-transparentny-25kg\/","title":{"rendered":"Tynk silikonowy CAPAROL CAPATECT AMPHISILAN K20 transparentny 25kg"},"content":{"rendered":"<h3>OPIS i ZASTOSOWANIE:<\/h3>\n<p>Tynk silikonowy <a href=\"https:\/\/e-adams.pl\/caparol\/\">CAPAROL<\/a> CAPATECT AMPHISILAN K20 to nowoczesny i transparentny produkt, oparty jest na mieszance spoiw polimerowych oraz \u017cywi\u0107 syntetycznych. Nale\u017cy do cienkowarstwowych tynk\u00f3w dekoracyjnych i pozwalana na uzyskanie przer\u00f3\u017cnych faktur (w zale\u017cno\u015bci od wielko\u015bci oraz ilo\u015bci zastosowanego kruszywa).<\/p>\n<h3><span class=\"product--description\"><u>Cechy:<\/u><\/span><\/h3>\n<ul>\n<li><span class=\"product--description\">Wysoka przepuszczalno\u015b\u0107 pary wodnej<\/span><\/li>\n<li><span class=\"product--description\">Wodoodporne<\/span><\/li>\n<li><span class=\"product--description\">G\u0142adkie wykonanie<\/span><\/li>\n<li><span class=\"product--description\">Mo\u017cna rozcie\u0144cza\u0107 wod\u0105<\/span><\/li>\n<li><span class=\"product--description\">Zwi\u0119kszona ochrona przed inwazj\u0105 grzyb\u00f3w i glon\u00f3w<\/span><\/li>\n<li><span class=\"product--description\">Stopniowana, odporna na \u015bwiat\u0142o kombinacja pigmentu, wype\u0142niacza i granulatu<\/span><\/li>\n<\/ul>\n<p><span class=\"product--description\"><u><strong>Zabarwienie:<\/strong><\/u><\/span><\/p>\n<p><span class=\"product--description\">Bia\u0142y<\/span><\/p>\n<p><span class=\"product--description\">Istnieje mo\u017cliwo\u015b\u0107 kolorowania fabrycznego.\u00a0Nadaje si\u0119 do kolorowania maszynowego za pomoc\u0105 system\u00f3w dozuj\u0105cych ColorExpress.<\/span><\/p>\n<p><span class=\"product--description\">Inne odcienie specjalne o warto\u015bci referencyjnej \u015bwiat\u0142a &gt; 20 na zam\u00f3wienie.<br \/>\nJe\u017celi ze wzgl\u0119d\u00f3w projektowych po\u017c\u0105dane s\u0105 kolory o warto\u015bci referencyjnej \u015bwiat\u0142a &lt; 20, nale\u017cy je utworzy\u0107 poprzez dwukrotne pomalowanie farb\u0105 Muresko CoolProtect.<\/span><\/p>\n<p>Niewielkie ilo\u015bci mo\u017cna barwi\u0107 dodaj\u0105c barwniki sta\u0142e i barwi\u0105ce CaparolColor (dawniej Alpinacolor) lub Amphibolin kolory sta\u0142e i barwi\u0105ce.\u00a0Nie dodawa\u0107 wi\u0119cej ni\u017c 2% koloru, w przeciwnym razie konsystencja b\u0119dzie zbyt rzadka.<\/p>\n<p><span class=\"product--description\"><u><strong>Poziom po\u0142ysku:<\/strong><\/u><\/span><\/p>\n<p><span class=\"product--description\">Oszroniony<\/span><\/p>\n<p><span class=\"product--description\"><u><strong>Sk\u0142adowanie:<\/strong><\/u><\/span><\/p>\n<p><span class=\"product--description\">Ch\u0142odno, sucho i bez mrozu.<br \/>\nChroni\u0107 przed bezpo\u015brednim nas\u0142onecznieniem.<\/span><\/p>\n<p><span class=\"product--description\"><u><strong>G\u0119sto\u015b\u0107:<\/strong><\/u><\/span><\/p>\n<p><span class=\"product--description\">ok. 1,8 g\/cm3<\/span><\/p>\n<p><span class=\"product--description\"><u><strong>Dyfuzyjna r\u00f3wnowa\u017cna grubo\u015b\u0107 warstwy powietrza s\u00a0<sub>d<\/sub>\u00a0H\u00a0<sub>2<\/sub>\u00a0O:<\/strong><\/u><\/span><\/p>\n<p><span class=\"product--description\">&lt; 0,14 m zgodnie z DIN ISO 7783<br \/>\nKlasa V\u00a0<sub><span style=\"font-size: small;\">1<\/span><\/sub>\u00a0(wysoka) zgodnie z DIN EN 15824<\/span><\/p>\n<p><span class=\"product--description\"><u><strong>Wytrzyma\u0142o\u015b\u0107 kleju na rozci\u0105ganie:<\/strong><\/u><\/span><\/p>\n<p><span class=\"product--description\">\u2265 0,3 MPa zgodnie z DIN EN 15824<\/span><\/p>\n<p><span class=\"product--description\"><u><strong>Zachowanie podczas po\u017caru:<\/strong><\/u><\/span><\/p>\n<p><span class=\"product--description\">A2-s1, d0 zgodnie z DIN EN 13501-1 (niepalny)<\/span><\/p>\n<p><span class=\"product--description\"><u><strong>Konsystencja:<\/strong><\/u><\/span><\/p>\n<p><span class=\"product--description\">Pasztecik<\/span><\/p>\n<p><span class=\"product--description\"><u><strong>Baza wi\u0105\u017c\u0105ca:<\/strong><\/u><\/span><\/p>\n<p><span class=\"product--description\">\u017cywica silikonowa<\/span><\/p>\n<p><span class=\"product--description\"><u><strong>Przepuszczalno\u015b\u0107 wody (warto\u015b\u0107 w):<\/strong><\/u><\/span><\/p>\n<p><span class=\"product--description\">\u2264 0,1 kg\/(m\u00a0<sup>2<\/sup>\u00a0\u00b7h\u00a0<sup>0,5<\/sup>\u00a0) zgodnie z DIN EN 1062-3<br \/>\nKlasa W\u00a0<sub>3<\/sub>\u00a0(niska) zgodnie z DIN EN 15824<\/span><\/p>\n","protected":false},"excerpt":{"rendered":"<p>Tynk silikonowy CAPAROL CAPATECT AMPHISILAN K20 to nowoczesny i transparentny produkt, oparty jest na mieszance spoiw polimerowych oraz \u017cywi\u0107 syntetycznych. Nale\u017cy do cienkowarstwowych tynk\u00f3w dekoracyjnych i pozwalana na uzyskanie przer\u00f3\u017cnych faktur (w zale\u017cno\u015bci od wielko\u015bci oraz ilo\u015bci zastosowanego kruszywa).<\/p>\n","protected":false},"featured_media":22670,"comment_status":"open","ping_status":"closed","template":"","meta":{"_acf_changed":false,"inline_featured_image":false},"product_cat":[2357],"product_tag":[2355,2128,2354],"class_list":{"0":"post-22643","1":"product","2":"type-product","3":"status-publish","4":"has-post-thumbnail","6":"product_cat-tynki-fasadowe-caparol","7":"product_tag-amphisilan","8":"product_tag-caparol","9":"product_tag-tynk-silikonowy","11":"first","12":"outofstock","13":"shipping-taxable","14":"product-type-simple"},"acf":[],"_links":{"self":[{"href":"https:\/\/e-adams.pl\/de\/wp-json\/wp\/v2\/product\/22643","targetHints":{"allow":["GET"]}}],"collection":[{"href":"https:\/\/e-adams.pl\/de\/wp-json\/wp\/v2\/product"}],"about":[{"href":"https:\/\/e-adams.pl\/de\/wp-json\/wp\/v2\/types\/product"}],"replies":[{"embeddable":true,"href":"https:\/\/e-adams.pl\/de\/wp-json\/wp\/v2\/comments?post=22643"}],"wp:featuredmedia":[{"embeddable":true,"href":"https:\/\/e-adams.pl\/de\/wp-json\/wp\/v2\/media\/22670"}],"wp:attachment":[{"href":"https:\/\/e-adams.pl\/de\/wp-json\/wp\/v2\/media?parent=22643"}],"wp:term":[{"taxonomy":"product_cat","embeddable":true,"href":"https:\/\/e-adams.pl\/de\/wp-json\/wp\/v2\/product_cat?post=22643"},{"taxonomy":"product_tag","embeddable":true,"href":"https:\/\/e-adams.pl\/de\/wp-json\/wp\/v2\/product_tag?post=22643"}],"curies":[{"name":"wp","href":"https:\/\/api.w.org\/{rel}","templated":true}]}}