{"id":22644,"date":"2023-11-16T13:37:30","date_gmt":"2023-11-16T12:37:30","guid":{"rendered":"https:\/\/e-adams.pl\/produkt\/capagrund-universal-ec-25l\/"},"modified":"2024-05-10T11:02:36","modified_gmt":"2024-05-10T09:02:36","slug":"grunt-uniwersalny-caparol-capagrund-universal-ec-25l","status":"publish","type":"product","link":"https:\/\/e-adams.pl\/de\/produkt\/grunt-uniwersalny-caparol-capagrund-universal-ec-25l\/","title":{"rendered":"Grunt uniwersalny CAPAROL CAPAGRUND UNIVERSAL EC 2,5l"},"content":{"rendered":"<h3>OPIS:<\/h3>\n<p>Grunt uniwersalny <a href=\"https:\/\/e-adams.pl\/caparol\/\">CAPAROL<\/a> CAPAGRUND UNIVERSAL EC to specjalny \u015brodek gruntuj\u0105cy z dodatkiem bia\u0142ego pigmentu do wykonywania kryj\u0105cych podk\u0142ad\u00f3w pod farby dyspersyjne, silikonowe, dyspersyjno-silikatowe na mineralnych powierzchniach zewn\u0119trznych i wewn\u0119trznych oraz na starych warstwach tynk\u00f3w z \u017cywic syntetycznych.<\/p>\n<p>Dzi\u0119ki technologii SolSilan \u015brodek CapaGrund Universal posiada wyj\u0105tkowo dobr\u0105 hydrofobowo\u015b\u0107 a w przypadku barwnych pow\u0142ok farb nawierzchniowych na wierzchniej warstwie alkalicznych tynk\u00f3w grup PIc (wyprawa wapienna), PII (wyprawa wapienno-cementowa), PIII (wyprawa cementowa), jak r\u00f3wnie\u017c betonowych, zmniejsza ryzyko wyst\u0105pienia wykwit\u00f3w wapiennych.<\/p>\n<h3>W\u0141A\u015aCIWO\u015aCI:<\/h3>\n<p>\u2022 Gotowy do u\u017cycia<br \/>\n\u2022 Wodorozcie\u0144czalny, o specyficznym zapachu<br \/>\n\u2022 Zwi\u0119ksza przyczepno\u015b\u0107 kolejnych pow\u0142ok<br \/>\n\u2022 Krzemionkuj\u0105cy podk\u0142ad pod farby dyspersyjno-silikatowe<br \/>\n\u2022 Przenikanie pary wodnej: sd-H2O= 0,06m (du\u017ce)<br \/>\n\u2022 Przepuszczalno\u015b\u0107 wody: w=0,05[kg\/(m2 \u00b7 h0,5)] (niska)<\/p>\n","protected":false},"excerpt":{"rendered":"<p>Grunt uniwersalny CAPAROL CAPAGRUND UNIVERSAL EC to specjalny \u015brodek gruntuj\u0105cy z dodatkiem bia\u0142ego pigmentu do wykonywania kryj\u0105cych podk\u0142ad\u00f3w pod farby dyspersyjne, silikonowe, dyspersyjno-silikatowe na mineralnych powierzchniach zewn\u0119trznych i wewn\u0119trznych oraz na starych warstwach tynk\u00f3w z \u017cywic syntetycznych.<\/p>\n","protected":false},"featured_media":22657,"comment_status":"open","ping_status":"closed","template":"","meta":{"_acf_changed":false,"inline_featured_image":false},"product_cat":[1210],"product_tag":[2346,2128,2248],"class_list":{"0":"post-22644","1":"product","2":"type-product","3":"status-publish","4":"has-post-thumbnail","6":"product_cat-grunty-podklady","7":"product_tag-capagrund","8":"product_tag-caparol","9":"product_tag-grunt-uniwersalny","11":"first","12":"instock","13":"shipping-taxable","14":"purchasable","15":"product-type-simple"},"acf":[],"_links":{"self":[{"href":"https:\/\/e-adams.pl\/de\/wp-json\/wp\/v2\/product\/22644","targetHints":{"allow":["GET"]}}],"collection":[{"href":"https:\/\/e-adams.pl\/de\/wp-json\/wp\/v2\/product"}],"about":[{"href":"https:\/\/e-adams.pl\/de\/wp-json\/wp\/v2\/types\/product"}],"replies":[{"embeddable":true,"href":"https:\/\/e-adams.pl\/de\/wp-json\/wp\/v2\/comments?post=22644"}],"wp:featuredmedia":[{"embeddable":true,"href":"https:\/\/e-adams.pl\/de\/wp-json\/wp\/v2\/media\/22657"}],"wp:attachment":[{"href":"https:\/\/e-adams.pl\/de\/wp-json\/wp\/v2\/media?parent=22644"}],"wp:term":[{"taxonomy":"product_cat","embeddable":true,"href":"https:\/\/e-adams.pl\/de\/wp-json\/wp\/v2\/product_cat?post=22644"},{"taxonomy":"product_tag","embeddable":true,"href":"https:\/\/e-adams.pl\/de\/wp-json\/wp\/v2\/product_tag?post=22644"}],"curies":[{"name":"wp","href":"https:\/\/api.w.org\/{rel}","templated":true}]}}