{"id":22645,"date":"2023-11-16T13:37:30","date_gmt":"2023-11-16T12:37:30","guid":{"rendered":"https:\/\/e-adams.pl\/produkt\/ct-armareno-700-25-kg\/"},"modified":"2024-02-15T11:49:31","modified_gmt":"2024-02-15T10:49:31","slug":"zaprawa-klejowa-caparol-capatect-armareno-700-25kg","status":"publish","type":"product","link":"https:\/\/e-adams.pl\/de\/produkt\/zaprawa-klejowa-caparol-capatect-armareno-700-25kg\/","title":{"rendered":"Zaprawa klejowa CAPAROL CAPATECT ARMARENO 700 25kg"},"content":{"rendered":"<h3>OPIS:<\/h3>\n<p>Zaprawa klejowa <a href=\"https:\/\/e-adams.pl\/caparol\/\">CAPAROL<\/a> CAPATECT ARMARENO 700\u00a0 jest niezwykle ciekawym produktem elewacyjnym w gamie produkt\u00f3w Caparol-a i unikatowym na rynku. Mo\u017ce s\u0142u\u017cy\u0107 jako praktycznie wszystko na elewacji, mo\u017ce by\u0107: klejem do materia\u0142u izolacyjnego (EPS\/we\u0142ny), znakomitym klejem do zbrojenia siatki.<\/p>\n<p>Ale r\u00f3wnie\u017c mo\u017ce by\u0107 warstw\u0105 wierzchni\u0105 &#8222;na g\u0142adko&#8220; jednak tu uwaga, zastosowanie go jako tynku na g\u0142adko wymaga specyficznego uk\u0142adu warstw systemu, je\u017celi taka aplikacja Pa\u0144stwa interesuje &#8211; prosimy o kontakt w sprawie doradztwa technicznego, mo\u017ce by\u0107 imitacj\u0105 betonu (j.w prosimy o kontakt), mo\u017ce by\u0107 imitacj\u0105 ceg\u0142y na elewacji<\/p>\n<p>Uniwersalno\u015b\u0107 tej zaprawy powoduje, \u017ce nie mo\u017cemy zdecydowa\u0107 si\u0119 do jakiej kategorii go przypisa\u0107, wi\u0119c przypisujemy do &#8222;tynk\u00f3w na g\u0142adko&#8220;<\/p>\n<h3>DANE TECHNICZNE:<\/h3>\n<p>\u2022 Grubo\u015b\u0107 minimalna warstwy: 3 mm<br \/>\n\u2022 Kolor: bia\u0142y<br \/>\n\u2022 Seria produktu: 700<br \/>\n\u2022 Zapotrzebowanie minimalne wody zarobowej: ok. 5,0 l wody\/25 kg<br \/>\n\u2022 Zapotrzebowanie maksymalne wody zarobowej: ok. 6,0 l wody\/25 kg<br \/>\n\u2022 Marka produktu: CAPAROL<br \/>\n\u2022 Symbol producenta: 921516<br \/>\n\u2022 G\u0119sto\u015b\u0107: ok. 1,5 kg\/dm3<\/p>\n","protected":false},"excerpt":{"rendered":"<p>Zaprawa klejowa CAPAROL CAPATECT ARMARENO 700\u00a0 jest niezwykle ciekawym produktem elewacyjnym w gamie produkt\u00f3w Caparol-a i unikatowym na rynku. Mo\u017ce s\u0142u\u017cy\u0107 jako praktycznie wszystko na elewacji, mo\u017ce by\u0107: klejem do materia\u0142u izolacyjnego (EPS\/we\u0142ny), znakomitym klejem do zbrojenia siatki.<\/p>\n","protected":false},"featured_media":22674,"comment_status":"open","ping_status":"closed","template":"","meta":{"_acf_changed":false,"inline_featured_image":false},"product_cat":[1478],"product_tag":[2359,2128,964],"class_list":{"0":"post-22645","1":"product","2":"type-product","3":"status-publish","4":"has-post-thumbnail","6":"product_cat-kleje-do-systemow-docieplen","7":"product_tag-armareno","8":"product_tag-caparol","9":"product_tag-zaprawa-klejowa","11":"first","12":"outofstock","13":"shipping-taxable","14":"purchasable","15":"product-type-simple"},"acf":[],"_links":{"self":[{"href":"https:\/\/e-adams.pl\/de\/wp-json\/wp\/v2\/product\/22645","targetHints":{"allow":["GET"]}}],"collection":[{"href":"https:\/\/e-adams.pl\/de\/wp-json\/wp\/v2\/product"}],"about":[{"href":"https:\/\/e-adams.pl\/de\/wp-json\/wp\/v2\/types\/product"}],"replies":[{"embeddable":true,"href":"https:\/\/e-adams.pl\/de\/wp-json\/wp\/v2\/comments?post=22645"}],"wp:featuredmedia":[{"embeddable":true,"href":"https:\/\/e-adams.pl\/de\/wp-json\/wp\/v2\/media\/22674"}],"wp:attachment":[{"href":"https:\/\/e-adams.pl\/de\/wp-json\/wp\/v2\/media?parent=22645"}],"wp:term":[{"taxonomy":"product_cat","embeddable":true,"href":"https:\/\/e-adams.pl\/de\/wp-json\/wp\/v2\/product_cat?post=22645"},{"taxonomy":"product_tag","embeddable":true,"href":"https:\/\/e-adams.pl\/de\/wp-json\/wp\/v2\/product_tag?post=22645"}],"curies":[{"name":"wp","href":"https:\/\/api.w.org\/{rel}","templated":true}]}}