{"id":22647,"date":"2023-11-16T13:37:32","date_gmt":"2023-11-16T12:37:32","guid":{"rendered":"https:\/\/e-adams.pl\/produkt\/soton-putzgrund-610-baza-bezbarwny-25kg-grunt\/"},"modified":"2025-06-23T12:53:32","modified_gmt":"2025-06-23T10:53:32","slug":"grunt-transparentny-caparol-putzgrund-610-25kg","status":"publish","type":"product","link":"https:\/\/e-adams.pl\/de\/produkt\/grunt-transparentny-caparol-putzgrund-610-25kg\/","title":{"rendered":"Grunt transparentny CAPAROL PUTZGRUND 610 25kg"},"content":{"rendered":"<h3>OPIS:<\/h3>\n<p>Grunt transparentny <a href=\"https:\/\/e-adams.pl\/caparol\/\">CAPAROL<\/a> PUTZGRUND 610 powsta\u0142 na bazie wieloletnich do\u015bwiadcze\u0144 producenta, dlatego w jego sk\u0142ad wchodz\u0105 mi\u0119dzy innymi dyspersja \u017cywic akrylowych, di-tlenek tytanu, w\u0119glan wapnia, krzemiany, woda, dodatki uszlachetniaj\u0105ce oraz konserwanty. Ka\u017cdy budowlaniec doskonale zdaje sobie spraw\u0119, jak wa\u017cny jest grunt pod tynk przy pracach zewn\u0119trznych.<\/p>\n<p>Na szcz\u0119\u015bcie mo\u017cna zapewni\u0107 sobie perfekcyjne efekty, wybieraj\u0105c w\u0142a\u015bciwy produkt. Taki w\u0142a\u015bnie jest grunt elewacyjny marki Caparol.<\/p>\n<p>Szczeg\u00f3lnie jako \u015brodek do gruntowania i wykonywania zwi\u0119kszaj\u0105cych przyczepno\u015b\u0107 warstw pod tynki dyspersyjne, silikonowe, silikatowe, mozaikowe. Sk\u0142adnik system\u00f3w ocieple\u0144: Capatect KD System 600, Capatect SI Silikat, Capatect 100, Carbon A i B.<\/p>\n<p>Wewn\u0105trz jako nadaj\u0105ca faktur\u0119 warstwa gruntuj\u0105ca do technik laserunkowych materia\u0142ami Arte-Lasur i Deko Lasur a tak\u017ce podk\u0142ad pod Capadekor-Putz i Capadecor Calcino-Dekor.<\/p>\n<h3>W\u0142a\u015bciwo\u015bci<\/h3>\n<p>Odporny na dzia\u0142anie warunk\u00f3w atmosferycznych, hydrofobowy, dobrze kryj\u0105cy, zwi\u0119kszaj\u0105cy przyczepno\u015b\u0107, wodorozcie\u0144czalny, przyjazny dla \u015brodowiska o neutralnym zapachu, barwiony w systemie ColorExpress, zawiera piasek kwarcowy.<\/p>\n<h3>Spoiwo<\/h3>\n<p>Dyspersja tworzyw sztucznych wg DIN 55\u00a0945.<\/p>\n<h3>Barwa<\/h3>\n<p>Bia\u0142a.<\/p>\n<p>Putzgrund 610 mo\u017cna barwi\u0107 tak\u017ce w systemie barwienia maszynowego ColorExpress na w wszystkie kolory o wsp\u00f3\u0142czynniku jasno\u015bci &gt;70.\u00a0Aby unikn\u0105\u0107 ewentualnych b\u0142\u0119d\u00f3w barwienia, nale\u017cy sprawdzi\u0107 przed u\u017cyciem dok\u0142adno\u015b\u0107 koloru. Dopuszcza si\u0119 nieznaczne r\u00f3\u017cnice koloru mi\u0119dzy r\u00f3\u017cnymi partiami produkcyjnymi.<\/p>\n<h3>Sk\u0142adowanie<\/h3>\n<p>Przechowywa\u0107 w ch\u0142odnym miejscu w temp. powy\u017cej 0\u00b0C.<\/p>\n<h3>G\u0119sto\u015b\u0107<\/h3>\n<p>oko\u0142o\u00a01,6 g\/cm<sup>3<\/sup><\/p>\n","protected":false},"excerpt":{"rendered":"<p>Grunt transparentny CAPAROL PUTZGRUND 610 powsta\u0142 na bazie wieloletnich do\u015bwiadcze\u0144 producenta, dlatego w jego sk\u0142ad wchodz\u0105 mi\u0119dzy innymi dyspersja \u017cywic akrylowych, di-tlenek tytanu, w\u0119glan wapnia, krzemiany, woda, dodatki uszlachetniaj\u0105ce oraz konserwanty. Ka\u017cdy budowlaniec doskonale zdaje sobie spraw\u0119, jak wa\u017cny jest grunt pod tynk przy pracach zewn\u0119trznych.<\/p>\n","protected":false},"featured_media":22672,"comment_status":"open","ping_status":"closed","template":"","meta":{"_acf_changed":false,"inline_featured_image":false},"product_cat":[1210],"product_tag":[2128,2358],"class_list":{"0":"post-22647","1":"product","2":"type-product","3":"status-publish","4":"has-post-thumbnail","6":"product_cat-grunty-podklady","7":"product_tag-caparol","8":"product_tag-grunt-transparentny","10":"first","11":"outofstock","12":"shipping-taxable","13":"product-type-simple"},"acf":[],"_links":{"self":[{"href":"https:\/\/e-adams.pl\/de\/wp-json\/wp\/v2\/product\/22647","targetHints":{"allow":["GET"]}}],"collection":[{"href":"https:\/\/e-adams.pl\/de\/wp-json\/wp\/v2\/product"}],"about":[{"href":"https:\/\/e-adams.pl\/de\/wp-json\/wp\/v2\/types\/product"}],"replies":[{"embeddable":true,"href":"https:\/\/e-adams.pl\/de\/wp-json\/wp\/v2\/comments?post=22647"}],"wp:featuredmedia":[{"embeddable":true,"href":"https:\/\/e-adams.pl\/de\/wp-json\/wp\/v2\/media\/22672"}],"wp:attachment":[{"href":"https:\/\/e-adams.pl\/de\/wp-json\/wp\/v2\/media?parent=22647"}],"wp:term":[{"taxonomy":"product_cat","embeddable":true,"href":"https:\/\/e-adams.pl\/de\/wp-json\/wp\/v2\/product_cat?post=22647"},{"taxonomy":"product_tag","embeddable":true,"href":"https:\/\/e-adams.pl\/de\/wp-json\/wp\/v2\/product_tag?post=22647"}],"curies":[{"name":"wp","href":"https:\/\/api.w.org\/{rel}","templated":true}]}}