{"id":22648,"date":"2023-11-16T13:37:33","date_gmt":"2023-11-16T12:37:33","guid":{"rendered":"https:\/\/e-adams.pl\/produkt\/farba-silikonowa-muresko-b1-15l\/"},"modified":"2025-06-23T12:52:50","modified_gmt":"2025-06-23T10:52:50","slug":"farba-silikonowa-caparol-muresko-b1-15l","status":"publish","type":"product","link":"https:\/\/e-adams.pl\/de\/produkt\/farba-silikonowa-caparol-muresko-b1-15l\/","title":{"rendered":"Farba silikonowa CAPAROL MURESKO B1 15L"},"content":{"rendered":"<h3>OPIS:<\/h3>\n<p>Farba silikonowa <a href=\"https:\/\/e-adams.pl\/caparol\/\">CAPAROL<\/a> MURESKO B1 do wykonywania wysokiej jako\u015bci pow\u0142ok elewacyjnych na pod\u0142o\u017cach g\u0142adkich lub fakturowanych. Specjalne spoiwo typu SilaCryl\u00ae umo\u017cliwia osi\u0105gni\u0119cie takich parametr\u00f3w pow\u0142oki malarskiej, kt\u00f3re zagwarantuj\u0105 wysoki poziom ochrony przed wilgoci\u0105 oraz bardzo dobr\u0105 dyfuzyjno\u015b\u0107 dla pary wodnej i CO2.<\/p>\n<p>Specjalne spoiwo typu SilaCryl\u00ae gwarantuje tak\u017ce szerokie mo\u017cliwo\u015bci barwienia, odporno\u015b\u0107 na wp\u0142ywy atmosferyczne, stabilno\u015b\u0107 na procesy kredowania pow\u0142ok oraz przyczepno\u015b\u0107 tak\u0105 jak pow\u0142ok na bazie czystych akrylan\u00f3w.<\/p>\n<p>Zastosowanie Na tynkach szorstkich Muresko zale\u017cnie od stopnia rozcie\u0144czenia tworzy pow\u0142oki eksponuj\u0105ce lub egalizuj\u0105ce faktur\u0119 pod\u0142o\u017cy. Jest tak\u017ce specjalnie przygotowana jako pow\u0142oka renowacyjna na specjalistyczne pow\u0142oki na prefabrykatach z betonu kom\u00f3rkowego.<\/p>\n<h3>W\u0141A\u015aCIWO\u015aCI:<\/h3>\n<p>\u2022 wodorozcie\u0144czalna, ekologiczna, o s\u0142abym neutralnym zapachu<br \/>\n\u2022 odporna na warunki atmosferyczne<br \/>\n\u2022 hydrofobowa<br \/>\n\u2022 odporna na zasady, nie zmydla si\u0119<br \/>\n\u2022 \u0142atwa w nak\u0142adaniu<br \/>\n\u2022 doskonale pokrywa kraw\u0119dzie i wypuk\u0142o\u015bci.<br \/>\n\u2022 zawiera dodatki przeciwko rozwojowi alg, ple\u015bni i grzyb\u00f3w<\/p>\n<p>Barwienie mo\u017ce w nieznacznym stopniu zmieni\u0107 parametry techniczne.<\/p>\n","protected":false},"excerpt":{"rendered":"<h3>OPIS:<\/h3>\n<p>Farba silikonowa CAPAROL MURESKO B1 do wykonywania wysokiej jako\u015bci pow\u0142ok elewacyjnych na pod\u0142o\u017cach g\u0142adkich lub fakturowanych. Specjalne spoiwo typu SilaCryl\u00ae umo\u017cliwia osi\u0105gni\u0119cie takich parametr\u00f3w pow\u0142oki malarskiej, kt\u00f3re zagwarantuj\u0105 wysoki poziom ochrony przed wilgoci\u0105 oraz bardzo dobr\u0105 dyfuzyjno\u015b\u0107 dla pary wodnej i CO2.<\/p>\n","protected":false},"featured_media":22662,"comment_status":"open","ping_status":"closed","template":"","meta":{"_acf_changed":false,"inline_featured_image":false},"product_cat":[1228],"product_tag":[2128,2351,2352],"class_list":{"0":"post-22648","1":"product","2":"type-product","3":"status-publish","4":"has-post-thumbnail","6":"product_cat-farby-fasadowe-caparol","7":"product_tag-caparol","8":"product_tag-farba-silikonowa","9":"product_tag-muresko","11":"first","12":"outofstock","13":"shipping-taxable","14":"product-type-simple"},"acf":[],"_links":{"self":[{"href":"https:\/\/e-adams.pl\/de\/wp-json\/wp\/v2\/product\/22648","targetHints":{"allow":["GET"]}}],"collection":[{"href":"https:\/\/e-adams.pl\/de\/wp-json\/wp\/v2\/product"}],"about":[{"href":"https:\/\/e-adams.pl\/de\/wp-json\/wp\/v2\/types\/product"}],"replies":[{"embeddable":true,"href":"https:\/\/e-adams.pl\/de\/wp-json\/wp\/v2\/comments?post=22648"}],"wp:featuredmedia":[{"embeddable":true,"href":"https:\/\/e-adams.pl\/de\/wp-json\/wp\/v2\/media\/22662"}],"wp:attachment":[{"href":"https:\/\/e-adams.pl\/de\/wp-json\/wp\/v2\/media?parent=22648"}],"wp:term":[{"taxonomy":"product_cat","embeddable":true,"href":"https:\/\/e-adams.pl\/de\/wp-json\/wp\/v2\/product_cat?post=22648"},{"taxonomy":"product_tag","embeddable":true,"href":"https:\/\/e-adams.pl\/de\/wp-json\/wp\/v2\/product_tag?post=22648"}],"curies":[{"name":"wp","href":"https:\/\/api.w.org\/{rel}","templated":true}]}}