{"id":22692,"date":"2023-11-20T09:31:37","date_gmt":"2023-11-20T08:31:37","guid":{"rendered":"https:\/\/e-adams.pl\/produkt\/atlas-tynk-maszynowy-cementowo-wapienny-lekki-30-k\/"},"modified":"2024-02-15T11:48:54","modified_gmt":"2024-02-15T10:48:54","slug":"atlas-tynk-maszynowy-cementowo-wapienny-lekki-30-k","status":"publish","type":"product","link":"https:\/\/e-adams.pl\/de\/produkt\/atlas-tynk-maszynowy-cementowo-wapienny-lekki-30-k\/","title":{"rendered":"Tynk maszynowy lekki ATLAS 30 kg"},"content":{"rendered":"<h3>OPIS:<\/h3>\n<p>Tynk maszynowy lekki ATLAS jest przeznaczony do r\u0119cznego lub maszynowego tynkowania betonu kom\u00f3rkowego wewn\u0105trz budynk\u00f3w. Idealnie sprawdza si\u0119 do tynkowania w pomieszczeniach o normalnej wilgotno\u015bci powietrza, jak r\u00f3wnie\u017c w kuchniach i \u0142azienkach. Tworzy tynk kat III \u2013 mo\u017ce by\u0107 stosowany jako tynk tradycyjny dwuwarstwowy.<\/p>\n<p>Posiada zwi\u0119kszon\u0105 wydajno\u015b\u0107 \u2013 dzi\u0119ki specjalnie opracowanej recepturze zapewnia wydajno\u015b\u0107 o ok. 50 % wi\u0119ksz\u0105 ni\u017c tradycyjne tynki cementowe. Pozwala na zwi\u0119kszenie odleg\u0142o\u015bci mi\u0119dzy dylatacjami pionowymi\u00a0 w por\u00f3wnaniu z tynkami, w kt\u00f3rych jedynym spoiwem jest cement.<\/p>\n<h3>DANE TECHNICZNE:<\/h3>\n<p>Opakowanie:\u00a0Worek 30 kg<br \/>\nZalety produktu:\u00a0Wysoka wydajno\u015b\u0107 \u2013 od 14 kg\/m2\/cm<br \/>\nTemperatura stosowania:\u00a0od + 5 \u00b0C do + 30 \u00b0C<br \/>\nW\u0142a\u015bciwo\u015bci:\u00a0Tynk lekki \u2013 zawiera perlit<br \/>\nKod EAN:\u00a05905400490039<\/p>\n<p><strong>Zu\u017cycie:<\/strong><br \/>\n\u015arednio zu\u017cywa si\u0119 14 kg na 1 m\u00b2 powierzchni, przy grubo\u015bci warstwy 10 mm. Z 1 tony suchej mieszanki otrzymujemy 800 litr\u00f3w zaprawy.<\/p>\n","protected":false},"excerpt":{"rendered":"<p>Tynk maszynowy lekki ATLAS jest przeznaczony do r\u0119cznego lub maszynowego tynkowania betonu kom\u00f3rkowego wewn\u0105trz budynk\u00f3w. Idealnie sprawdza si\u0119 do tynkowania w pomieszczeniach o normalnej wilgotno\u015bci powietrza, jak r\u00f3wnie\u017c w kuchniach i \u0142azienkach. Tworzy tynk kat III \u2013 mo\u017ce by\u0107 stosowany jako tynk tradycyjny dwuwarstwowy.<\/p>\n","protected":false},"featured_media":22801,"comment_status":"open","ping_status":"closed","template":"","meta":{"_acf_changed":false,"inline_featured_image":false},"product_cat":[101],"product_tag":[265,979],"class_list":{"0":"post-22692","1":"product","2":"type-product","3":"status-publish","4":"has-post-thumbnail","6":"product_cat-bramy-okna-ogrodzenia","7":"product_tag-atlas","8":"product_tag-tynk-maszynowy","10":"first","11":"outofstock","12":"shipping-taxable","13":"purchasable","14":"product-type-simple"},"acf":[],"_links":{"self":[{"href":"https:\/\/e-adams.pl\/de\/wp-json\/wp\/v2\/product\/22692","targetHints":{"allow":["GET"]}}],"collection":[{"href":"https:\/\/e-adams.pl\/de\/wp-json\/wp\/v2\/product"}],"about":[{"href":"https:\/\/e-adams.pl\/de\/wp-json\/wp\/v2\/types\/product"}],"replies":[{"embeddable":true,"href":"https:\/\/e-adams.pl\/de\/wp-json\/wp\/v2\/comments?post=22692"}],"wp:featuredmedia":[{"embeddable":true,"href":"https:\/\/e-adams.pl\/de\/wp-json\/wp\/v2\/media\/22801"}],"wp:attachment":[{"href":"https:\/\/e-adams.pl\/de\/wp-json\/wp\/v2\/media?parent=22692"}],"wp:term":[{"taxonomy":"product_cat","embeddable":true,"href":"https:\/\/e-adams.pl\/de\/wp-json\/wp\/v2\/product_cat?post=22692"},{"taxonomy":"product_tag","embeddable":true,"href":"https:\/\/e-adams.pl\/de\/wp-json\/wp\/v2\/product_tag?post=22692"}],"curies":[{"name":"wp","href":"https:\/\/api.w.org\/{rel}","templated":true}]}}