{"id":22693,"date":"2023-11-20T09:31:38","date_gmt":"2023-11-20T08:31:38","guid":{"rendered":"https:\/\/e-adams.pl\/produkt\/atlas-klej-plus-express-25kg-szybkowiazacy\/"},"modified":"2024-02-15T11:48:54","modified_gmt":"2024-02-15T10:48:54","slug":"klej-szybkowiazacy-atlas-plus-express-25kg","status":"publish","type":"product","link":"https:\/\/e-adams.pl\/de\/produkt\/klej-szybkowiazacy-atlas-plus-express-25kg\/","title":{"rendered":"Klej szybkowi\u0105\u017c\u0105cy ATLAS PLUS EXPRESS 25KG"},"content":{"rendered":"<h3>OPIS:<\/h3>\n<p>Klej szybkowi\u0105\u017c\u0105cy ATLAS PLUS EXPRESS to odkszta\u0142calny klej do p\u0142ytek klasy C2FTE, zalecany do ok\u0142adzin wykonywanych w trakcie kr\u00f3tkoterminowych remont\u00f3w wewn\u0105trz i na zewn\u0105trz budynk\u00f3w. Dzi\u0119ki wysokiej zawarto\u015bci redyspergowalnych \u017cywic polimerowych, klej cementowy uzyskuje unikalne w\u0142a\u015bciwo\u015bci, czyni\u0105ce go produktem o najwy\u017cszych parametrach technicznych i eksploatacyjnych, gwarantuj\u0105c trwa\u0142o\u015b\u0107 przez d\u0142ugie lata.<\/p>\n<p>Obecno\u015b\u0107 polimer\u00f3w zapewnia uzyskanie wysokiej przyczepno\u015bci ka\u017cdej ok\u0142adziny do ka\u017cdego pod\u0142o\u017ca, tak\u017ce do tzw. pod\u0142o\u017cy trudnych i krytycznych.<\/p>\n<p>Dzi\u0119ki przeplataniu si\u0119 sieci polimerowej z sieci\u0105 nieorganicznych wi\u0105za\u0144 hydratacyjnych cementu, klej uzyskuje wyj\u0105tkowe parametry. Zastosowanie cementu szybkosprawnego umo\u017cliwia uzyskanie bardzo szybkich przyrost\u00f3w przyczepno\u015bci i wytrzyma\u0142o\u015bci w czasie nie d\u0142u\u017cszym ni\u017c 6 godzin od przyklejenia p\u0142ytek.<\/p>\n<h3>DANE TECHNICZNE:<\/h3>\n<p>\u2022 Mrozoodporno\u015b\u0107: Tak<br \/>\n\u2022 Przeznaczenie: \u015aciana, Pod\u0142ogi<br \/>\n\u2022 Opakowanie: Worek<br \/>\n\u2022 Grubo\u015b\u0107 warstwy: 2-5 mm<br \/>\n\u2022 Elastyczny: Tak<br \/>\n\u2022 Temperatura aplikacji: od +5 \u00b0C do +25 \u00b0C<br \/>\n\u2022 Rodzaj Kleju: C2FTE S1<br \/>\n\u2022 Powierzchnia aplikacji: Wymagaj\u0105ce Pod\u0142o\u017ca \/ Ogrzewanie Pod\u0142ogowe \/ P\u0142yty OSB<br \/>\n\u2022 Czas do pe\u0142nego utwardzenia: 4h<br \/>\n\u2022 Czas wi\u0105zania: 1h<br \/>\n\u2022 Proporcje mieszania (woda\/sucha mieszanka): 0,21 \u00f7 0,23 l \/ 1 kg<br \/>\n\u2022 Czas otwarty pracy: 30 min<\/p>\n","protected":false},"excerpt":{"rendered":"<p>Klej szybkowi\u0105\u017c\u0105cy ATLAS PLUS EXPRESS to odkszta\u0142calny klej do p\u0142ytek klasy C2FTE, zalecany do ok\u0142adzin wykonywanych w trakcie kr\u00f3tkoterminowych remont\u00f3w wewn\u0105trz i na zewn\u0105trz budynk\u00f3w. Dzi\u0119ki wysokiej zawarto\u015bci redyspergowalnych \u017cywic polimerowych, klej cementowy uzyskuje unikalne w\u0142a\u015bciwo\u015bci, czyni\u0105ce go produktem o najwy\u017cszych parametrach technicznych i eksploatacyjnych, gwarantuj\u0105c trwa\u0142o\u015b\u0107 przez d\u0142ugie lata.<\/p>\n","protected":false},"featured_media":22784,"comment_status":"open","ping_status":"closed","template":"","meta":{"_acf_changed":false,"inline_featured_image":false},"product_cat":[982],"product_tag":[265,2390],"class_list":{"0":"post-22693","1":"product","2":"type-product","3":"status-publish","4":"has-post-thumbnail","6":"product_cat-kleje-do-plytek","7":"product_tag-atlas","8":"product_tag-klej-szybkowiazacy","10":"first","11":"outofstock","12":"shipping-taxable","13":"purchasable","14":"product-type-simple"},"acf":[],"_links":{"self":[{"href":"https:\/\/e-adams.pl\/de\/wp-json\/wp\/v2\/product\/22693","targetHints":{"allow":["GET"]}}],"collection":[{"href":"https:\/\/e-adams.pl\/de\/wp-json\/wp\/v2\/product"}],"about":[{"href":"https:\/\/e-adams.pl\/de\/wp-json\/wp\/v2\/types\/product"}],"replies":[{"embeddable":true,"href":"https:\/\/e-adams.pl\/de\/wp-json\/wp\/v2\/comments?post=22693"}],"wp:featuredmedia":[{"embeddable":true,"href":"https:\/\/e-adams.pl\/de\/wp-json\/wp\/v2\/media\/22784"}],"wp:attachment":[{"href":"https:\/\/e-adams.pl\/de\/wp-json\/wp\/v2\/media?parent=22693"}],"wp:term":[{"taxonomy":"product_cat","embeddable":true,"href":"https:\/\/e-adams.pl\/de\/wp-json\/wp\/v2\/product_cat?post=22693"},{"taxonomy":"product_tag","embeddable":true,"href":"https:\/\/e-adams.pl\/de\/wp-json\/wp\/v2\/product_tag?post=22693"}],"curies":[{"name":"wp","href":"https:\/\/api.w.org\/{rel}","templated":true}]}}