{"id":22694,"date":"2023-11-20T09:31:39","date_gmt":"2023-11-20T08:31:39","guid":{"rendered":"https:\/\/e-adams.pl\/produkt\/atlas-rekord-biala-cementowa-zaprawa-szpach-25kg\/"},"modified":"2024-02-15T11:48:57","modified_gmt":"2024-02-15T10:48:57","slug":"zaprawa-cementowa-szpachlowa-biala-atlas-rekord-25kg","status":"publish","type":"product","link":"https:\/\/e-adams.pl\/de\/produkt\/zaprawa-cementowa-szpachlowa-biala-atlas-rekord-25kg\/","title":{"rendered":"Zaprawa cementowa szpachlowa bia\u0142a ATLAS REKORD 25kg"},"content":{"rendered":"<h3>OPIS:<\/h3>\n<p>Zaprawa cementowa szpachlowa bia\u0142a ATLAS REKORD jest zapraw\u0105 na bazie bia\u0142ego cementu s\u0142u\u017c\u0105ce do szpachlowania \u015bcian i sufit\u00f3w pokrytych typowymi pod\u0142o\u017cami mineralnymi. Jest ona wzmocniona mikrow\u0142\u00f3knami, co sprawia, \u017ce jest odporna na mikrop\u0119kni\u0119cia i zawiera bardzo drobne kruszywo, dzi\u0119ki czemu wyg\u0142adza powierzchnie \u015bcian i umo\u017cliwia wyg\u0142adzanie tynk\u00f3w cienkowarstwowych.<\/p>\n<p>Atlas\u00a0REKORD\u00a0jest hydrofobowy,\u00a0poprawia jako\u015b\u0107 zniszczonych tynk\u00f3w cementowo-wapiennych i cementowych oraz pod\u0142o\u017cy betonowych i stanowi wyg\u0142adzaj\u0105c\u0105 warstw\u0119 dla nowych tynk\u00f3w.<\/p>\n<h3>DANE TECHNICZNE:<\/h3>\n<p>\u2022 Waga: 25 kg<br \/>\n\u2022 Zastosowanie: Rodzaje pod\u0142o\u017cy \u2013 tynk cementowy i cementowo-wapienny, beton.<br \/>\n\u2022 \u015arednie zu\u017cycie: 1,5 kg na 1 m2<br \/>\n\u2022 W\u0142a\u015bciwo\u015bci: Zawiera \u015brodki hydrofobowe<br \/>\n\u2022 Zalety produktu: Jest odporny na mikrop\u0119kni\u0119cia<br \/>\n\u2022 Informacje dodatkowe: Kolor bia\u0142y<br \/>\n\u2022 Grubo\u015b\u0107: 1-10 mm<br \/>\n\u2022 Opakowanie: Worek<br \/>\n\u2022 Temperatura stosowania: Od + 5 \u00b0C do + 25 \u00b0C<br \/>\n\u2022 Kod EAN: 5905400270259<\/p>\n<p>ZU\u017bYCIE:<br \/>\n\u015arednio zu\u017cywa si\u0119 1,5 kg zaprawy na 1 m2 powierzchni, przy grubo\u015bci warstwy 1 mm.<\/p>\n","protected":false},"excerpt":{"rendered":"<p>Zaprawa cementowa szpachlowa bia\u0142a ATLAS REKORD jest zapraw\u0105 na bazie bia\u0142ego cementu s\u0142u\u017c\u0105ce do szpachlowania \u015bcian i sufit\u00f3w pokrytych typowymi pod\u0142o\u017cami mineralnymi. Jest ona wzmocniona mikrow\u0142\u00f3knami, co sprawia, \u017ce jest odporna na mikrop\u0119kni\u0119cia i zawiera bardzo drobne kruszywo, dzi\u0119ki czemu wyg\u0142adza powierzchnie \u015bcian i umo\u017cliwia wyg\u0142adzanie tynk\u00f3w cienkowarstwowych.<\/p>\n","protected":false},"featured_media":22797,"comment_status":"open","ping_status":"closed","template":"","meta":{"_acf_changed":false,"inline_featured_image":false},"product_cat":[275],"product_tag":[265,2400],"class_list":{"0":"post-22694","1":"product","2":"type-product","3":"status-publish","4":"has-post-thumbnail","6":"product_cat-gipsy-zaprawy","7":"product_tag-atlas","8":"product_tag-zaprawa-cementowa","10":"first","11":"outofstock","12":"shipping-taxable","13":"purchasable","14":"product-type-simple"},"acf":[],"_links":{"self":[{"href":"https:\/\/e-adams.pl\/de\/wp-json\/wp\/v2\/product\/22694","targetHints":{"allow":["GET"]}}],"collection":[{"href":"https:\/\/e-adams.pl\/de\/wp-json\/wp\/v2\/product"}],"about":[{"href":"https:\/\/e-adams.pl\/de\/wp-json\/wp\/v2\/types\/product"}],"replies":[{"embeddable":true,"href":"https:\/\/e-adams.pl\/de\/wp-json\/wp\/v2\/comments?post=22694"}],"wp:featuredmedia":[{"embeddable":true,"href":"https:\/\/e-adams.pl\/de\/wp-json\/wp\/v2\/media\/22797"}],"wp:attachment":[{"href":"https:\/\/e-adams.pl\/de\/wp-json\/wp\/v2\/media?parent=22694"}],"wp:term":[{"taxonomy":"product_cat","embeddable":true,"href":"https:\/\/e-adams.pl\/de\/wp-json\/wp\/v2\/product_cat?post=22694"},{"taxonomy":"product_tag","embeddable":true,"href":"https:\/\/e-adams.pl\/de\/wp-json\/wp\/v2\/product_tag?post=22694"}],"curies":[{"name":"wp","href":"https:\/\/api.w.org\/{rel}","templated":true}]}}