{"id":22695,"date":"2023-11-20T09:31:39","date_gmt":"2023-11-20T08:31:39","guid":{"rendered":"https:\/\/e-adams.pl\/produkt\/silikon-artis-214-wrzosow-280ml-atlas\/"},"modified":"2024-02-15T11:48:58","modified_gmt":"2024-02-15T10:48:58","slug":"silikon-atlas-artis-214-wrzosowy-280ml","status":"publish","type":"product","link":"https:\/\/e-adams.pl\/de\/produkt\/silikon-atlas-artis-214-wrzosowy-280ml\/","title":{"rendered":"Silikon ATLAS ARTIS 214 wrzosowy 280ml"},"content":{"rendered":"<h3>OPIS:<\/h3>\n<p>Silikon ATLAS ARTIS 214 wrzosowy jest jednosk\u0142adnikowym, mrozoodpornym, trwale elastycznym uszczelniaczem z octanowym systemem utwardzania. Znajduje zastosowanie do wykonywania spoin i dylatacji w r\u00f3\u017cnego rodzaju materia\u0142ach. Atlas ARTIS zapobiega rozwojowi grzyb\u00f3w i bakterii.<\/p>\n<p>Charakteryzuje si\u0119 ponadto odporno\u015bci\u0105 na dzia\u0142anie niekorzystnych warunk\u00f3w atmosferycznych i promieniowania UV, brakiem skurczu, idealnie g\u0142adk\u0105 powierzchni\u0105 oraz odporno\u015bci\u0105 na mycie mechaniczne i ci\u015bnieniowe.<\/p>\n<p>Atlas ARTIS polecany jest szczeg\u00f3lnie do wykonywania uszczelnienia kraw\u0119dzi styku ok\u0142adziny z wyposa\u017ceniem, takim jak: kabiny prysznicowe, brodziki, umywalki, toalety, wanny, armatura \u0142azienkowa, blaty kuchenne i inne. Nadaje si\u0119 do silikonowania ok\u0142adzin na p\u0142ytach drewnopochodnych, p\u0142ytach kartonowo-gipsowych oraz na pod\u0142ogach ogrzewanych.<\/p>\n<h3>DANE TECHNICZNE:<\/h3>\n<p>\u2022 Maksymalna szeroko\u015b\u0107 szczeliny: 25mm<br \/>\n\u2022 Pokrycie liniowe: 11m<br \/>\n\u2022 Czas nask\u00f3rkowania: 15min<br \/>\n\u2022 Czas utwardzania: 3h<br \/>\n\u2022 Maksymalna odporno\u015b\u0107 na wysok\u0105 temperatur\u0119: 180\u00b0C<br \/>\n\u2022 Maksymalna temperatura aplikacji: 40\u00b0C<br \/>\n\u2022 Metoda aplikacji: Pistolet na wk\u0142ady<br \/>\n\u2022 Minimalna odporno\u015b\u0107 na wysok\u0105 temperatur\u0119: -50\u00b0C<br \/>\n\u2022 Minimalna temperatura aplikacji: 5\u00b0C<br \/>\n\u2022 Odporno\u015b\u0107: Odporny na ple\u015b\u0144 i grzyby, promieniowanie ultrafioletowe<br \/>\n\u2022 Kolor Wrzosowy<br \/>\n\u2022 Kod EAN: 5905400276183<\/p>\n","protected":false},"excerpt":{"rendered":"<p>Silikon ATLAS ARTIS 214 wrzosowy jest jednosk\u0142adnikowym, mrozoodpornym, trwale elastycznym uszczelniaczem silikonowym z octanowym systemem utwardzania. Znajduje zastosowanie do wykonywania spoin i dylatacji w r\u00f3\u017cnego rodzaju materia\u0142ach. Atlas ARTIS zapobiega rozwojowi grzyb\u00f3w i bakterii.<\/p>\n","protected":false},"featured_media":22823,"comment_status":"open","ping_status":"closed","template":"","meta":{"_acf_changed":false,"inline_featured_image":false},"product_cat":[285],"product_tag":[2412,265,338],"class_list":{"0":"post-22695","1":"product","2":"type-product","3":"status-publish","4":"has-post-thumbnail","6":"product_cat-silikony-i-uszczelniacze","7":"product_tag-artis","8":"product_tag-atlas","9":"product_tag-silikon","11":"first","12":"outofstock","13":"shipping-taxable","14":"purchasable","15":"product-type-simple"},"acf":[],"_links":{"self":[{"href":"https:\/\/e-adams.pl\/de\/wp-json\/wp\/v2\/product\/22695","targetHints":{"allow":["GET"]}}],"collection":[{"href":"https:\/\/e-adams.pl\/de\/wp-json\/wp\/v2\/product"}],"about":[{"href":"https:\/\/e-adams.pl\/de\/wp-json\/wp\/v2\/types\/product"}],"replies":[{"embeddable":true,"href":"https:\/\/e-adams.pl\/de\/wp-json\/wp\/v2\/comments?post=22695"}],"wp:featuredmedia":[{"embeddable":true,"href":"https:\/\/e-adams.pl\/de\/wp-json\/wp\/v2\/media\/22823"}],"wp:attachment":[{"href":"https:\/\/e-adams.pl\/de\/wp-json\/wp\/v2\/media?parent=22695"}],"wp:term":[{"taxonomy":"product_cat","embeddable":true,"href":"https:\/\/e-adams.pl\/de\/wp-json\/wp\/v2\/product_cat?post=22695"},{"taxonomy":"product_tag","embeddable":true,"href":"https:\/\/e-adams.pl\/de\/wp-json\/wp\/v2\/product_tag?post=22695"}],"curies":[{"name":"wp","href":"https:\/\/api.w.org\/{rel}","templated":true}]}}