{"id":22697,"date":"2023-11-20T09:31:41","date_gmt":"2023-11-20T08:31:41","guid":{"rendered":"https:\/\/e-adams.pl\/produkt\/atlas-hydroband-3g-tasma-szer-125mm-10m\/"},"modified":"2024-05-10T11:02:15","modified_gmt":"2024-05-10T09:02:15","slug":"tasma-uszczelniajaca-atlas-hydroband-3g-125mm-10m","status":"publish","type":"product","link":"https:\/\/e-adams.pl\/de\/produkt\/tasma-uszczelniajaca-atlas-hydroband-3g-125mm-10m\/","title":{"rendered":"Ta\u015bma uszczelniaj\u0105ca ATLAS HYDROBAND 3G 125mm 10m"},"content":{"rendered":"<h3>OPIS:<\/h3>\n<p>Ta\u015bma uszczelniaj\u0105ca ATLAS HYDROBAND 3G jest wykorzystywana do zabezpieczenia pod\u0142o\u017ca przed wnikaniem wilgoci oraz wody przy dodatkowym zastosowaniu hydroizolacji. Skutecznie zwi\u0119ksza szczelno\u015b\u0107 \u0142\u0105cze\u0144 powierzchni w pomieszczeniach mokrych typu \u0142azienka, kuchnia. Stosowana r\u00f3wnie\u017c na zewn\u0105trz budynk\u00f3w przy ochronie pod\u0142o\u017cy przed wilgoci\u0105 z zewn\u0105trz &#8211; balkony i tarasy, \u015bciany piwnic.<\/p>\n<p>ATLAS HYDROBAND 3G sk\u0142ada si\u0119 z trzech warstw: dw\u00f3ch zewn\u0119trznych, wykonanych z odpornej na dzia\u0142anie alkali\u00f3w, nietkanego polipropylenu,- \u015brodkowej, wykonanej z odpornego na starzenie, termoplastycznego elastomeru. Taki uk\u0142ad warstw zapewnia niezawodne uszczelnienie i optymaln\u0105 przyczepno\u015b\u0107 ta\u015bmy do hydroizolacji.<\/p>\n<h3>DANE TECHNICZNE:<\/h3>\n<p>\u2022 Masa powierzchniowa: ok. 43 g\/m2<br \/>\n\u2022 Grubo\u015b\u0107 ca\u0142kowita: ok. 0,7 mm<br \/>\n\u2022 Odporno\u015b\u0107 na temperatury: od -30\u00b0 C do + 90\u00b0 C<br \/>\n\u2022 Maksymalne ci\u015bnienie zrywaj\u0105ce wewn\u0105trz: 1,5 bar<br \/>\n\u2022 Wyd\u0142u\u017cenie przy maksymalnej sile wzd\u0142u\u017c: 70 %<br \/>\n\u2022 Wyd\u0142u\u017cenie przy maksymalnej sile w poprzek: 335 %<br \/>\n\u2022 Zerwanie przy rozci\u0105ganiu wzd\u0142u\u017c: 104 N\/15 mm<br \/>\n\u2022 Zerwanie przy rozci\u0105ganiu w poprzek: 23 N\/15 mm<br \/>\n\u2022 Odporno\u015b\u0107 na ci\u015bnienie wody 1,5 bar (15 metr\u00f3w s\u0142upawody): odporna<br \/>\n\u2022 Odporno\u015b\u0107 na promieniowanie UV (500 h): odporna<br \/>\n\u2022 Kod EAN: 5905400602807<\/p>\n","protected":false},"excerpt":{"rendered":"<p>Ta\u015bma uszczelniaj\u0105ca ATLAS HYDROBAND 3G jest wykorzystywana do zabezpieczenia pod\u0142o\u017ca przed wnikaniem wilgoci oraz wody przy dodatkowym zastosowaniu hydroizolacji. Skutecznie zwi\u0119ksza szczelno\u015b\u0107 \u0142\u0105cze\u0144 powierzchni w pomieszczeniach mokrych typu \u0142azienka, kuchnia. Stosowana r\u00f3wnie\u017c na zewn\u0105trz budynk\u00f3w przy ochronie pod\u0142o\u017cy przed wilgoci\u0105 z zewn\u0105trz &#8211; balkony i tarasy, \u015bciany piwnic.<\/p>\n","protected":false},"featured_media":22757,"comment_status":"open","ping_status":"closed","template":"","meta":{"_acf_changed":false,"inline_featured_image":false},"product_cat":[1473],"product_tag":[265,2374,2068],"class_list":{"0":"post-22697","1":"product","2":"type-product","3":"status-publish","4":"has-post-thumbnail","6":"product_cat-tasmy-uszczelniajace-i-narozniki","7":"product_tag-atlas","8":"product_tag-hydroband","9":"product_tag-tasma-uszczelniajaca","11":"first","12":"outofstock","13":"shipping-taxable","14":"purchasable","15":"product-type-simple"},"acf":[],"_links":{"self":[{"href":"https:\/\/e-adams.pl\/de\/wp-json\/wp\/v2\/product\/22697","targetHints":{"allow":["GET"]}}],"collection":[{"href":"https:\/\/e-adams.pl\/de\/wp-json\/wp\/v2\/product"}],"about":[{"href":"https:\/\/e-adams.pl\/de\/wp-json\/wp\/v2\/types\/product"}],"replies":[{"embeddable":true,"href":"https:\/\/e-adams.pl\/de\/wp-json\/wp\/v2\/comments?post=22697"}],"wp:featuredmedia":[{"embeddable":true,"href":"https:\/\/e-adams.pl\/de\/wp-json\/wp\/v2\/media\/22757"}],"wp:attachment":[{"href":"https:\/\/e-adams.pl\/de\/wp-json\/wp\/v2\/media?parent=22697"}],"wp:term":[{"taxonomy":"product_cat","embeddable":true,"href":"https:\/\/e-adams.pl\/de\/wp-json\/wp\/v2\/product_cat?post=22697"},{"taxonomy":"product_tag","embeddable":true,"href":"https:\/\/e-adams.pl\/de\/wp-json\/wp\/v2\/product_tag?post=22697"}],"curies":[{"name":"wp","href":"https:\/\/api.w.org\/{rel}","templated":true}]}}