{"id":22698,"date":"2023-11-20T09:31:41","date_gmt":"2023-11-20T08:31:41","guid":{"rendered":"https:\/\/e-adams.pl\/produkt\/atlas-cerplast-10kg-grunt-pod-tynki\/"},"modified":"2024-07-15T11:31:13","modified_gmt":"2024-07-15T09:31:13","slug":"masa-podkladowa-atlas-cerplast-10kg","status":"publish","type":"product","link":"https:\/\/e-adams.pl\/de\/produkt\/masa-podkladowa-atlas-cerplast-10kg\/","title":{"rendered":"Masa podk\u0142adowa ATLAS CERPLAST 10KG"},"content":{"rendered":"<h3>OPIS:<\/h3>\n<p>Masa podk\u0142adowa ATLAS CERPLAST jest gotow\u0105 do u\u017cycia mas\u0105 podk\u0142adow\u0105, produkowan\u0105 na bazie \u017cywic akrylowych i m\u0105czek kwarcowych. Jest \u015brodkiem gruntuj\u0105cym koloru bia\u0142ego. Dodatkowo dost\u0119pny jest w trzech kolorach (klinkier, br\u0105z i grafit) jako podk\u0142ad pod wybrane kolory tynk\u00f3w mozaikowych ATLAS DEKO M. ATLAS CERPLAST to produkt wydajny, bardzo wygodny i \u0142atwy w u\u017cyciu.<\/p>\n<p>Zawarto\u015b\u0107 kruszywa w podk\u0142adzie nadaje zagruntowanej powierzchni chropowato\u015b\u0107, kt\u00f3ra u\u0142atwia nak\u0142adanie kolejnych warstw, a tak\u017ce zwi\u0119ksza powierzchni\u0119 po\u0142\u0105czenia tynku lub zapraw klej\u0105cych z pod\u0142o\u017cem.<\/p>\n<p>Stosowanie masy tynkarskiej ATLAS CERPLAST poprawia przyczepno\u015b\u0107 oraz ogranicza mo\u017cliwo\u015b\u0107 powstawania plam na powierzchni tynku cienkowarstwowego, tworz\u0105cych si\u0119 w wyniku niew\u0142a\u015bciwego przygotowania pod\u0142o\u017ca lub jego w\u0142a\u015bciwo\u015bci.<\/p>\n<h3>W\u0141A\u015aCIWO\u015aCI:<\/h3>\n<ul>\n<li>zapewnia idealn\u0105 przyczepno\u015b\u0107 tynku,<\/li>\n<li>redukuje ch\u0142onno\u015b\u0107 i wzmacnia pod\u0142o\u017ca,<\/li>\n<li>u\u0142atwia nak\u0142adanie i fakturowanie,<\/li>\n<li>wyr\u00f3wnuje kolorystyk\u0119 pod\u0142o\u017ca,<\/li>\n<li>dost\u0119pny w kilku kolorach,<\/li>\n<li>wysoka wydajno\u015b\u0107 i si\u0142a krycia.<\/li>\n<\/ul>\n<h3>DANE TECHNICZNE:<\/h3>\n<ul>\n<li><b>Waga produktu z opakowaniem jednostkowym:<\/b>\u00a010 kg<\/li>\n<li><b>Rodzaj opakowania:<\/b>\u00a0wiadro<\/li>\n<li><b>Zu\u017cycie:<\/b>\u00a0oko\u0142o 0,3 kg \/ m2<\/li>\n<li><b>Rodzaj produktu:<\/b>\u00a0tynk<\/li>\n<li><b>Faktura:<\/b>\u00a0g\u0142adka<\/li>\n<li><b>Rodzaje tynk\u00f3w:<\/b>\u00a0Zewn\u0119trzne<\/li>\n<\/ul>\n","protected":false},"excerpt":{"rendered":"<p>Masa podk\u0142adowa ATLAS CERPLAST jest gotow\u0105 do u\u017cycia mas\u0105 podk\u0142adow\u0105, produkowan\u0105 na bazie \u017cywic akrylowych i m\u0105czek kwarcowych. Jest \u015brodkiem gruntuj\u0105cym koloru bia\u0142ego. Dodatkowo dost\u0119pny jest w trzech kolorach (klinkier, br\u0105z i grafit) jako podk\u0142ad pod wybrane kolory tynk\u00f3w mozaikowych ATLAS DEKO M. ATLAS CERPLAST to produkt wydajny, bardzo wygodny i \u0142atwy w u\u017cyciu.<\/p>\n","protected":false},"featured_media":22776,"comment_status":"open","ping_status":"closed","template":"","meta":{"_acf_changed":false,"inline_featured_image":false},"product_cat":[1210],"product_tag":[265,2385,2384],"class_list":{"0":"post-22698","1":"product","2":"type-product","3":"status-publish","4":"has-post-thumbnail","6":"product_cat-grunty-podklady","7":"product_tag-atlas","8":"product_tag-cerplast","9":"product_tag-masa-podkladowa","11":"first","12":"instock","13":"shipping-taxable","14":"purchasable","15":"product-type-simple"},"acf":[],"_links":{"self":[{"href":"https:\/\/e-adams.pl\/de\/wp-json\/wp\/v2\/product\/22698","targetHints":{"allow":["GET"]}}],"collection":[{"href":"https:\/\/e-adams.pl\/de\/wp-json\/wp\/v2\/product"}],"about":[{"href":"https:\/\/e-adams.pl\/de\/wp-json\/wp\/v2\/types\/product"}],"replies":[{"embeddable":true,"href":"https:\/\/e-adams.pl\/de\/wp-json\/wp\/v2\/comments?post=22698"}],"wp:featuredmedia":[{"embeddable":true,"href":"https:\/\/e-adams.pl\/de\/wp-json\/wp\/v2\/media\/22776"}],"wp:attachment":[{"href":"https:\/\/e-adams.pl\/de\/wp-json\/wp\/v2\/media?parent=22698"}],"wp:term":[{"taxonomy":"product_cat","embeddable":true,"href":"https:\/\/e-adams.pl\/de\/wp-json\/wp\/v2\/product_cat?post=22698"},{"taxonomy":"product_tag","embeddable":true,"href":"https:\/\/e-adams.pl\/de\/wp-json\/wp\/v2\/product_tag?post=22698"}],"curies":[{"name":"wp","href":"https:\/\/api.w.org\/{rel}","templated":true}]}}