{"id":22699,"date":"2023-11-20T09:31:42","date_gmt":"2023-11-20T08:31:42","guid":{"rendered":"https:\/\/e-adams.pl\/produkt\/atlas-roker-u-klej-do-welny-mineralnej-i-siatki\/"},"modified":"2024-02-15T11:49:00","modified_gmt":"2024-02-15T10:49:00","slug":"zaprawa-klejaca-do-welny-mineralnej-atlas-roker-u-25kg","status":"publish","type":"product","link":"https:\/\/e-adams.pl\/de\/produkt\/zaprawa-klejaca-do-welny-mineralnej-atlas-roker-u-25kg\/","title":{"rendered":"Zaprawa klej\u0105ca do we\u0142ny mineralnej ATLAS ROKER U 25kg"},"content":{"rendered":"<h3>OPIS:<\/h3>\n<p>Zaprawa klej\u0105ca do we\u0142ny mineralnej ATLAS ROKER U to wielofunkcyjna zaprawa klej\u0105ca w postaci suchej mieszanki, kt\u00f3ra s\u0142u\u017cy do mocowania termoizolacji oraz zatapiania siatki. Posiada bardzo wysok\u0105 przyczepno\u015b\u0107 za spraw\u0105 zwi\u0119kszonej zawarto\u015bci dyspersji polimerowych. Dedykowany jest do pod\u0142o\u017cy mineralnych i ceramicznych, a tak\u017ce do p\u0142yt we\u0142ny mineralnej.<\/p>\n<p>Specjalna formu\u0142a sprawia, \u017ce Roker U przylega mocno nawet do trudnych pod\u0142o\u017cy pokrytych pow\u0142okami malarskimi.<\/p>\n<p>Zaprawa klej\u0105ca jest r\u00f3wnie\u017c wysoceelastyczna, dzi\u0119ki czemu \u015bwietnie kompensuje napr\u0119\u017cenia, kt\u00f3re wynikaj\u0105 z oddzia\u0142ywa\u0144 termicznych i u\u017cytkowych na warstwy systemu.<\/p>\n<p>Zbrojenie strukturalne w\u0142\u00f3knami sprawia, \u017ce zaprawa ma zwi\u0119kszon\u0105 odporno\u015b\u0107 na powstawanie rys i p\u0119kni\u0119\u0107<\/p>\n<h3>DANE TECHNICZNE:<\/h3>\n<ul>\n<li>g\u0119sto\u015b\u0107 nasypowa (suchej mieszanki) oko\u0142o 1,43 kg\/dm\u00b3<\/li>\n<li>proporcje mieszania woda \/ sucha mieszanka 0,22-0,24 l\/1 kg, 5,50-6,00 l\/25 kg<\/li>\n<li>minimalna\/maksymalna grubo\u015b\u0107 warstwy zbrojonej 4 mm\/6 mm<\/li>\n<li>temperatura stosowania (pod\u0142o\u017ca i otoczenia) od +5\u00b0C do +30\u00b0C<\/li>\n<li>czas dojrzewania* oko\u0142o 5 min<\/li>\n<li>czas gotowo\u015bci do pracy* oko\u0142o 2 h<\/li>\n<li>czas otwarty pracy* minimum 30 min<\/li>\n<li>wodoch\u0142onno\u015b\u0107 po 24 h &lt; 0,5 kg\/m<sup>2<\/sup><\/li>\n<li>przyczepno\u015b\u0107 do betonu \u2265 0,25 MPa<\/li>\n<li>przyczepno\u015b\u0107 do we\u0142ny mineralnej \u2265 0,08 MPa<\/li>\n<li>wytrzyma\u0142o\u015b\u0107 na \u015bciskanie wg PN-EN 1015-11:2001+A1:2007 kategoria CS IV (&gt; 20 N\/mm<sup>2<\/sup>)<\/li>\n<li>wytrzyma\u0142o\u015b\u0107 na zginanie (wg PN-EN 1015-11:2001+A1:2007) &gt; 5,5 kN\/mm<sup>2<\/sup><\/li>\n<li>reakcja na ogie\u0144 klasa A2-s2,d0 w systemie Atlas Roker z tynkami mineralnymi i silikatowymi, klasa B-s1,d0 w systemie z tynkami akrylowymi i silikonowymi<\/li>\n<li>szacowane zu\u017cycie: przyklejanie p\u0142yt 4,5-5,5 kg\/m\u00b2; warstwa zbroj\u0105ca 5,5-6,5 kg\/m\u00b2 &#8211;\u00a0dok\u0142adne zu\u017cycie jednostkowe materia\u0142u zale\u017cy od parametr\u00f3w pod\u0142o\u017ca i od przyj\u0119tej technologii przyklejania p\u0142yt<\/li>\n<li>opakowanie 25 kg<\/li>\n<\/ul>\n","protected":false},"excerpt":{"rendered":"<p>Zaprawa klej\u0105ca do we\u0142ny mineralnej ATLAS ROKER U to wielofunkcyjna zaprawa klej\u0105ca w postaci suchej mieszanki, kt\u00f3ra s\u0142u\u017cy do mocowania termoizolacji oraz zatapiania siatki. Posiada bardzo wysok\u0105 przyczepno\u015b\u0107 za spraw\u0105 zwi\u0119kszonej zawarto\u015bci dyspersji polimerowych. Dedykowany jest do pod\u0142o\u017cy mineralnych i ceramicznych, a tak\u017ce do p\u0142yt we\u0142ny mineralnej.<\/p>\n","protected":false},"featured_media":22799,"comment_status":"open","ping_status":"closed","template":"","meta":{"_acf_changed":false,"inline_featured_image":false},"product_cat":[1452],"product_tag":[265,2401],"class_list":{"0":"post-22699","1":"product","2":"type-product","3":"status-publish","4":"has-post-thumbnail","6":"product_cat-zaprawy-klejowe","7":"product_tag-atlas","8":"product_tag-zaprawa-klejaca-do-welny","10":"first","11":"outofstock","12":"shipping-taxable","13":"purchasable","14":"product-type-simple"},"acf":[],"_links":{"self":[{"href":"https:\/\/e-adams.pl\/de\/wp-json\/wp\/v2\/product\/22699","targetHints":{"allow":["GET"]}}],"collection":[{"href":"https:\/\/e-adams.pl\/de\/wp-json\/wp\/v2\/product"}],"about":[{"href":"https:\/\/e-adams.pl\/de\/wp-json\/wp\/v2\/types\/product"}],"replies":[{"embeddable":true,"href":"https:\/\/e-adams.pl\/de\/wp-json\/wp\/v2\/comments?post=22699"}],"wp:featuredmedia":[{"embeddable":true,"href":"https:\/\/e-adams.pl\/de\/wp-json\/wp\/v2\/media\/22799"}],"wp:attachment":[{"href":"https:\/\/e-adams.pl\/de\/wp-json\/wp\/v2\/media?parent=22699"}],"wp:term":[{"taxonomy":"product_cat","embeddable":true,"href":"https:\/\/e-adams.pl\/de\/wp-json\/wp\/v2\/product_cat?post=22699"},{"taxonomy":"product_tag","embeddable":true,"href":"https:\/\/e-adams.pl\/de\/wp-json\/wp\/v2\/product_tag?post=22699"}],"curies":[{"name":"wp","href":"https:\/\/api.w.org\/{rel}","templated":true}]}}