{"id":22700,"date":"2023-11-20T09:31:43","date_gmt":"2023-11-20T08:31:43","guid":{"rendered":"https:\/\/e-adams.pl\/produkt\/lacznik-ptb-lk-100-atlas-100-100-atlas\/"},"modified":"2024-02-15T11:49:00","modified_gmt":"2024-02-15T10:49:00","slug":"atlas-lacznik-ptb-lk-100","status":"publish","type":"product","link":"https:\/\/e-adams.pl\/de\/produkt\/atlas-lacznik-ptb-lk-100\/","title":{"rendered":"ATLAS \u0142\u0105cznik PTB LK 100"},"content":{"rendered":"<h3>OPIS:<\/h3>\n<p>ATLAS \u0142\u0105cznik PTB LK 100 to specjalny element konstrukcyjny stosowany w budownictwie. Jest to \u0142\u0105cznik wykonany z grafitu, kt\u00f3ry charakteryzuje si\u0119 wysok\u0105 wytrzyma\u0142o\u015bci\u0105 i odporno\u015bci\u0105 na dzia\u0142anie czynnik\u00f3w atmosferycznych. \u0141atwy w monta\u017cu i zapewnia trwa\u0142e po\u0142\u0105czenie mi\u0119dzy elementami konstrukcyjnymi. Jest przeznaczony do \u0142\u0105czenia element\u00f3w o \u015brednicy 100 mm.<\/p>\n<p>\u0141atwy w monta\u017cu i zapewnia trwa\u0142e po\u0142\u0105czenie mi\u0119dzy elementami konstrukcyjnymi. Dzi\u0119ki swoim w\u0142a\u015bciwo\u015bciom, \u0142\u0105cznik ten jest cz\u0119sto stosowany w budowie rur, komin\u00f3w, przewod\u00f3w wentylacyjnych i innych podobnych instalacji.<\/p>\n<p>Dzi\u0119ki zastosowaniu \u0142\u0105cznika ATLAS 100 \u0142\u0105cznik grafit PTB LK 100 mo\u017cna mie\u0107 pewno\u015b\u0107, \u017ce po\u0142\u0105czone elementy b\u0119d\u0105 stabilne i odporne na uszkodzenia. Jest to niezawodny i trwa\u0142y element, kt\u00f3ry znajduje zastosowanie zar\u00f3wno w budownictwie mieszkaniowym, jak i przemys\u0142owym.<\/p>\n<h3><span class=\"title\">G\u0142\u00f3wne w\u0142a\u015bciwo\u015bci:<\/span><\/h3>\n<p><span class=\"txt\">\u25cf elementy system\u00f3w do odprowadzania wody<br \/>\n\u25cf odporny na warunki atmosferyczne<br \/>\n\u25cf odporny na uszkodzenia mechaniczne<br \/>\n\u25cf \u0142atwy i szybki w monta\u017cu<\/span><\/p>\n<p>&nbsp;<\/p>\n","protected":false},"excerpt":{"rendered":"<p>ATLAS \u0142\u0105cznik PTB LK 100 to specjalny element konstrukcyjny stosowany w budownictwie. Jest to \u0142\u0105cznik wykonany z grafitu, kt\u00f3ry charakteryzuje si\u0119 wysok\u0105 wytrzyma\u0142o\u015bci\u0105 i odporno\u015bci\u0105 na dzia\u0142anie czynnik\u00f3w atmosferycznych. \u0141atwy w monta\u017cu i zapewnia trwa\u0142e po\u0142\u0105czenie mi\u0119dzy elementami konstrukcyjnymi.<\/p>\n","protected":false},"featured_media":22827,"comment_status":"open","ping_status":"closed","template":"","meta":{"_acf_changed":false,"inline_featured_image":false},"product_cat":[101],"product_tag":[265,2413,2414],"class_list":{"0":"post-22700","1":"product","2":"type-product","3":"status-publish","4":"has-post-thumbnail","6":"product_cat-bramy-okna-ogrodzenia","7":"product_tag-atlas","8":"product_tag-lacznik","9":"product_tag-ptb-lk","11":"first","12":"outofstock","13":"shipping-taxable","14":"purchasable","15":"product-type-simple"},"acf":[],"_links":{"self":[{"href":"https:\/\/e-adams.pl\/de\/wp-json\/wp\/v2\/product\/22700","targetHints":{"allow":["GET"]}}],"collection":[{"href":"https:\/\/e-adams.pl\/de\/wp-json\/wp\/v2\/product"}],"about":[{"href":"https:\/\/e-adams.pl\/de\/wp-json\/wp\/v2\/types\/product"}],"replies":[{"embeddable":true,"href":"https:\/\/e-adams.pl\/de\/wp-json\/wp\/v2\/comments?post=22700"}],"wp:featuredmedia":[{"embeddable":true,"href":"https:\/\/e-adams.pl\/de\/wp-json\/wp\/v2\/media\/22827"}],"wp:attachment":[{"href":"https:\/\/e-adams.pl\/de\/wp-json\/wp\/v2\/media?parent=22700"}],"wp:term":[{"taxonomy":"product_cat","embeddable":true,"href":"https:\/\/e-adams.pl\/de\/wp-json\/wp\/v2\/product_cat?post=22700"},{"taxonomy":"product_tag","embeddable":true,"href":"https:\/\/e-adams.pl\/de\/wp-json\/wp\/v2\/product_tag?post=22700"}],"curies":[{"name":"wp","href":"https:\/\/api.w.org\/{rel}","templated":true}]}}