{"id":22703,"date":"2023-11-20T09:31:45","date_gmt":"2023-11-20T08:31:45","guid":{"rendered":"https:\/\/e-adams.pl\/produkt\/atlas-150-profil-glowny2mb-ptb-pg-150\/"},"modified":"2024-02-15T11:49:01","modified_gmt":"2024-02-15T10:49:01","slug":"profil-okapowy-atlas-150-2mb-grafit-ptb-pg-150","status":"publish","type":"product","link":"https:\/\/e-adams.pl\/de\/produkt\/profil-okapowy-atlas-150-2mb-grafit-ptb-pg-150\/","title":{"rendered":"Profil okapowy ATLAS 150 2mb grafit PTB-PG-150"},"content":{"rendered":"<h3>OPIS:<\/h3>\n<p>Profil okapowy ATLAS 150 zapewniaj\u0105 skuteczne odprowadzenie wody opadowej z powierzchni balkon\u00f3w lub innych poziomych element\u00f3w budowlanych wyko\u0144czonych ok\u0142adzinami ceramicznymi. Umo\u017cliwiaj\u0105 utrzymanie szczelno\u015bci w strefach okapowych \u2013 budowa profili u\u017cytych w systemie umo\u017cliwia ich szczelne po\u0142\u0105czenie z hydroizolacj\u0105 i warstw\u0105 posadzki.<\/p>\n<div class=\"description-section\">\n<h2 class=\"heading\">G\u0141OWNE W\u0141ASCIWO\u015aCI:<\/h2>\n<div class=\"text\">\n<ul>\n<li>posiadaj\u0105 wyprofilowany okapnik, odprowadzaj\u0105cy wod\u0119 poza powierzchni\u0119 \u015bciany<\/li>\n<li>mo\u017cliwo\u015b\u0107 podczepienia rynny \u2013 dotyczy tylko systemu z profilem ATLAS 150<\/li>\n<li>posiadaj\u0105 zamocowany sznur dylatacyjny, oddzielaj\u0105cy je od warstw wyko\u0144czeniowych \u2013 jest on umieszczony nad otworami odwadniaj\u0105cymi<\/li>\n<li>s\u0105 \u0142atwe i szybkie w monta\u017cu<\/li>\n<li>posiadaj\u0105 d\u0142ugoletni\u0105 trwa\u0142o\u015b\u0107 \u2013 s\u0105 odporne na warunki atmosferyczne, korozj\u0119, agresywne dzia\u0142anie \u015brodowiska, wysokie PH oraz promieniowanie UV<\/li>\n<li>produkowane s\u0105 w trzech standardowych kolorach \u2013 szarym (RAL 7037), br\u0105zowym (RAL 8019) i grafitowym (RAL 7024); istnieje mo\u017cliwo\u015b\u0107 zam\u00f3wienia dowolnego koloru z palety RAL (minimalna ilo\u015b\u0107 zam\u00f3wienia Profilu G\u0142\u00f3wnego wynosi 10 sztuk). Czas realizacji zam\u00f3wie\u0144 niestandardowych wynosi 14 dni roboczych<\/li>\n<li>mo\u017cliwo\u015b\u0107 zam\u00f3wienia naro\u017cnik\u00f3w o dowolnym k\u0105cie lub w kszta\u0142cie \u0142uku; czas realizacji zam\u00f3wie\u0144 niestandardowych wynosi 14 dni roboczych<\/li>\n<\/ul>\n<\/div>\n<\/div>\n<div class=\"description-section\">\n<h3 class=\"heading\">PARAMETRY:<\/h3>\n<div class=\"text\">\n<ul>\n<li>ci\u0119\u017car profillu ATLAS 100 &#8211; 610 g\/m<\/li>\n<li>ci\u0119\u017car profillu ATLAS 150 &#8211; 1090 g\/m<\/li>\n<li>grubo\u015b\u0107 pow\u0142oki poliestrowej &#8211; ok. 70\u03bcm<\/li>\n<\/ul>\n<\/div>\n<\/div>\n<p>&nbsp;<\/p>\n","protected":false},"excerpt":{"rendered":"<p>Profil okapowy ATLAS 150 zapewniaj\u0105 skuteczne odprowadzenie wody opadowej z powierzchni balkon\u00f3w lub innych poziomych element\u00f3w budowlanych wyko\u0144czonych ok\u0142adzinami ceramicznymi. Umo\u017cliwiaj\u0105 utrzymanie szczelno\u015bci w strefach okapowych \u2013 budowa profili u\u017cytych w systemie umo\u017cliwia ich szczelne po\u0142\u0105czenie z hydroizolacj\u0105 i warstw\u0105 posadzki.<\/p>\n","protected":false},"featured_media":22770,"comment_status":"open","ping_status":"closed","template":"","meta":{"_acf_changed":false,"inline_featured_image":false},"product_cat":[101],"product_tag":[265,2381],"class_list":{"0":"post-22703","1":"product","2":"type-product","3":"status-publish","4":"has-post-thumbnail","6":"product_cat-bramy-okna-ogrodzenia","7":"product_tag-atlas","8":"product_tag-profil-okapowy","10":"first","11":"instock","12":"shipping-taxable","13":"purchasable","14":"product-type-simple"},"acf":[],"_links":{"self":[{"href":"https:\/\/e-adams.pl\/de\/wp-json\/wp\/v2\/product\/22703","targetHints":{"allow":["GET"]}}],"collection":[{"href":"https:\/\/e-adams.pl\/de\/wp-json\/wp\/v2\/product"}],"about":[{"href":"https:\/\/e-adams.pl\/de\/wp-json\/wp\/v2\/types\/product"}],"replies":[{"embeddable":true,"href":"https:\/\/e-adams.pl\/de\/wp-json\/wp\/v2\/comments?post=22703"}],"wp:featuredmedia":[{"embeddable":true,"href":"https:\/\/e-adams.pl\/de\/wp-json\/wp\/v2\/media\/22770"}],"wp:attachment":[{"href":"https:\/\/e-adams.pl\/de\/wp-json\/wp\/v2\/media?parent=22703"}],"wp:term":[{"taxonomy":"product_cat","embeddable":true,"href":"https:\/\/e-adams.pl\/de\/wp-json\/wp\/v2\/product_cat?post=22703"},{"taxonomy":"product_tag","embeddable":true,"href":"https:\/\/e-adams.pl\/de\/wp-json\/wp\/v2\/product_tag?post=22703"}],"curies":[{"name":"wp","href":"https:\/\/api.w.org\/{rel}","templated":true}]}}