{"id":22705,"date":"2023-11-20T09:31:47","date_gmt":"2023-11-20T08:31:47","guid":{"rendered":"https:\/\/e-adams.pl\/produkt\/atlas-zaprawa-do-klinkieru-391-antracytowy-25kg\/"},"modified":"2024-02-15T11:49:02","modified_gmt":"2024-02-15T10:49:02","slug":"zaprawa-do-klinkieru-atlas-391-antracytowy-25kg","status":"publish","type":"product","link":"https:\/\/e-adams.pl\/de\/produkt\/zaprawa-do-klinkieru-atlas-391-antracytowy-25kg\/","title":{"rendered":"Zaprawa do klinkieru ATLAS 391 Antracytowy 25KG"},"content":{"rendered":"<h3>OPIS:<\/h3>\n<p>Zaprawa do klinkieru ATLAS 391 s\u0142u\u017cy do murowania z element\u00f3w o nasi\u0105kliwo\u015bci 3-8 %: cegie\u0142 i kszta\u0142tek klinkierowych, cegie\u0142 pe\u0142nych oraz z kamienia naturalnego. Do murowania na tradycyjne, grube warstwy \u2013 zalecana grubo\u015b\u0107 od 6 do 40 mm. Wznoszenie element\u00f3w konstrukcyjnych i ozdobnych \u2013 \u015bcian zewn\u0119trznych i os\u0142onowych, studzienek, s\u0142up\u00f3w, mur\u00f3w ogrodzeniowych itp.<\/p>\n<p>Spoinowanie mur\u00f3w wzniesionych z cegie\u0142 klinkierowych oraz ok\u0142adzin z p\u0142ytek klinkierowych. Mo\u017ce by\u0107 stosowana w obszarze renowacji starego budownictwa i konserwacji zabytk\u00f3w.<\/p>\n<h3>DANE TECHNICZNE:<\/h3>\n<p>\u2022 W\u0142a\u015bciwo\u015bci: Nie powoduje wykwit\u00f3w, nie brudzi powierzchni cegie\u0142<br \/>\n\u2022 Waga: 25 kg<br \/>\n\u2022 Zalety produktu: Odporna na promieniowanie UV<br \/>\n\u2022 Zastosowanie: Do fugowania mur\u00f3w z cegie\u0142 klinkierowych<br \/>\n\u2022 Kod EAN: 5905400544718<\/p>\n<p>ZU\u017bYCIE:<br \/>\nZ worka 25 kg otrzymuje si\u0119 oko\u0142o 14 litr\u00f3w masy.<\/p>\n","protected":false},"excerpt":{"rendered":"<p>Zaprawa do klinkieru ATLAS 391 s\u0142uzy do murowania z element\u00f3w o nasi\u0105kliwo\u015bci 3-8 %: cegie\u0142 i kszta\u0142tek klinkierowych, cegie\u0142 pe\u0142nych oraz z kamienia naturalnego. Do murowania na tradycyjne, grube warstwy \u2013 zalecana grubo\u015b\u0107 od 6 do 40 mm. Wznoszenie element\u00f3w konstrukcyjnych i ozdobnych \u2013 \u015bcian zewn\u0119trznych i os\u0142onowych, studzienek, s\u0142up\u00f3w, mur\u00f3w ogrodzeniowych itp.<\/p>\n","protected":false},"featured_media":22809,"comment_status":"open","ping_status":"closed","template":"","meta":{"_acf_changed":false,"inline_featured_image":false},"product_cat":[275],"product_tag":[265,2405],"class_list":{"0":"post-22705","1":"product","2":"type-product","3":"status-publish","4":"has-post-thumbnail","6":"product_cat-gipsy-zaprawy","7":"product_tag-atlas","8":"product_tag-zaprawa-do-klinkieru","10":"first","11":"outofstock","12":"shipping-taxable","13":"purchasable","14":"product-type-simple"},"acf":[],"_links":{"self":[{"href":"https:\/\/e-adams.pl\/de\/wp-json\/wp\/v2\/product\/22705","targetHints":{"allow":["GET"]}}],"collection":[{"href":"https:\/\/e-adams.pl\/de\/wp-json\/wp\/v2\/product"}],"about":[{"href":"https:\/\/e-adams.pl\/de\/wp-json\/wp\/v2\/types\/product"}],"replies":[{"embeddable":true,"href":"https:\/\/e-adams.pl\/de\/wp-json\/wp\/v2\/comments?post=22705"}],"wp:featuredmedia":[{"embeddable":true,"href":"https:\/\/e-adams.pl\/de\/wp-json\/wp\/v2\/media\/22809"}],"wp:attachment":[{"href":"https:\/\/e-adams.pl\/de\/wp-json\/wp\/v2\/media?parent=22705"}],"wp:term":[{"taxonomy":"product_cat","embeddable":true,"href":"https:\/\/e-adams.pl\/de\/wp-json\/wp\/v2\/product_cat?post=22705"},{"taxonomy":"product_tag","embeddable":true,"href":"https:\/\/e-adams.pl\/de\/wp-json\/wp\/v2\/product_tag?post=22705"}],"curies":[{"name":"wp","href":"https:\/\/api.w.org\/{rel}","templated":true}]}}