{"id":22707,"date":"2023-11-20T09:31:48","date_gmt":"2023-11-20T08:31:48","guid":{"rendered":"https:\/\/e-adams.pl\/produkt\/fuga-ceramiczna-atlas-215-atramentowy-2kg\/"},"modified":"2024-02-15T11:49:04","modified_gmt":"2024-02-15T10:49:04","slug":"fuga-ceramiczna-atlas-215-atramentowy-2kg","status":"publish","type":"product","link":"https:\/\/e-adams.pl\/de\/produkt\/fuga-ceramiczna-atlas-215-atramentowy-2kg\/","title":{"rendered":"Fuga ceramiczna ATLAS 215 atramentowy 2KG"},"content":{"rendered":"<h3>OPIS:<\/h3>\n<p>Fuga ceramiczna ATLAS 215 <span class=\"data\">atramentowy<\/span> to idealne rozwi\u0105zanie zar\u00f3wno dla wykonawc\u00f3w oraz wymagaj\u0105cych inwestor\u00f3w, kt\u00f3rzy ceni\u0105 sobie estetyk\u0119, funkcjonalno\u015b\u0107, oraz trwa\u0142o\u015b\u0107 rozwi\u0105za\u0144. Dzi\u0119ki dopracowanej recepturze fuga ma ceramiczn\u0105 pow\u0142ok\u0119, charakteryzuj\u0105c\u0105 si\u0119 wysok\u0105 wytrzyma\u0142o\u015bci\u0105 podczas wieloletniej eksploatacji.<\/p>\n<p>Dzi\u0119ki odpowiednio dobranym w\u0142\u00f3knom podczas mieszania zaprawy wytwarzana jest przestrzenna struktura zbroj\u0105ca eliminuj\u0105ca w przysz\u0142o\u015bci mikro rysy i sp\u0119kania. Dzi\u0119ki zastosowaniu wysokiej jako\u015bci sk\u0142adnik\u00f3w mineralnych fuga nie ulega przebarwieniom oraz jest odporna na wykwity.<\/p>\n<p>W fudze zastosowano specjalne pigmenty nieorganiczne, nadaj\u0105ce ochron\u0119 przed promieniowaniem UV oraz degradacj\u0105 za pomoc\u0105 hydrofobowego polimeru.<\/p>\n<h3>DANE TECHNICZNE:<\/h3>\n<ul id=\"product-attribute-specs\" class=\"data additional-attributes\">\n<li><span class=\"label\">Seria:\u00a0<\/span><span class=\"data\">ceramiczna<\/span><\/li>\n<li><span class=\"label\">Kolor:\u00a0<\/span><span class=\"data\">atramentowy<\/span><\/li>\n<li><span class=\"label\">Rodzaj fugi:\u00a0<\/span><span class=\"data\">cementowa-elastyczna<\/span><\/li>\n<li><span class=\"label\">Opakowanie:\u00a0<\/span><span class=\"data\">2 kg<\/span><\/li>\n<li><span class=\"label\">Szeroko\u015b\u0107 spoin [mm]:\u00a0<\/span><span class=\"data\">1-10 mm<\/span><\/li>\n<li><span class=\"label\">Do zastosowania:\u00a0<\/span><span class=\"data\">wewn\u0105trz i na zewn\u0105trz pomieszcze\u0144<\/span><\/li>\n<li><span class=\"label\">Typ powierzchni do spoinowania:\u00a0<\/span><span class=\"data\">wszystkie rodzaje p\u0142ytek ceramicznych, ok\u0142adziny z kamienia naturalnego, klinkier i cotto, p\u0142ytki kamionkowe, mozaiki, szk\u0142o, p\u0142ytki metalowe, luksfery<\/span><\/li>\n<li><span class=\"label\">Zmniejszone pylenia [tak\/nie]:\u00a0<\/span><span class=\"data\">nie<\/span><\/li>\n<li><span class=\"label\">Do stosowania w pomieszczeniach mokrych [tak\/nie]:\u00a0<\/span><span class=\"data\">tak<\/span><\/li>\n<li><span class=\"label\">Do stosowania w basenach [tak\/nie]:\u00a0<\/span><span class=\"data\">tak<\/span><\/li>\n<li><span class=\"label\">Temperatura stosowania:\u00a0<\/span><span class=\"data\">od +5\u00b0C do +35\u00b0C<\/span><\/li>\n<li><span class=\"label\">Odporno\u015b\u0107 termiczna:\u00a0<\/span><span class=\"data\">-30 do +80<\/span><\/li>\n<li><span class=\"label\">Dodatkowe informacje:\u00a0<\/span><span class=\"data\">ok. 0,3 kg\/m2 dla p\u0142ytek 300&#215;300 , ok. 0,5 kg\/m2 dla p\u0142ytek 150&#215;168<\/span><\/li>\n<li><span class=\"label\">EAN: 5905400572896<\/span><\/li>\n<\/ul>\n","protected":false},"excerpt":{"rendered":"<p>Fuga ceramiczna ATLAS 215 <span class=\"data\">atramentowy<\/span> to idealne rozwi\u0105zanie zar\u00f3wno dla wykonawc\u00f3w oraz wymagaj\u0105cych inwestor\u00f3w, kt\u00f3rzy ceni\u0105 sobie estetyk\u0119, funkcjonalno\u015b\u0107, oraz trwa\u0142o\u015b\u0107 rozwi\u0105za\u0144. Dzi\u0119ki dopracowanej recepturze fuga ma ceramiczn\u0105 pow\u0142ok\u0119, charakteryzuj\u0105c\u0105 si\u0119 wysok\u0105 wytrzyma\u0142o\u015bci\u0105 podczas wieloletniej eksploatacji.<\/p>\n","protected":false},"featured_media":22817,"comment_status":"open","ping_status":"closed","template":"","meta":{"_acf_changed":false,"inline_featured_image":false},"product_cat":[1453],"product_tag":[265,2410],"class_list":{"0":"post-22707","1":"product","2":"type-product","3":"status-publish","4":"has-post-thumbnail","6":"product_cat-fugi-i-silikony","7":"product_tag-atlas","8":"product_tag-fuga-ceramiczna","10":"first","11":"outofstock","12":"shipping-taxable","13":"purchasable","14":"product-type-simple"},"acf":[],"_links":{"self":[{"href":"https:\/\/e-adams.pl\/de\/wp-json\/wp\/v2\/product\/22707","targetHints":{"allow":["GET"]}}],"collection":[{"href":"https:\/\/e-adams.pl\/de\/wp-json\/wp\/v2\/product"}],"about":[{"href":"https:\/\/e-adams.pl\/de\/wp-json\/wp\/v2\/types\/product"}],"replies":[{"embeddable":true,"href":"https:\/\/e-adams.pl\/de\/wp-json\/wp\/v2\/comments?post=22707"}],"wp:featuredmedia":[{"embeddable":true,"href":"https:\/\/e-adams.pl\/de\/wp-json\/wp\/v2\/media\/22817"}],"wp:attachment":[{"href":"https:\/\/e-adams.pl\/de\/wp-json\/wp\/v2\/media?parent=22707"}],"wp:term":[{"taxonomy":"product_cat","embeddable":true,"href":"https:\/\/e-adams.pl\/de\/wp-json\/wp\/v2\/product_cat?post=22707"},{"taxonomy":"product_tag","embeddable":true,"href":"https:\/\/e-adams.pl\/de\/wp-json\/wp\/v2\/product_tag?post=22707"}],"curies":[{"name":"wp","href":"https:\/\/api.w.org\/{rel}","templated":true}]}}