{"id":22709,"date":"2023-11-20T09:31:49","date_gmt":"2023-11-20T08:31:49","guid":{"rendered":"https:\/\/e-adams.pl\/produkt\/atlas-do-usuwania-zabrudzen-1l\/"},"modified":"2024-02-15T11:49:04","modified_gmt":"2024-02-15T10:49:04","slug":"srodek-do-usuwania-zabrudzen-atlas-1l","status":"publish","type":"product","link":"https:\/\/e-adams.pl\/de\/produkt\/srodek-do-usuwania-zabrudzen-atlas-1l\/","title":{"rendered":"\u015arodek do usuwania zabrudze\u0144 ATLAS 1L"},"content":{"rendered":"<h3>OPIS:<\/h3>\n<p>\u015arodek do usuwania zabrudze\u0144 ATLAS skutecznie usuwa, zabrudzenia po farbach zewn\u0119trznych i wewn\u0119trznych, tynkach, emulsjach gruntuj\u0105cych i gruntach szczepnych z powierzchni materia\u0142\u00f3w budowlanych. Umo\u017cliwia usuwanie wyschni\u0119tych pow\u0142ok z profili balkonowych i okiennych po zako\u0144czeniu prac elewacyjnych.<\/p>\n<p>S\u0142u\u017cy do zmywania pozosta\u0142o\u015bci farb i grunt\u00f3w z posadzek, stolarki itp., po zako\u0144czeniu prac malarskich wewn\u0105trz budynku oraz zmywania starych pow\u0142ok po impregnatach akrylowych i silikonowych, przed powt\u00f3rnym naniesieniem pow\u0142oki ochronnej.<\/p>\n<h3>CHARAKTERYSTYKA:<\/h3>\n<ul>\n<li>Dost\u0119pne opakowania &#8211; butelki plastikowe 1 litr<\/li>\n<li>ATLAS \u015aRODEK DO USUWANIA ZABRUDZE\u0143 PO FARBACH, GRUNTACH i TYNKACH zawiera niejonowe \u015brodki powierzchniowo-czynne, rozpuszczalniki oraz \u015brodki alkaliczne<\/li>\n<li>mo\u017cliwo\u015b\u0107 rozcie\u0144czania &#8211; w zale\u017cno\u015bci od stopnia zabrudzenia \u015brodek mo\u017cna rozcie\u0144cza\u0107 wod\u0105 (max. w stosunku 1:5)<\/li>\n<li>usuwa osady z rdzy, kamienia, mydlin oraz zacieki wodne<\/li>\n<li>skutecznie usuwa silne zabrudzenia po farbach i tynkach dyspersyjnych<\/li>\n<li>czy\u015bci zabrudzenia po smole, smarach, t\u0142uszczach<\/li>\n<li>bezpieczny dla PVC, drewna, laminat\u00f3w, glazury<\/li>\n<li>czy\u015bci silne zabrudzenia poremontowe<\/li>\n<li>bezpieczny i \u0142atwy w u\u017cyciu &#8211; nie powoduje przebarwie\u0144 czyszczonej powierzchni<\/li>\n<li>skuteczny i szybki w dzia\u0142aniu<\/li>\n<li>nie uszkadza akrylowych obud\u00f3w prysznic\u00f3w i wanien, uszczelek i silikon\u00f3w<\/li>\n<li>Zu\u017cycie zale\u017cne jest od stopnia i charakteru zabrudze\u0144.<\/li>\n<\/ul>\n","protected":false},"excerpt":{"rendered":"<p>\u015arodek do usuwania zabrudze\u0144 ATLAS skutecznie usuwa, zabrudzenia po farbach zewn\u0119trznych i wewn\u0119trznych, tynkach, emulsjach gruntuj\u0105cych i gruntach szczepnych z powierzchni materia\u0142\u00f3w budowlanych. Umo\u017cliwia usuwanie wyschni\u0119tych pow\u0142ok z profili balkonowych i okiennych po zako\u0144czeniu prac elewacyjnych.<\/p>\n","protected":false},"featured_media":22778,"comment_status":"open","ping_status":"closed","template":"","meta":{"_acf_changed":false,"inline_featured_image":false},"product_cat":[324],"product_tag":[265,1552],"class_list":{"0":"post-22709","1":"product","2":"type-product","3":"status-publish","4":"has-post-thumbnail","6":"product_cat-srodki-czyszczace","7":"product_tag-atlas","8":"product_tag-srodek-do-usuwania-zabrudzen","10":"first","11":"outofstock","12":"shipping-taxable","13":"purchasable","14":"product-type-simple"},"acf":[],"_links":{"self":[{"href":"https:\/\/e-adams.pl\/de\/wp-json\/wp\/v2\/product\/22709","targetHints":{"allow":["GET"]}}],"collection":[{"href":"https:\/\/e-adams.pl\/de\/wp-json\/wp\/v2\/product"}],"about":[{"href":"https:\/\/e-adams.pl\/de\/wp-json\/wp\/v2\/types\/product"}],"replies":[{"embeddable":true,"href":"https:\/\/e-adams.pl\/de\/wp-json\/wp\/v2\/comments?post=22709"}],"wp:featuredmedia":[{"embeddable":true,"href":"https:\/\/e-adams.pl\/de\/wp-json\/wp\/v2\/media\/22778"}],"wp:attachment":[{"href":"https:\/\/e-adams.pl\/de\/wp-json\/wp\/v2\/media?parent=22709"}],"wp:term":[{"taxonomy":"product_cat","embeddable":true,"href":"https:\/\/e-adams.pl\/de\/wp-json\/wp\/v2\/product_cat?post=22709"},{"taxonomy":"product_tag","embeddable":true,"href":"https:\/\/e-adams.pl\/de\/wp-json\/wp\/v2\/product_tag?post=22709"}],"curies":[{"name":"wp","href":"https:\/\/api.w.org\/{rel}","templated":true}]}}