{"id":22710,"date":"2023-11-20T09:31:50","date_gmt":"2023-11-20T08:31:50","guid":{"rendered":"https:\/\/e-adams.pl\/produkt\/atlas-uni-grunt-ultra-5l\/"},"modified":"2024-02-15T11:49:04","modified_gmt":"2024-02-15T10:49:04","slug":"atlas-uni-grunt-ultra-5l","status":"publish","type":"product","link":"https:\/\/e-adams.pl\/de\/produkt\/atlas-uni-grunt-ultra-5l\/","title":{"rendered":"ATLAS UNI-GRUNT ULTRA 5L"},"content":{"rendered":"<h3>OPIS:<\/h3>\n<p>ATLAS UNI-GRUNT ULTRA jest preparatem gruntuj\u0105cym przeznaczonym do r\u00f3\u017cnych typ\u00f3w pod\u0142o\u017cy (\u015bcian, pod\u0142\u00f3g, sufit\u00f3w), wewn\u0105trz i na zewn\u0105trz budynk\u00f3w. S\u0142u\u017cy do gruntowania powierzchni przed wykonywaniem posadzek, mocowaniem ok\u0142adzin pod\u0142ogowych, tynkowaniem, szpachlowaniem, uk\u0142adaniem p\u0142ytek ceramicznych, tapetowaniem oraz malowaniem.<\/p>\n<p>W zale\u017cno\u015bci od rodzaju wykonywanej pracy oraz miejsca zastosowania grunt nale\u017cy rozcie\u0144czy\u0107 zgodnie z zaleceniami opisanymi w akapicie GRUNTOWANIE.<\/p>\n<h2>Przygotowanie pod\u0142o\u017ca:<\/h2>\n<p>Pod\u0142o\u017ce powinno by\u0107 suche, oczyszczone z kurzu, brudu, olej\u00f3w, t\u0142uszcz\u00f3w i wosku. Wszystkie lu\u017ane, nie zwi\u0105zane w\u0142a\u015bciwie z pod\u0142o\u017cem warstwy nale\u017cy przed zastosowaniem emulsji usun\u0105\u0107.<br \/>\nW przypadku tynk\u00f3w gipsowych i podk\u0142ad\u00f3w anhydrytowych nale\u017cy usun\u0105\u0107 mleczko powsta\u0142e podczas zacierania tynku.<\/p>\n<h3>DANE TECHNICZNE:<\/h3>\n<p>\u2022 G\u0119sto\u015b\u0107 emulsji: ok. 1,0 g\/cm\u00b3<br \/>\n\u2022 Temperatura pod\u0142o\u017ca i otoczenia w trakcie prac: od +5 \u00b0C do +30 \u00b0C<br \/>\n\u2022 Rozpocz\u0119cie dalszych prac po gruntowaniu (w zale\u017cno\u015bci od pod\u0142o\u017ca) :<br \/>\n&#8211; po 15 minutach: tynki, g\u0142adzie, pustaki silikatowe, bloczki gazobetonowe<br \/>\n&#8211; po 2 godzinach: posadzki samopoziomuj\u0105ce<\/p>\n","protected":false},"excerpt":{"rendered":"<p>ATLAS UNI-GRUNT ULTRA jest preparatem gruntuj\u0105cym przeznaczonym do r\u00f3\u017cnych typ\u00f3w pod\u0142o\u017cy (\u015bcian, pod\u0142\u00f3g, sufit\u00f3w), wewn\u0105trz i na zewn\u0105trz budynk\u00f3w. S\u0142u\u017cy do gruntowania powierzchni przed wykonywaniem posadzek, mocowaniem ok\u0142adzin pod\u0142ogowych, tynkowaniem, szpachlowaniem, uk\u0142adaniem p\u0142ytek ceramicznych, tapetowaniem oraz malowaniem.<\/p>\n","protected":false},"featured_media":22745,"comment_status":"open","ping_status":"closed","template":"","meta":{"_acf_changed":false,"inline_featured_image":false},"product_cat":[327],"product_tag":[265,2371],"class_list":{"0":"post-22710","1":"product","2":"type-product","3":"status-publish","4":"has-post-thumbnail","6":"product_cat-grunty","7":"product_tag-atlas","8":"product_tag-uni-grunt","10":"first","11":"outofstock","12":"shipping-taxable","13":"purchasable","14":"product-type-simple"},"acf":[],"_links":{"self":[{"href":"https:\/\/e-adams.pl\/de\/wp-json\/wp\/v2\/product\/22710","targetHints":{"allow":["GET"]}}],"collection":[{"href":"https:\/\/e-adams.pl\/de\/wp-json\/wp\/v2\/product"}],"about":[{"href":"https:\/\/e-adams.pl\/de\/wp-json\/wp\/v2\/types\/product"}],"replies":[{"embeddable":true,"href":"https:\/\/e-adams.pl\/de\/wp-json\/wp\/v2\/comments?post=22710"}],"wp:featuredmedia":[{"embeddable":true,"href":"https:\/\/e-adams.pl\/de\/wp-json\/wp\/v2\/media\/22745"}],"wp:attachment":[{"href":"https:\/\/e-adams.pl\/de\/wp-json\/wp\/v2\/media?parent=22710"}],"wp:term":[{"taxonomy":"product_cat","embeddable":true,"href":"https:\/\/e-adams.pl\/de\/wp-json\/wp\/v2\/product_cat?post=22710"},{"taxonomy":"product_tag","embeddable":true,"href":"https:\/\/e-adams.pl\/de\/wp-json\/wp\/v2\/product_tag?post=22710"}],"curies":[{"name":"wp","href":"https:\/\/api.w.org\/{rel}","templated":true}]}}