{"id":22712,"date":"2023-11-20T09:31:51","date_gmt":"2023-11-20T08:31:51","guid":{"rendered":"https:\/\/e-adams.pl\/produkt\/atlas-m-system-kt-3g-120pp-m8-fi-65-l150-bx\/"},"modified":"2024-07-15T11:31:18","modified_gmt":"2024-07-15T09:31:18","slug":"atlas-m-system-3g-120pp-m8-fi-65-l150-bx","status":"publish","type":"product","link":"https:\/\/e-adams.pl\/de\/produkt\/atlas-m-system-3g-120pp-m8-fi-65-l150-bx\/","title":{"rendered":"ATLAS M-SYSTEM 3G 120PP M8\/FI 6,5 L150 BX"},"content":{"rendered":"<h3>OPIS:<\/h3>\n<p>\u0141\u0105cznik do monta\u017cu p\u0142yt g-k ATLAS M-SYSTEM 3G to niezast\u0105piony element podczas prac budowlanych i remontowych. Produkt pozwala na po\u0142\u0105czenie p\u0142yt kartonowo-gipsowych, cementowo-w\u0142\u00f3knowych oraz wykonanych z materia\u0142\u00f3w drewnopochodnych. \u0141\u0105cznik zapewnia szybki i \u0142atwy monta\u017c. Z tym produktem minimalny odst\u0119p p\u0142yty od pod\u0142o\u017ca to ju\u017c jeden centymetr.<\/p>\n<p>\u0141\u0105czniki s\u0105 wygodne w transporcie<\/p>\n<h3>W\u0141A\u015aCIWO\u015aCI:<\/h3>\n<p>\u0141atwy w monta\u017cu &#8211; mocowanie punktowe umo\u017cliwia wykonywanie<br \/>\nprac (monta\u017c \u0142\u0105cznik\u00f3w talerzykowych i p\u0142yt ok\u0142adzinowych) przez<br \/>\njedn\u0105 osob\u0119.<\/p>\n<p>Bardzo szybki post\u0119p prac \u2013 mocowanie pe\u0142nowymiarowej p\u0142yty<br \/>\nogranicza si\u0119 do dw\u00f3ch etap\u00f3w: wykonania kilkunastu otwor\u00f3w,<br \/>\nw kt\u00f3rych nale\u017cy zamocowa\u0107 \u0142\u0105czniki oraz do przykr\u0119cenia p\u0142yty do<br \/>\ntalerzyk\u00f3w przy u\u017cyciu stalowych wkr\u0119t\u00f3w.<\/p>\n<p>P\u0142ynna regulacja dystansu pomi\u0119dzy p\u0142yt\u0105 a pod\u0142o\u017cem oraz k\u0105ta nachylenia p\u0142yt poszycia (\u00b127\u00b0) \u2013 dystans p\u0142yt od pod\u0142o\u017ca mo\u017ce by\u0107 dowolnie regulowany, niezale\u017cnie od geometrii \u015bcian lub wypraw tynkarskich, w zakresie 14-200 mm, a po zastosowaniu element\u00f3w<br \/>\nprzed\u0142u\u017caj\u0105cych w przypadku sufit\u00f3w nawet do ponad 500 mm.<br \/>\nUmo\u017cliwia monta\u017c ok\u0142adzin z p\u0142yt pod k\u0105tem (max \u00b127\u00b0).<\/p>\n<p>Pod\u0142o\u017ce (zar\u00f3wno mineralne, jak i drewniane) do mocowania ATLAS<br \/>\nM-systemu 3G powinno by\u0107 stabilne i no\u015bne. Nie wymaga prac przygotowawczych: wyr\u00f3wnania, skucia sp\u0119kanych wypraw tynkarskich,<br \/>\ngruntowania, itp. \u2013 system umo\u017cliwia precyzyjny monta\u017c p\u0142yt na bardzo nier\u00f3wnych lub sp\u0119kanych wyprawach tynkarskich, w miejscach<br \/>\nwyst\u0119powania uskok\u00f3w \u015bcian, itp.<\/p>\n<p>Mo\u017cliwo\u015b\u0107 korekty geometrii \u015bcian w przypadku wyst\u0119powania naro\u017cnik\u00f3w wkl\u0119s\u0142ych lub wypuk\u0142ych o k\u0105cie innym ni\u017c 90\u00b0 \u2013 \u0142\u0105czniki<br \/>\nmog\u0105 by\u0107 stosowane jako element uzupe\u0142niaj\u0105cy w przypadku klejenia p\u0142yt do pod\u0142o\u017cy o bardzo du\u017cych nier\u00f3wno\u015bciach (&gt;20 mm).<br \/>\nMog\u0105 by\u0107 wtedy osadzane lokalnie w miejscach wyst\u0119powania najwi\u0119kszych nier\u00f3wno\u015bci, bez konieczno\u015bci wykonywania tzw. podklejek.<\/p>\n","protected":false},"excerpt":{"rendered":"<p>\u0141\u0105cznik do monta\u017cu p\u0142yt g-k ATLAS M-SYSTEM 3G to niezast\u0105piony element podczas prac budowlanych i remontowych. Produkt pozwala na po\u0142\u0105czenie p\u0142yt kartonowo-gipsowych, cementowo-w\u0142\u00f3knowych oraz wykonanych z materia\u0142\u00f3w drewnopochodnych. \u0141\u0105cznik zapewnia szybki i \u0142atwy monta\u017c. Z tym produktem minimalny odst\u0119p p\u0142yty od pod\u0142o\u017ca to ju\u017c jeden centymetr.<\/p>\n","protected":false},"featured_media":22761,"comment_status":"open","ping_status":"closed","template":"","meta":{"_acf_changed":false,"inline_featured_image":false},"product_cat":[2680],"product_tag":[265,2377],"class_list":{"0":"post-22712","1":"product","2":"type-product","3":"status-publish","4":"has-post-thumbnail","6":"product_cat-systemy-do-zabudowy","7":"product_tag-atlas","8":"product_tag-m-system","10":"first","11":"instock","12":"shipping-taxable","13":"purchasable","14":"product-type-simple"},"acf":[],"_links":{"self":[{"href":"https:\/\/e-adams.pl\/de\/wp-json\/wp\/v2\/product\/22712","targetHints":{"allow":["GET"]}}],"collection":[{"href":"https:\/\/e-adams.pl\/de\/wp-json\/wp\/v2\/product"}],"about":[{"href":"https:\/\/e-adams.pl\/de\/wp-json\/wp\/v2\/types\/product"}],"replies":[{"embeddable":true,"href":"https:\/\/e-adams.pl\/de\/wp-json\/wp\/v2\/comments?post=22712"}],"wp:featuredmedia":[{"embeddable":true,"href":"https:\/\/e-adams.pl\/de\/wp-json\/wp\/v2\/media\/22761"}],"wp:attachment":[{"href":"https:\/\/e-adams.pl\/de\/wp-json\/wp\/v2\/media?parent=22712"}],"wp:term":[{"taxonomy":"product_cat","embeddable":true,"href":"https:\/\/e-adams.pl\/de\/wp-json\/wp\/v2\/product_cat?post=22712"},{"taxonomy":"product_tag","embeddable":true,"href":"https:\/\/e-adams.pl\/de\/wp-json\/wp\/v2\/product_tag?post=22712"}],"curies":[{"name":"wp","href":"https:\/\/api.w.org\/{rel}","templated":true}]}}