{"id":22714,"date":"2023-11-20T09:31:53","date_gmt":"2023-11-20T08:31:53","guid":{"rendered":"https:\/\/e-adams.pl\/produkt\/atlas-efekt-mokrego-kamienia-250ml\/"},"modified":"2024-02-15T11:49:25","modified_gmt":"2024-02-15T10:49:25","slug":"impregnat-atlas-efekt-mokrego-kamienia-250ml","status":"publish","type":"product","link":"https:\/\/e-adams.pl\/de\/produkt\/impregnat-atlas-efekt-mokrego-kamienia-250ml\/","title":{"rendered":"Impregnat ATLAS efekt mokrego kamienia 250ML"},"content":{"rendered":"<h3>OPIS:<\/h3>\n<p>Impregnat ATLAS efekt mokrego kamienia jest rozpuszczalnikowym roztworem mieszaniny silan\u00f3w i siloksan\u00f3w. Tworzy efekt mokrego kamienia, bez nadawania po\u0142ysku. Wzmacnia barw\u0119 kamienia naturalnego \u2013 przywraca kolor lub go intensyfikuje (pog\u0142\u0119bia). Nie powoduje efektu \u015bliskiej powierzchni.<\/p>\n<h3>IMPREGNOWANIE:<\/h3>\n<p>ATLAS EFEKT MOKREGO KAMIENIA nanosi si\u0119 na pod\u0142o\u017ce w postaci nierozcie\u0144czonej p\u0119dzlem lub wa\u0142kiem, jako cienk\u0105 i r\u00f3wnomiern\u0105 warstw\u0119 i pozostawia na okres 15-20 minut. W tym czasie impregnat wsi\u0105knie w pod\u0142o\u017ce. Niewch\u0142oni\u0119ty nadmiar nale\u017cy wytrze\u0107 such\u0105, niepyl\u0105c\u0105 \u015bciereczk\u0105.<br \/>\nNa bardziej ch\u0142onnych pod\u0142o\u017cach, po minimum 8 godzinach p\u0142yn nanie\u015b\u0107 jeszcze raz, poprzecznie do pierwszej warstwy. U\u017cytkowanie posadzki nale\u017cy rozpocz\u0105\u0107 nie wcze\u015bniej ni\u017c po 24 godzinach od na\u0142o\u017cenia emulsji. Pe\u0142ne sieciowanie wyrobu nast\u0119puje do 7 dni od aplikacji i zale\u017cy od warunk\u00f3w otoczenia. Impregnacj\u0119 mo\u017cna ponowi\u0107 po kilku miesi\u0105cach (czas zale\u017cy od intensywno\u015bci eksploatacji danej powierzchni).<\/p>\n<h3>WYDAJNO\u015a\u0106:<\/h3>\n<p>\u015arednio zu\u017cywa si\u0119 0,25 l impregnatu na oko\u0142o 10 m\u00b2 (1 litr na ok. 40 m\u00b2).<br \/>\nW praktyce zu\u017cycie zale\u017cne jest od stopnia ch\u0142onno\u015bci pod\u0142o\u017ca i rodzaju impregnowanego elementu.<\/p>\n<p>&nbsp;<\/p>\n","protected":false},"excerpt":{"rendered":"<p>Impregnat ATLAS efekt mokrego kamienia jest rozpuszczalnikowym roztworem mieszaniny silan\u00f3w i siloksan\u00f3w. Tworzy efekt mokrego kamienia, bez nadawania po\u0142ysku. Wzmacnia barw\u0119 kamienia naturalnego \u2013 przywraca kolor lub go intensyfikuje (pog\u0142\u0119bia). Nie powoduje efektu \u015bliskiej powierzchni.<\/p>\n","protected":false},"featured_media":22780,"comment_status":"open","ping_status":"closed","template":"","meta":{"_acf_changed":false,"inline_featured_image":false},"product_cat":[1590],"product_tag":[265,2387,339],"class_list":{"0":"post-22714","1":"product","2":"type-product","3":"status-publish","4":"has-post-thumbnail","6":"product_cat-impregnaty-i-srodki-do-czyszczenia","7":"product_tag-atlas","8":"product_tag-efekt-mokrego-kamienia","9":"product_tag-impregnat","11":"first","12":"outofstock","13":"shipping-taxable","14":"purchasable","15":"product-type-simple"},"acf":[],"_links":{"self":[{"href":"https:\/\/e-adams.pl\/de\/wp-json\/wp\/v2\/product\/22714","targetHints":{"allow":["GET"]}}],"collection":[{"href":"https:\/\/e-adams.pl\/de\/wp-json\/wp\/v2\/product"}],"about":[{"href":"https:\/\/e-adams.pl\/de\/wp-json\/wp\/v2\/types\/product"}],"replies":[{"embeddable":true,"href":"https:\/\/e-adams.pl\/de\/wp-json\/wp\/v2\/comments?post=22714"}],"wp:featuredmedia":[{"embeddable":true,"href":"https:\/\/e-adams.pl\/de\/wp-json\/wp\/v2\/media\/22780"}],"wp:attachment":[{"href":"https:\/\/e-adams.pl\/de\/wp-json\/wp\/v2\/media?parent=22714"}],"wp:term":[{"taxonomy":"product_cat","embeddable":true,"href":"https:\/\/e-adams.pl\/de\/wp-json\/wp\/v2\/product_cat?post=22714"},{"taxonomy":"product_tag","embeddable":true,"href":"https:\/\/e-adams.pl\/de\/wp-json\/wp\/v2\/product_tag?post=22714"}],"curies":[{"name":"wp","href":"https:\/\/api.w.org\/{rel}","templated":true}]}}