{"id":22716,"date":"2023-11-20T09:31:54","date_gmt":"2023-11-20T08:31:54","guid":{"rendered":"https:\/\/e-adams.pl\/produkt\/atlas-bejca-do-tynku-kolor-04-dab-4l\/"},"modified":"2025-06-23T17:09:23","modified_gmt":"2025-06-23T15:09:23","slug":"bejca-do-tynku-imitujacego-drewno-atlas-04-dab-4l","status":"publish","type":"product","link":"https:\/\/e-adams.pl\/de\/produkt\/bejca-do-tynku-imitujacego-drewno-atlas-04-dab-4l\/","title":{"rendered":"Bejca do tynku imituj\u0105cego drewno ATLAS 04 DAB 4L"},"content":{"rendered":"<h3>OPIS:<\/h3>\n<p>Bejca do tynku imituj\u0105cego drewno ATLAS 04 DAB przeznaczona jest do wykonywania cienkiej, kolorowej pow\u0142oki hydrofobowej w celu ochrony tynk\u00f3w ozdobnych ATLAS CERMIT WN, imituj\u0105cych faktur\u0119 naturalnego drewna. Produkt jest elementem system\u00f3w ocieple\u0144 ATLAS ETICS i ATLAS ROKER.<\/p>\n<p>Mo\u017ce by\u0107 stosowany r\u00f3wnie\u017c na pod\u0142o\u017cach betonowych, wszelkiego typu tynkach mineralnych (g\u0142adkich, fakturowanych, itp.), tynkach i szpachl\u00f3wkach gipsowych, p\u0142ytach gipsowo-kartonowych, itp.<\/p>\n<p>Specjalnie selekcjonowane pigmenty p\u00f3\u0142transparentne o wysokiej odporno\u015bci na UV, uzupe\u0142nione niewielkimi dodatkami pigment\u00f3w nieorganicznych, zapewniaj\u0105 stabilno\u015b\u0107 kolor\u00f3w przez lata.<\/p>\n<h3>W\u0141A\u015aCIWO\u015aCI:<\/h3>\n<p>ATLAS BEJCA produkowana jest na bazie mieszaniny dyspersji polimer\u00f3w niskocz\u0105steczkowych oraz \u017cywic silikonowych.<\/p>\n<p>Elastyczno\u015b\u0107 pow\u0142oki oraz wysoka odporno\u015b\u0107 na warunki atmosferyczne \u2013 zapewniona dzi\u0119ki du\u017cej zawarto\u015bci dyspersji polimerowych.<\/p>\n<p>Silna hydrofobowo\u015b\u0107, wysoka odporno\u015b\u0107 na zabrudzenia \u2013 dodatek<br \/>\nspecjalnych \u017cywic silikonowych pozwala na znaczn\u0105 redukcj\u0119 nasi\u0105kliwo\u015bci pow\u0142oki oraz redukuje przywieranie kurzu i zabrudze\u0144,<br \/>\nzw\u0142aszcza w zag\u0142\u0119bieniach tynku.<\/p>\n<p>Trwa\u0142e i stabilne kolory \u2013 specjalnie selekcjonowane pigmenty p\u00f3\u0142transparentne o wysokiej odporno\u015bci na UV, uzupe\u0142nione niewielkimi dodatkami pigment\u00f3w nieorganicznych, zapewniaj\u0105 stabilno\u015b\u0107<br \/>\nkolor\u00f3w przez lata.<\/p>\n<p>Dost\u0119pna w 10 kolorach naturalnego drewna \u2013 kolorystyka projektowana zgodn<\/p>\n<div class=\"text\">\n<p>Wydajno\u015b\u0107 z 1 litra przy jednokrotnym malowaniu wynosi 4-5 m\u00b2. Dok\u0142adna warto\u015b\u0107 zu\u017cycia mo\u017cliwa jest do okre\u015blenia na podstawie pr\u00f3by wykonanej na tynkowanym pod\u0142o\u017cu.<\/p>\n<p>&nbsp;<\/p>\n<\/div>\n<p>&nbsp;<\/p>\n","protected":false},"excerpt":{"rendered":"<p>Bejca do tynku imituj\u0105cego drewno ATLAS 04 DAB przeznaczona jest do wykonywania cienkiej, kolorowej pow\u0142oki hydrofobowej w celu ochrony tynk\u00f3w ozdobnych ATLAS CERMIT WN, imituj\u0105cych faktur\u0119 naturalnego drewna. Produkt jest elementem system\u00f3w ocieple\u0144 ATLAS ETICS i ATLAS ROKER.<\/p>\n","protected":false},"featured_media":22772,"comment_status":"open","ping_status":"closed","template":"","meta":{"_acf_changed":false,"inline_featured_image":false},"product_cat":[322],"product_tag":[265,2382],"class_list":{"0":"post-22716","1":"product","2":"type-product","3":"status-publish","4":"has-post-thumbnail","6":"product_cat-lakiery-bejce-impregnaty-do-drewna","7":"product_tag-atlas","8":"product_tag-bejca-do-tynku","10":"first","11":"outofstock","12":"shipping-taxable","13":"product-type-simple"},"acf":[],"_links":{"self":[{"href":"https:\/\/e-adams.pl\/de\/wp-json\/wp\/v2\/product\/22716","targetHints":{"allow":["GET"]}}],"collection":[{"href":"https:\/\/e-adams.pl\/de\/wp-json\/wp\/v2\/product"}],"about":[{"href":"https:\/\/e-adams.pl\/de\/wp-json\/wp\/v2\/types\/product"}],"replies":[{"embeddable":true,"href":"https:\/\/e-adams.pl\/de\/wp-json\/wp\/v2\/comments?post=22716"}],"wp:featuredmedia":[{"embeddable":true,"href":"https:\/\/e-adams.pl\/de\/wp-json\/wp\/v2\/media\/22772"}],"wp:attachment":[{"href":"https:\/\/e-adams.pl\/de\/wp-json\/wp\/v2\/media?parent=22716"}],"wp:term":[{"taxonomy":"product_cat","embeddable":true,"href":"https:\/\/e-adams.pl\/de\/wp-json\/wp\/v2\/product_cat?post=22716"},{"taxonomy":"product_tag","embeddable":true,"href":"https:\/\/e-adams.pl\/de\/wp-json\/wp\/v2\/product_tag?post=22716"}],"curies":[{"name":"wp","href":"https:\/\/api.w.org\/{rel}","templated":true}]}}