{"id":22717,"date":"2023-11-20T09:31:55","date_gmt":"2023-11-20T08:31:55","guid":{"rendered":"https:\/\/e-adams.pl\/produkt\/atlas-uni-grunt-kolor-5l-niebieski\/"},"modified":"2024-02-15T11:49:25","modified_gmt":"2024-02-15T10:49:25","slug":"atlas-uni-grunt-kolor-5l","status":"publish","type":"product","link":"https:\/\/e-adams.pl\/de\/produkt\/atlas-uni-grunt-kolor-5l\/","title":{"rendered":"ATLAS UNI-GRUNT KOLOR 5L"},"content":{"rendered":"<h3>OPIS:<\/h3>\n<p>ATLAS UNI-GRUNT KOLOR jest impregnatem do gruntowania, produkowanym na bazie najwy\u017cszej jako\u015bci wodnej dyspersji \u017cywic polimerowych. Przeznaczony do aplikacji w podwy\u017cszonej temperaturze \u2013 rekomendowany do u\u017cycia w zakresie od 5 \u00b0C do 30 \u00b0C, wewn\u0105trz i na zewn\u0105trz budynk\u00f3w. Bezrozpuszczalnikowy, wodorozcie\u0144czalny.<\/p>\n<p>Do nanoszenia wa\u0142kiem, p\u0119dzlem lub metod\u0105 natryskow\u0105.<\/p>\n<p>Specjalnie dobrany pigment barwi pod\u0142o\u017ce, umo\u017cliwiaj\u0105c kontrol\u0119 post\u0119pu prac, zar\u00f3wno gdy grunt jest jeszcze mokry, jak r\u00f3wnie\u017c gdy ju\u017c wyschnie &#8211; uzyskany kolor nie obni\u017ca zdolno\u015bci krycia pow\u0142ok malarskich.<\/p>\n<h3>DANE TECHNICZNE:<\/h3>\n<p>\u2022 G\u0119sto\u015b\u0107 emulsji: ok. 1,0 g\/cm\u00b3<br \/>\n\u2022 Temperatura pod\u0142o\u017ca i otoczenia w trakcie prac: od +5 \u00b0C do +30 \u00b0C<br \/>\n\u2022 Przyklejanie ok\u0142adzin klejami cementowymi na pod\u0142o\u017cach mineralnych: po ok. 15 minutach<br \/>\n\u2022 Tynkowanie \u015bcian z pustak\u00f3w ceramicznych, silikatowych i bloczk\u00f3w gazobetonowych: po ok. 15 minutach<br \/>\n\u2022 Wykonywanie posadzek samopoziomuj\u0105cych: po ok. 2 godzinach<br \/>\n\u2022 Nak\u0142adanie g\u0142adzi, malowanie i tapetowanie: po ok. 2 godzinach<br \/>\n\u2022 Kod EAN : 5905400604184<\/p>\n","protected":false},"excerpt":{"rendered":"<p>ATLAS UNI-GRUNT KOLOR jest impregnatem do gruntowania, produkowanym na bazie najwy\u017cszej jako\u015bci wodnej dyspersji \u017cywic polimerowych. Przeznaczony do aplikacji w podwy\u017cszonej temperaturze \u2013 rekomendowany do u\u017cycia w zakresie od 5 \u00b0C do 30 \u00b0C, wewn\u0105trz i na zewn\u0105trz budynk\u00f3w. Bezrozpuszczalnikowy, wodorozcie\u0144czalny.<\/p>\n","protected":false},"featured_media":22749,"comment_status":"open","ping_status":"closed","template":"","meta":{"_acf_changed":false,"inline_featured_image":false},"product_cat":[327],"product_tag":[265,2372],"class_list":{"0":"post-22717","1":"product","2":"type-product","3":"status-publish","4":"has-post-thumbnail","6":"product_cat-grunty","7":"product_tag-atlas","8":"product_tag-uni-grunt-kolor","10":"first","11":"outofstock","12":"shipping-taxable","13":"purchasable","14":"product-type-simple"},"acf":[],"_links":{"self":[{"href":"https:\/\/e-adams.pl\/de\/wp-json\/wp\/v2\/product\/22717","targetHints":{"allow":["GET"]}}],"collection":[{"href":"https:\/\/e-adams.pl\/de\/wp-json\/wp\/v2\/product"}],"about":[{"href":"https:\/\/e-adams.pl\/de\/wp-json\/wp\/v2\/types\/product"}],"replies":[{"embeddable":true,"href":"https:\/\/e-adams.pl\/de\/wp-json\/wp\/v2\/comments?post=22717"}],"wp:featuredmedia":[{"embeddable":true,"href":"https:\/\/e-adams.pl\/de\/wp-json\/wp\/v2\/media\/22749"}],"wp:attachment":[{"href":"https:\/\/e-adams.pl\/de\/wp-json\/wp\/v2\/media?parent=22717"}],"wp:term":[{"taxonomy":"product_cat","embeddable":true,"href":"https:\/\/e-adams.pl\/de\/wp-json\/wp\/v2\/product_cat?post=22717"},{"taxonomy":"product_tag","embeddable":true,"href":"https:\/\/e-adams.pl\/de\/wp-json\/wp\/v2\/product_tag?post=22717"}],"curies":[{"name":"wp","href":"https:\/\/api.w.org\/{rel}","templated":true}]}}