{"id":22719,"date":"2023-11-20T09:31:56","date_gmt":"2023-11-20T08:31:56","guid":{"rendered":"https:\/\/e-adams.pl\/produkt\/atlas-gipsar-plus-biala-gladz-szpachlowa-20kg\/"},"modified":"2024-02-15T11:49:26","modified_gmt":"2024-02-15T10:49:26","slug":"gladz-gipsowa-biala-atlas-gipsar-plus-20kg","status":"publish","type":"product","link":"https:\/\/e-adams.pl\/de\/produkt\/gladz-gipsowa-biala-atlas-gipsar-plus-20kg\/","title":{"rendered":"G\u0142ad\u017a gipsowa bia\u0142a ATLAS GIPSAR PLUS 20KG"},"content":{"rendered":"<h3>OPIS:<\/h3>\n<p>G\u0142ad\u017a gipsowa bia\u0142a ATLAS GIPSAR PLUS\u00a0 s<span class=\"txt\">\u0142u\u017cy do wykonywania g\u0142adzi gipsowych na \u015bcianach i sufitach. Wype\u0142nia niewielkie ubytki na \u015bcianach i sufitach \u2013 mo\u017ce by\u0107 u\u017cywany do naprawiania powierzchni przed wykonaniem g\u0142adzi. Rodzaje pod\u0142o\u017cy \u2013 beton, gazobeton, gips, tynki cementowe, cementowo-wapienne i gipsowe. <\/span><\/p>\n<p><span class=\"txt\">Rodzaje warstw wyko\u0144czeniowych \u2013 pow\u0142oki malarskie oraz tapety.\u00a0<\/span><span class=\"title\">G\u0142\u00f3wne w\u0142a\u015bciwo\u015bci<\/span>\u00a0<span class=\"txt\">\u2022 zwi\u0119kszona twardo\u015b\u0107<br \/>\n\u2022 plastyczny podczas aplikacji<br \/>\n\u2022 aplikacja mechaniczna<br \/>\n\u2022 tworzy mocne i stabilne pod\u0142o\u017ce\u00a0<\/span><span class=\"title\">G\u0142\u00f3wne parametry<\/span>\u00a0<span class=\"txt\">\u2022 zu\u017cycie: 1 kg\/1 m<sup>2<\/sup>\/1 mm grubo\u015bci<br \/>\n\u2022 grubo\u015b\u0107 warstwy: ok. 2 mm<\/span><\/p>\n<h3>DANE TECHNICZNE:<\/h3>\n<p>GIPSAR PLUS produkowany jest w postaci suchej mieszanki gipsu syntetycznego, wype\u0142niaczy mineralnych, dodatk\u00f3w modyfikuj\u0105cych oraz regulator\u00f3w<br \/>\nczasu wi\u0105zania.<\/p>\n<p>\u2022 G\u0119sto\u015b\u0107 nasypowa (suchej mieszanki): ok. 1,00 kg\/dm\u00b3<br \/>\n\u2022 G\u0119sto\u015b\u0107 obj\u0119to\u015bciowa masy (po wymieszaniu): ok. 1,70 kg\/dm\u00b3<br \/>\n\u2022 Proporcje woda\/sucha mieszanka: ok. 8,0\u00f710,0 l\/20 kg<br \/>\n\u2022 Max. grubo\u015b\u0107 jednej warstwy: 2 mm<br \/>\n\u2022 Temperatura pod\u0142o\u017ca i otoczenia: od +5 \u00b0C do +25 \u00b0C<br \/>\n\u2022 Wilgotno\u015b\u0107 w pomieszczeniu: do 70%<br \/>\n\u2022 Czas dojrzewania: 5 minut<br \/>\n\u2022 Czas gotowo\u015bci do pracy: min. 1 godzina<\/p>\n","protected":false},"excerpt":{"rendered":"<p>G\u0142ad\u017a gipsowa bia\u0142a ATLAS GIPSAR PLUS s<span class=\"txt\">\u0142u\u017cy do wykonywania g\u0142adzi gipsowych na \u015bcianach i sufitach. Wype\u0142nia niewielkie ubytki na \u015bcianach i sufitach \u2013 mo\u017ce by\u0107 u\u017cywany do naprawiania powierzchni przed wykonaniem g\u0142adzi. Rodzaje pod\u0142o\u017cy \u2013 beton, gazobeton, gips, tynki cementowe, cementowo-wapienne i gipsowe.<\/span><\/p>\n","protected":false},"featured_media":22782,"comment_status":"open","ping_status":"closed","template":"","meta":{"_acf_changed":false,"inline_featured_image":false},"product_cat":[275],"product_tag":[265,2389,2388],"class_list":{"0":"post-22719","1":"product","2":"type-product","3":"status-publish","4":"has-post-thumbnail","6":"product_cat-gipsy-zaprawy","7":"product_tag-atlas","8":"product_tag-gipsar-plus","9":"product_tag-gladz-gipsowa","11":"first","12":"outofstock","13":"shipping-taxable","14":"purchasable","15":"product-type-simple"},"acf":[],"_links":{"self":[{"href":"https:\/\/e-adams.pl\/de\/wp-json\/wp\/v2\/product\/22719","targetHints":{"allow":["GET"]}}],"collection":[{"href":"https:\/\/e-adams.pl\/de\/wp-json\/wp\/v2\/product"}],"about":[{"href":"https:\/\/e-adams.pl\/de\/wp-json\/wp\/v2\/types\/product"}],"replies":[{"embeddable":true,"href":"https:\/\/e-adams.pl\/de\/wp-json\/wp\/v2\/comments?post=22719"}],"wp:featuredmedia":[{"embeddable":true,"href":"https:\/\/e-adams.pl\/de\/wp-json\/wp\/v2\/media\/22782"}],"wp:attachment":[{"href":"https:\/\/e-adams.pl\/de\/wp-json\/wp\/v2\/media?parent=22719"}],"wp:term":[{"taxonomy":"product_cat","embeddable":true,"href":"https:\/\/e-adams.pl\/de\/wp-json\/wp\/v2\/product_cat?post=22719"},{"taxonomy":"product_tag","embeddable":true,"href":"https:\/\/e-adams.pl\/de\/wp-json\/wp\/v2\/product_tag?post=22719"}],"curies":[{"name":"wp","href":"https:\/\/api.w.org\/{rel}","templated":true}]}}