{"id":22720,"date":"2023-11-20T09:31:57","date_gmt":"2023-11-20T08:31:57","guid":{"rendered":"https:\/\/e-adams.pl\/produkt\/atlas-sam-200-25kg-wylewka-samopoziomujaca\/"},"modified":"2024-02-15T11:49:26","modified_gmt":"2024-02-15T10:49:26","slug":"wylewka-samopoziomujaca-atlas-sam-200-25kg","status":"publish","type":"product","link":"https:\/\/e-adams.pl\/de\/produkt\/wylewka-samopoziomujaca-atlas-sam-200-25kg\/","title":{"rendered":"Wylewka samopoziomuj\u0105ca ATLAS SAM 200 25KG"},"content":{"rendered":"<h3>OPIS:<\/h3>\n<p>Wylewka samopoziomuj\u0105ca ATLAS SAM 200 wyr\u00f3wnuje pod\u0142o\u017ca w zakresie 25-60 mm. Przeznaczony do u\u017cycia w pomieszczeniach suchych: pokojach mieszkalnych, przedpokojach, holach, salonach, biurach, korytarzach, poczekalniach itp. Jest idealnym materia\u0142em do zatapiania ogrzewania pod\u0142ogowego, elektrycznego b\u0105d\u017a wodnego.<\/p>\n<p>Tworzy podk\u0142ad pod p\u0142ytki, wyk\u0142adziny PVC, dywanowe, panele. ATLAS SAM 200 produkowany jest w postaci suchej mieszanki, wykonanej na bazie wysokogatunkowego anhydrytu.<\/p>\n<p>G\u0142\u00f3wne w\u0142a\u015bciwo\u015bci SAM 200. Rozp\u0142ywno\u015b\u0107 \u2013 pozwala uzyska\u0107 poziom\u0105 i g\u0142adk\u0105 powierzchni\u0119 nawet w du\u017cych pomieszczeniach, bez konieczno\u015bci stosowania prowadnic i \u015bci\u0105gania masy \u0142atami. Ograniczony skurcz \u2013 do minimum ograniczona jest mo\u017cliwo\u015b\u0107 powstawania rys skurczowych podczas wysychania, co pozwala na wykonywanie p\u00f3l roboczych o powierzchni do 50 m\u00b2 bez dylatacji po\u015brednich.<\/p>\n<p>SAM 200 przystosowany jest do wykonywania r\u0119cznego lub maszynowego &#8211; mo\u017cna go \u0142atwo i szybko nak\u0142ada\u0107, zar\u00f3wno r\u0119cznie, jak i przy u\u017cyciu maszyn wyposa\u017conych w pompy \u015blimakowe.<\/p>\n<h3>DANE TECHNICZNE:<\/h3>\n<p>\u2022 Waga (kg): 25kg<br \/>\n\u2022 Materia\u0142: Cement<br \/>\n\u2022 Grubo\u015b\u0107 nak\u0142adania: 30mm<br \/>\n\u2022 Czas schni\u0119cia: 28 dni<br \/>\n\u2022 Instrukcje dotycz\u0105ce przechowywania: Okres przechowywania: 6 miesi\u0119cy<br \/>\n\u2022 Wytrzyma\u0142o\u015b\u0107 na \u015bciskanie: C16<br \/>\n\u2022 Ogrzewanie pod\u0142ogowe: Odpowiedni do u\u017cytku z ogrzewaniem pod\u0142ogowym<br \/>\n\u2022 Kod EAN: 5905400279269<\/p>\n","protected":false},"excerpt":{"rendered":"<p>Wylewka samopoziomuj\u0105ca ATLAS SAM 200 wyr\u00f3wnuje pod\u0142o\u017ca w zakresie 25-60 mm. Przeznaczony do u\u017cycia w pomieszczeniach suchych: pokojach mieszkalnych, przedpokojach, holach, salonach, biurach, korytarzach, poczekalniach itp. Jest idealnym materia\u0142em do zatapiania ogrzewania pod\u0142ogowego, elektrycznego b\u0105d\u017a wodnego.<\/p>\n","protected":false},"featured_media":22767,"comment_status":"open","ping_status":"closed","template":"","meta":{"_acf_changed":false,"inline_featured_image":false},"product_cat":[281],"product_tag":[2380,1754],"class_list":{"0":"post-22720","1":"product","2":"type-product","3":"status-publish","4":"has-post-thumbnail","6":"product_cat-wylewki-posadzkowe","7":"product_tag-atlas-sam","8":"product_tag-wylewka-samopoziomujaca","10":"first","11":"outofstock","12":"shipping-taxable","13":"purchasable","14":"product-type-simple"},"acf":[],"_links":{"self":[{"href":"https:\/\/e-adams.pl\/de\/wp-json\/wp\/v2\/product\/22720","targetHints":{"allow":["GET"]}}],"collection":[{"href":"https:\/\/e-adams.pl\/de\/wp-json\/wp\/v2\/product"}],"about":[{"href":"https:\/\/e-adams.pl\/de\/wp-json\/wp\/v2\/types\/product"}],"replies":[{"embeddable":true,"href":"https:\/\/e-adams.pl\/de\/wp-json\/wp\/v2\/comments?post=22720"}],"wp:featuredmedia":[{"embeddable":true,"href":"https:\/\/e-adams.pl\/de\/wp-json\/wp\/v2\/media\/22767"}],"wp:attachment":[{"href":"https:\/\/e-adams.pl\/de\/wp-json\/wp\/v2\/media?parent=22720"}],"wp:term":[{"taxonomy":"product_cat","embeddable":true,"href":"https:\/\/e-adams.pl\/de\/wp-json\/wp\/v2\/product_cat?post=22720"},{"taxonomy":"product_tag","embeddable":true,"href":"https:\/\/e-adams.pl\/de\/wp-json\/wp\/v2\/product_tag?post=22720"}],"curies":[{"name":"wp","href":"https:\/\/api.w.org\/{rel}","templated":true}]}}