{"id":22722,"date":"2023-11-20T09:31:58","date_gmt":"2023-11-20T08:31:58","guid":{"rendered":"https:\/\/e-adams.pl\/produkt\/koncentrat-do-czyszczenia-kostki-brukowej-cps-out-stalco-perfect-s-64544\/"},"modified":"2024-02-15T11:49:27","modified_gmt":"2024-02-15T10:49:27","slug":"koncentrat-do-czyszczenia-kostki-brukowej-stalco-perfect-s-1l","status":"publish","type":"product","link":"https:\/\/e-adams.pl\/de\/produkt\/koncentrat-do-czyszczenia-kostki-brukowej-stalco-perfect-s-1l\/","title":{"rendered":"Koncentrat do czyszczenia kostki brukowej STALCO PERFECT S 1l"},"content":{"rendered":"<h3>OPIS:<\/h3>\n<p>Koncentrat do czyszczenia kostki brukowej STALCO PERFECT S Preparat do zastosowa\u0144 profesjonalnych. \u015arodek dwukomponentowy. Super mocny koncentrat do odt\u0142uszczania i gruntownego czyszczenia kostki brukowej (kostka betonowa) z zabrudze\u0144 ropopochodnych typu: smary, oleje substancje smoliste, zabrudzenia pochodzenia eksploatacyjnego, paliwa, itp.<\/p>\n<h3>ZAKRES STOSOWANIA:<\/h3>\n<p>Zalecany do silnie zanieczyszczonych nawierzchni wok\u00f3\u0142 warsztat\u00f3w, hal produkcyjnych, na stacjach benzynowych, stacjach paliw, bazach transportowych, parkingach, gara\u017cach itp.<\/p>\n<h3>DANE TECHNICZNE:<\/h3>\n<p>\u2022 Wydajno\u015b\u0107 z jednego litra koncentratu: 100 m2 kostki brukowej, (roztw\u00f3r 10%)<br \/>\n\u2022 Koncentrat 1:20<br \/>\n\u2022 OPAKOWANIE : 1 L &#8211; butelka | 6 sztuk w opakowaniu zbiorczym<br \/>\n\u2022 PRZECHOWYWANIE: Okres wa\u017cno\u015bci w normalnych warunkach przechowywania: 36 miesi\u0119cy od daty produkcji.<\/p>\n","protected":false},"excerpt":{"rendered":"<p>Koncentrat do czyszczenia kostki brukowej STALCO PERFECT S to preparat do zastosowa\u0144 profesjonalnych. \u015arodek dwukomponentowy. Super mocny koncentrat do odt\u0142uszczania i gruntownego czyszczenia kostki brukowej (kostka betonowa) z zabrudze\u0144 ropopochodnych typu: smary, oleje substancje smoliste, zabrudzenia pochodzenia eksploatacyjnego, paliwa, itp.<\/p>\n","protected":false},"featured_media":22792,"comment_status":"open","ping_status":"closed","template":"","meta":{"_acf_changed":false,"inline_featured_image":false},"product_cat":[1590],"product_tag":[2398,1505],"class_list":{"0":"post-22722","1":"product","2":"type-product","3":"status-publish","4":"has-post-thumbnail","6":"product_cat-impregnaty-i-srodki-do-czyszczenia","7":"product_tag-koncentrat-do-czyszczenia","8":"product_tag-stalco","10":"first","11":"instock","12":"shipping-taxable","13":"purchasable","14":"product-type-simple"},"acf":[],"_links":{"self":[{"href":"https:\/\/e-adams.pl\/de\/wp-json\/wp\/v2\/product\/22722","targetHints":{"allow":["GET"]}}],"collection":[{"href":"https:\/\/e-adams.pl\/de\/wp-json\/wp\/v2\/product"}],"about":[{"href":"https:\/\/e-adams.pl\/de\/wp-json\/wp\/v2\/types\/product"}],"replies":[{"embeddable":true,"href":"https:\/\/e-adams.pl\/de\/wp-json\/wp\/v2\/comments?post=22722"}],"wp:featuredmedia":[{"embeddable":true,"href":"https:\/\/e-adams.pl\/de\/wp-json\/wp\/v2\/media\/22792"}],"wp:attachment":[{"href":"https:\/\/e-adams.pl\/de\/wp-json\/wp\/v2\/media?parent=22722"}],"wp:term":[{"taxonomy":"product_cat","embeddable":true,"href":"https:\/\/e-adams.pl\/de\/wp-json\/wp\/v2\/product_cat?post=22722"},{"taxonomy":"product_tag","embeddable":true,"href":"https:\/\/e-adams.pl\/de\/wp-json\/wp\/v2\/product_tag?post=22722"}],"curies":[{"name":"wp","href":"https:\/\/api.w.org\/{rel}","templated":true}]}}