{"id":22723,"date":"2023-11-20T09:31:59","date_gmt":"2023-11-20T08:31:59","guid":{"rendered":"https:\/\/e-adams.pl\/produkt\/srodek-do-czyszczenia-smolistych-zabrudzen-rfc-out-stalco-perfect-s-64560\/"},"modified":"2024-02-15T11:49:27","modified_gmt":"2024-02-15T10:49:27","slug":"srodek-do-czyszczenia-zabrudzen-smolistych-stalco-perfect-frc-out-1l","status":"publish","type":"product","link":"https:\/\/e-adams.pl\/de\/produkt\/srodek-do-czyszczenia-zabrudzen-smolistych-stalco-perfect-frc-out-1l\/","title":{"rendered":"\u015arodek do czyszczenia zabrudze\u0144 smolistych STALCO PERFECT FRC OUT 1l"},"content":{"rendered":"<h3>OPIS:<\/h3>\n<p>\u015arodek do czyszczenia zabrudze\u0144 smolistych STALCO PERFECT FRC OUT preparat s\u0142u\u017cy do zastosowa\u0144 profesjonalnych, do usuwania smolistych zanieczyszcze\u0144 z dach\u00f3w, elewacji, kostki to skuteczny produkt czyszcz\u0105cy, kt\u00f3ry pomo\u017ce usun\u0105\u0107 uporczywe plamy i osady z powierzchni zewn\u0119trznych budynk\u00f3w i nawierzchni.<\/p>\n<p>Preparat jest specjalnie zaprojektowany do usuwania smolistych zanieczyszcze\u0144, takich jak sadza, smo\u0142a, olej i inne t\u0142uste zabrudzenia.<\/p>\n<p>Aby uzyska\u0107 najlepsze rezultaty, nale\u017cy nanie\u015b\u0107 preparat na powierzchni\u0119 za pomoc\u0105 szczotki lub natrysku ci\u015bnieniowego i pozostawi\u0107 na kilka minut, aby dzia\u0142a\u0142.<\/p>\n<p>Nast\u0119pnie nale\u017cy dok\u0142adnie sp\u0142uka\u0107 powierzchni\u0119 wod\u0105, aby usun\u0105\u0107 pozosta\u0142o\u015bci preparatu i zanieczyszcze\u0144.<\/p>\n<h3>DANE TECHNICZNE:<\/h3>\n<p>\u2022 Wydajno\u015b\u0107 z jednego litra: ok 100 m2<br \/>\n\u2022 Koncentrat: 1:10<br \/>\n\u2022 Opakowanie: 1 L &#8211; butelka<br \/>\n\u2022 Kod EAN: 5904012123885<\/p>\n<p>&nbsp;<\/p>\n<p>&nbsp;<\/p>\n","protected":false},"excerpt":{"rendered":"<p>\u015arodek do czyszczenia zabrudze\u0144 smolistych STALCO PERFECT FRC OUT preparat s\u0142u\u017cy do zastosowa\u0144 profesjonalnych, do usuwania smolistych zanieczyszcze\u0144 z dach\u00f3w, elewacji, kostki to skuteczny produkt czyszcz\u0105cy, kt\u00f3ry pomo\u017ce usun\u0105\u0107 uporczywe plamy i osady z powierzchni zewn\u0119trznych budynk\u00f3w i nawierzchni.<\/p>\n","protected":false},"featured_media":22835,"comment_status":"open","ping_status":"closed","template":"","meta":{"_acf_changed":false,"inline_featured_image":false},"product_cat":[1590],"product_tag":[2418,2417,1505],"class_list":{"0":"post-22723","1":"product","2":"type-product","3":"status-publish","4":"has-post-thumbnail","6":"product_cat-impregnaty-i-srodki-do-czyszczenia","7":"product_tag-frc-out","8":"product_tag-srodek-do-czyszczenia","9":"product_tag-stalco","11":"first","12":"outofstock","13":"shipping-taxable","14":"purchasable","15":"product-type-simple"},"acf":[],"_links":{"self":[{"href":"https:\/\/e-adams.pl\/de\/wp-json\/wp\/v2\/product\/22723","targetHints":{"allow":["GET"]}}],"collection":[{"href":"https:\/\/e-adams.pl\/de\/wp-json\/wp\/v2\/product"}],"about":[{"href":"https:\/\/e-adams.pl\/de\/wp-json\/wp\/v2\/types\/product"}],"replies":[{"embeddable":true,"href":"https:\/\/e-adams.pl\/de\/wp-json\/wp\/v2\/comments?post=22723"}],"wp:featuredmedia":[{"embeddable":true,"href":"https:\/\/e-adams.pl\/de\/wp-json\/wp\/v2\/media\/22835"}],"wp:attachment":[{"href":"https:\/\/e-adams.pl\/de\/wp-json\/wp\/v2\/media?parent=22723"}],"wp:term":[{"taxonomy":"product_cat","embeddable":true,"href":"https:\/\/e-adams.pl\/de\/wp-json\/wp\/v2\/product_cat?post=22723"},{"taxonomy":"product_tag","embeddable":true,"href":"https:\/\/e-adams.pl\/de\/wp-json\/wp\/v2\/product_tag?post=22723"}],"curies":[{"name":"wp","href":"https:\/\/api.w.org\/{rel}","templated":true}]}}