{"id":22724,"date":"2023-11-20T09:32:00","date_gmt":"2023-11-20T08:32:00","guid":{"rendered":"https:\/\/e-adams.pl\/produkt\/srodek-do-czyszczenia-dachow-i-elewacji-mrc-out-stalco-perfect-s-64540\/"},"modified":"2024-02-15T11:49:27","modified_gmt":"2024-02-15T10:49:27","slug":"srodek-do-czyszczenia-dachow-i-elewacji-stalco-perfect-mrc-out-1l","status":"publish","type":"product","link":"https:\/\/e-adams.pl\/de\/produkt\/srodek-do-czyszczenia-dachow-i-elewacji-stalco-perfect-mrc-out-1l\/","title":{"rendered":"\u015arodek do czyszczenia dach\u00f3w i elewacji STALCO PERFECT MRC OUT 1l"},"content":{"rendered":"<h3>OPIS:<\/h3>\n<p>\u015arodek do czyszczenia dach\u00f3w i elewacji STALCO PERFECT MRC OUT to skoncentrowany preparat przeznaczony do usuwania grzyb\u00f3w oraz niszczenia mch\u00f3w, glon\u00f3w i porost\u00f3w z r\u00f3\u017cnego typu powierzchni (np. elewacje, dachy dom\u00f3w jednorodzinnych). Po wyczyszczeniu zabezpiecza powierzchni\u0119 przez d\u0142u\u017cszy okres czasu, wytwarzaj\u0105c \u015brodowisko przeciwdzia\u0142aj\u0105ce powstawaniu wszelkiego rodzaju mikroorganizm\u00f3w.<\/p>\n<p>Stosowany proflaktycznie zwi\u0119ksza odporno\u015b\u0107 biologiczn\u0105 czyszczonych pod\u0142o\u017cy. Wykazuje dzia\u0142anie grzybob\u00f3jcze, zgodnie z normami PN-EN 13697:2002 oraz PN-EN 1650:2002.<\/p>\n<h2>Spos\u00f3b u\u017cycia:<\/h2>\n<p>Przed u\u017cyciem zapozna\u0107 si\u0119 z karta charakterystyki niebezpiecznej mieszaniny chemicznej.<br \/>\nRoztw\u00f3r roboczy nale\u017cy zrobi\u0107 bezpo\u015brednio przed zastosowaniem.<br \/>\nSporz\u0105dzi\u0107 roztw\u00f3r o st\u0119\u017ceniu minimum 80-100 ml \/ 1 l wody.<br \/>\nTemperatura dzia\u0142ania 20\u00b0C, czas dzia\u0142ania 12-24 godz.<br \/>\nZmy\u0107 powierzchnie czyst\u0105 wod\u0105, najlepiej pod ci\u015bnieniem lub wyszorowa\u0107 szczotka.<br \/>\nProfilaktycznie stosowa\u0107 roztw\u00f3r 1-2% (10-20 ml \/ 1 l wody).<br \/>\nNanosi\u0107 za pomoc\u0105 spryskiwacza<\/p>\n<h3>INFORMACJE TECHNICZNE:<\/h3>\n<p>&#8211; Do czyszczenia dach\u00f3w i elewacji z mch\u00f3w i porost\u00f3w<br \/>\n&#8211; Odczyn pH07<br \/>\n&#8211; Aplikacja: ze zbiornika myjki ci\u015bnieniowej \/ r\u0119cznie &#8211; opryskiwacz<br \/>\n&#8211; Zmywa naloty zielone po up\u0142ywie 12-24h<\/p>\n<p>\u2022 Kod <span class=\"label\">EAN:<\/span>\u00a0<span class=\"value\">5904012123786<\/span><\/p>\n","protected":false},"excerpt":{"rendered":"<p>\u015arodek do czyszczenia dach\u00f3w i elewacji STALCO PERFECT MRC OUT to skoncentrowany preparat przeznaczony do usuwania grzyb\u00f3w oraz niszczenia mch\u00f3w, glon\u00f3w i porost\u00f3w z r\u00f3\u017cnego typu powierzchni (np. elewacje, dachy dom\u00f3w jednorodzinnych). Po wyczyszczeniu zabezpiecza powierzchni\u0119 przez d\u0142u\u017cszy okres czasu, wytwarzaj\u0105c \u015brodowisko przeciwdzia\u0142aj\u0105ce powstawaniu wszelkiego rodzaju mikroorganizm\u00f3w.<\/p>\n","protected":false},"featured_media":22833,"comment_status":"open","ping_status":"closed","template":"","meta":{"_acf_changed":false,"inline_featured_image":false},"product_cat":[1590],"product_tag":[2417,1505],"class_list":{"0":"post-22724","1":"product","2":"type-product","3":"status-publish","4":"has-post-thumbnail","6":"product_cat-impregnaty-i-srodki-do-czyszczenia","7":"product_tag-srodek-do-czyszczenia","8":"product_tag-stalco","10":"first","11":"outofstock","12":"shipping-taxable","13":"purchasable","14":"product-type-simple"},"acf":[],"_links":{"self":[{"href":"https:\/\/e-adams.pl\/de\/wp-json\/wp\/v2\/product\/22724","targetHints":{"allow":["GET"]}}],"collection":[{"href":"https:\/\/e-adams.pl\/de\/wp-json\/wp\/v2\/product"}],"about":[{"href":"https:\/\/e-adams.pl\/de\/wp-json\/wp\/v2\/types\/product"}],"replies":[{"embeddable":true,"href":"https:\/\/e-adams.pl\/de\/wp-json\/wp\/v2\/comments?post=22724"}],"wp:featuredmedia":[{"embeddable":true,"href":"https:\/\/e-adams.pl\/de\/wp-json\/wp\/v2\/media\/22833"}],"wp:attachment":[{"href":"https:\/\/e-adams.pl\/de\/wp-json\/wp\/v2\/media?parent=22724"}],"wp:term":[{"taxonomy":"product_cat","embeddable":true,"href":"https:\/\/e-adams.pl\/de\/wp-json\/wp\/v2\/product_cat?post=22724"},{"taxonomy":"product_tag","embeddable":true,"href":"https:\/\/e-adams.pl\/de\/wp-json\/wp\/v2\/product_tag?post=22724"}],"curies":[{"name":"wp","href":"https:\/\/api.w.org\/{rel}","templated":true}]}}