{"id":22726,"date":"2023-11-20T09:32:01","date_gmt":"2023-11-20T08:32:01","guid":{"rendered":"https:\/\/e-adams.pl\/produkt\/bezdotykowa-aktywna-piana-do-samochodow-osob-af-car-stalco-perfect-s-64548\/"},"modified":"2024-02-15T11:49:27","modified_gmt":"2024-02-15T10:49:27","slug":"piana-aktywna-do-samochodow-osobowych-stalco-perfect-af-car-1l","status":"publish","type":"product","link":"https:\/\/e-adams.pl\/de\/produkt\/piana-aktywna-do-samochodow-osobowych-stalco-perfect-af-car-1l\/","title":{"rendered":"Piana aktywna do samochod\u00f3w osobowych STALCO PERFECT AF CAR 1l"},"content":{"rendered":"<h3>OPIS:<\/h3>\n<p>Bezdotykowa piana aktywna do samochod\u00f3w osobowych STALCO PERFECT AF CAR s\u0142u\u017cy do\u00a0 mycia wszystkich typ\u00f3w samochod\u00f3w osobowych i dostawczych. Niezwykle skutecznie i szybko usuwa nawarstwiony brud drogowy, pochodzenia organicznego, a tak\u017ce zabrudzenia eksploatacyjne bez u\u017cycia szczotki czy g\u0105bki. Wyr\u00f3\u017cnia si\u0119 du\u017c\u0105 zawarto\u015bci\u0105 zwi\u0105zk\u00f3w zmi\u0119kczaj\u0105cych, co znacznie u\u0142atwia wsp\u00f3\u0142prace z twarda woda.<\/p>\n<p>Preferowany do mycia wszystkich typ\u00f3w lakier\u00f3w samochodowych. Nie zawiera fosforan\u00f3w. Znaczn\u0105 cz\u0119\u015b\u0107 produktu obejmuj\u0105 zwi\u0105zki powierzchniowo czynne pochodzenia naturalnego, kt\u00f3re s\u0105 w pe\u0142ni biodegradowalne.<\/p>\n<p>Preparat mo\u017cne by\u0107 nanoszony zar\u00f3wno przez profesjonalne pianownice (sucha aktywna piana), jak i opryskiwacz r\u0119czny i pneumatyczny.<\/p>\n<p>Zalecany do bezdotykowego mycia pojazd\u00f3w mechanicznych, w systemach myjni, kt\u00f3re taki program posiadaj\u0105, jak r\u00f3wnie\u017c do myjek wysokoci\u015bnieniowych poprzez lance do piany.<\/p>\n<h3>NAJWA\u017bNIEJSZE PARAMETRY:<\/h3>\n<ul>\n<li>Aktywna piana do bezdotykowego mycia pojazd\u00f3w<\/li>\n<li>Skutecznie usuwa silne zabrudzenia<\/li>\n<li>Odczyn pH14<\/li>\n<li>Aplikacja:\u00a0ze zbiornika myjki ci\u015bnieniowej \/ z pianownicy<\/li>\n<li>Preparat w formie dwukomponentowej<\/li>\n<li>Koncentrat 1:100<\/li>\n<li>Kod EAN: 5904012123823<\/li>\n<\/ul>\n","protected":false},"excerpt":{"rendered":"<p>Bezdotykowa piana aktywna do samochod\u00f3w osobowych STALCO PERFECT AF CAR s\u0142u\u017cy do\u00a0 mycia wszystkich typ\u00f3w samochod\u00f3w osobowych i dostawczych. Niezwykle skutecznie i szybko usuwa nawarstwiony brud drogowy, pochodzenia organicznego, a tak\u017ce zabrudzenia eksploatacyjne bez u\u017cycia szczotki czy g\u0105bki.<\/p>\n","protected":false},"featured_media":22813,"comment_status":"open","ping_status":"closed","template":"","meta":{"_acf_changed":false,"inline_featured_image":false},"product_cat":[101],"product_tag":[2409,2408,1505],"class_list":{"0":"post-22726","1":"product","2":"type-product","3":"status-publish","4":"has-post-thumbnail","6":"product_cat-bramy-okna-ogrodzenia","7":"product_tag-af-car","8":"product_tag-piana-aktywna","9":"product_tag-stalco","11":"first","12":"instock","13":"shipping-taxable","14":"purchasable","15":"product-type-simple"},"acf":[],"_links":{"self":[{"href":"https:\/\/e-adams.pl\/de\/wp-json\/wp\/v2\/product\/22726","targetHints":{"allow":["GET"]}}],"collection":[{"href":"https:\/\/e-adams.pl\/de\/wp-json\/wp\/v2\/product"}],"about":[{"href":"https:\/\/e-adams.pl\/de\/wp-json\/wp\/v2\/types\/product"}],"replies":[{"embeddable":true,"href":"https:\/\/e-adams.pl\/de\/wp-json\/wp\/v2\/comments?post=22726"}],"wp:featuredmedia":[{"embeddable":true,"href":"https:\/\/e-adams.pl\/de\/wp-json\/wp\/v2\/media\/22813"}],"wp:attachment":[{"href":"https:\/\/e-adams.pl\/de\/wp-json\/wp\/v2\/media?parent=22726"}],"wp:term":[{"taxonomy":"product_cat","embeddable":true,"href":"https:\/\/e-adams.pl\/de\/wp-json\/wp\/v2\/product_cat?post=22726"},{"taxonomy":"product_tag","embeddable":true,"href":"https:\/\/e-adams.pl\/de\/wp-json\/wp\/v2\/product_tag?post=22726"}],"curies":[{"name":"wp","href":"https:\/\/api.w.org\/{rel}","templated":true}]}}