{"id":22727,"date":"2023-11-20T09:32:01","date_gmt":"2023-11-20T08:32:01","guid":{"rendered":"https:\/\/e-adams.pl\/produkt\/bezdotykowa-aktywna-piana-do-samochodow-ciezarowych-af-truck-stalco-perfect-s-64552\/"},"modified":"2024-02-15T11:49:27","modified_gmt":"2024-02-15T10:49:27","slug":"piana-aktywna-do-samochodow-ciezarowych-stalco-perfect-af-truck-1l","status":"publish","type":"product","link":"https:\/\/e-adams.pl\/de\/produkt\/piana-aktywna-do-samochodow-ciezarowych-stalco-perfect-af-truck-1l\/","title":{"rendered":"Piana aktywna do samochod\u00f3w ci\u0119\u017carowych STALCO PERFECT AF TRUCK 1l"},"content":{"rendered":"<h3>OPIS:<\/h3>\n<p>Bezdotykowa piana aktywna do samochod\u00f3w ci\u0119\u017carowych STALCO PERFECT AF TRUCK przeznaczona jest do mycia silnie zabrudzonych powierzchni twardych, w szczeg\u00f3lno\u015bci tych odpornych na zasady. Piana AF TRUCK jest zalecana do mycia maszyn i urz\u0105dze\u0144 w przemy\u015ble motoryzacyjnym, ci\u0119\u017ckim, a tak\u017ce w rolnictwie.<\/p>\n<p>Preparat mo\u017cne by\u0107 nanoszony zar\u00f3wno przez profesjonalne pianownice (sucha aktywna piana), jak i opryskiwacz r\u0119czny i pneumatyczny.<\/p>\n<h3>NAJWA\u017bNIEJSZE PARAMETRY:<\/h3>\n<ul>\n<li>Aktywna piana do bezdotykowego mycia pojazd\u00f3w<\/li>\n<li>Skutecznie usuwa silne zabrudzenia<\/li>\n<li>Odczyn pH14<\/li>\n<li>Aplikacja:\u00a0ze zbiornika myjki ci\u015bnieniowej \/ z pianownicy<\/li>\n<li>Preparat w formie dwukomponentowej<\/li>\n<li>Koncentrat 1:100<\/li>\n<\/ul>\n<p>&nbsp;<\/p>\n","protected":false},"excerpt":{"rendered":"<p>Bezdotykowa piana aktywna do samochod\u00f3w ci\u0119\u017carowych STALCO PERFECT AF TRUCK przeznaczona jest do mycia silnie zabrudzonych powierzchni twardych, w szczeg\u00f3lno\u015bci tych odpornych na zasady. Piana AF TRUCK jest zalecana do mycia maszyn i urz\u0105dze\u0144 w przemy\u015ble motoryzacyjnym, ci\u0119\u017ckim, a tak\u017ce w rolnictwie.<\/p>\n","protected":false},"featured_media":22811,"comment_status":"open","ping_status":"closed","template":"","meta":{"_acf_changed":false,"inline_featured_image":false},"product_cat":[101],"product_tag":[2407,2406,1505],"class_list":{"0":"post-22727","1":"product","2":"type-product","3":"status-publish","4":"has-post-thumbnail","6":"product_cat-bramy-okna-ogrodzenia","7":"product_tag-af-truck","8":"product_tag-bezdotykowa-piana-aktywna","9":"product_tag-stalco","11":"first","12":"instock","13":"shipping-taxable","14":"purchasable","15":"product-type-simple"},"acf":[],"_links":{"self":[{"href":"https:\/\/e-adams.pl\/de\/wp-json\/wp\/v2\/product\/22727","targetHints":{"allow":["GET"]}}],"collection":[{"href":"https:\/\/e-adams.pl\/de\/wp-json\/wp\/v2\/product"}],"about":[{"href":"https:\/\/e-adams.pl\/de\/wp-json\/wp\/v2\/types\/product"}],"replies":[{"embeddable":true,"href":"https:\/\/e-adams.pl\/de\/wp-json\/wp\/v2\/comments?post=22727"}],"wp:featuredmedia":[{"embeddable":true,"href":"https:\/\/e-adams.pl\/de\/wp-json\/wp\/v2\/media\/22811"}],"wp:attachment":[{"href":"https:\/\/e-adams.pl\/de\/wp-json\/wp\/v2\/media?parent=22727"}],"wp:term":[{"taxonomy":"product_cat","embeddable":true,"href":"https:\/\/e-adams.pl\/de\/wp-json\/wp\/v2\/product_cat?post=22727"},{"taxonomy":"product_tag","embeddable":true,"href":"https:\/\/e-adams.pl\/de\/wp-json\/wp\/v2\/product_tag?post=22727"}],"curies":[{"name":"wp","href":"https:\/\/api.w.org\/{rel}","templated":true}]}}