{"id":22728,"date":"2023-11-20T09:32:02","date_gmt":"2023-11-20T08:32:02","guid":{"rendered":"https:\/\/e-adams.pl\/produkt\/atlas-plus-klej-do-glazury-25kg\/"},"modified":"2024-02-15T11:49:27","modified_gmt":"2024-02-15T10:49:27","slug":"klej-wysokoelastyczny-atlas-plus-25kg","status":"publish","type":"product","link":"https:\/\/e-adams.pl\/de\/produkt\/klej-wysokoelastyczny-atlas-plus-25kg\/","title":{"rendered":"Klej wysokoelastyczny ATLAS PLUS 25KG"},"content":{"rendered":"<h3>OPIS:<\/h3>\n<p>Klej wysokoelastyczny ATLAS PLUS\u00a0 oparty na najnowszej mieszance zwi\u0105zk\u00f3w polimerowych, kt\u00f3re zapewniaj\u0105 wysok\u0105 przyczepno\u015b\u0107\u00a0do ka\u017cdego rodzaju pod\u0142o\u017ca. Ulepszona struktura kleju sprawia, \u017ce jest on\u00a0elastyczny,\u00a0wytrzyma\u0142y, odporny na wahania temperatury zachowuj\u0105c przy tym swoje wyj\u0105tkowe w\u0142a\u015bciwo\u015bci.<\/p>\n<h3>ZASTOSOWANIE<\/h3>\n<ul>\n<li>do kuchni, \u0142azienek, korytarzy, gara\u017cy<\/li>\n<li>na pod\u0142ogi<\/li>\n<li>na \u015bciany<\/li>\n<li>do wewn\u0105trz<\/li>\n<li>na zewn\u0105trz<\/li>\n<li>do wszystkich rodzaj\u00f3w p\u0142ytek<\/li>\n<\/ul>\n<h3>DANE TECHNICZNE:<\/h3>\n<p>\u2022 Klasa: C2 TE S1<br \/>\n\u2022 Rodzaj: zaprawa klejowa do glazury<br \/>\n\u2022 Czas dojrzewania: 5 minut<br \/>\n\u2022 Czas otwartego schni\u0119cia : \u2265 30 minut<br \/>\n\u2022 Czas u\u017cycia: ok.4 godziny<br \/>\n\u2022 Maksymalna grubo\u015b\u0107 warstwy (mm): 10mm<br \/>\n\u2022 Kolor: Szary<br \/>\n\u2022 Zu\u017cycie: Ok. 1,2 kg\/m2 na 1 mm grubo\u015bci warstwy<br \/>\n\u2022 Mo\u017cliwo\u015b\u0107 chodzenia \/ fugowania : po 24 godzinach<br \/>\n\u2022 Mo\u017cliwo\u015b\u0107 obci\u0105\u017cania: Pe\u0142ne obci\u0105\u017cenia eksploatacyjne \u2013 ruch pieszy* po 3 dniach Pe\u0142ne obci\u0105\u017cenia eksploatacyjne \u2013 ruch ko\u0142owy* po 14 dniach Pe\u0142ne \u2022 Obci\u0105\u017cenie pod wod\u0105 &#8211; basen \/ zbiornik* po 14 dniach<br \/>\n\u2022 Proporcje mieszania: 6,5 \u00f7 7,25 l \/ 25 kg<br \/>\n\u2022 Waga opakowania (kg): 25<\/p>\n","protected":false},"excerpt":{"rendered":"<p>Klej wysokoelastyczny ATLAS PLUS\u00a0 oparty na najnowszej mieszance zwi\u0105zk\u00f3w polimerowych, kt\u00f3re zapewniaj\u0105 wysok\u0105 przyczepno\u015b\u0107\u00a0do ka\u017cdego rodzaju pod\u0142o\u017ca. Ulepszona struktura kleju sprawia, \u017ce jest on\u00a0elastyczny,\u00a0wytrzyma\u0142y, odporny na wahania temperatury zachowuj\u0105c przy tym swoje wyj\u0105tkowe w\u0142a\u015bciwo\u015bci.<\/p>\n","protected":false},"featured_media":22786,"comment_status":"open","ping_status":"closed","template":"","meta":{"_acf_changed":false,"inline_featured_image":false},"product_cat":[982],"product_tag":[2392,2391],"class_list":{"0":"post-22728","1":"product","2":"type-product","3":"status-publish","4":"has-post-thumbnail","6":"product_cat-kleje-do-plytek","7":"product_tag-atlas-plus","8":"product_tag-klej-wysokoelastyczny","10":"first","11":"outofstock","12":"shipping-taxable","13":"purchasable","14":"product-type-simple"},"acf":[],"_links":{"self":[{"href":"https:\/\/e-adams.pl\/de\/wp-json\/wp\/v2\/product\/22728","targetHints":{"allow":["GET"]}}],"collection":[{"href":"https:\/\/e-adams.pl\/de\/wp-json\/wp\/v2\/product"}],"about":[{"href":"https:\/\/e-adams.pl\/de\/wp-json\/wp\/v2\/types\/product"}],"replies":[{"embeddable":true,"href":"https:\/\/e-adams.pl\/de\/wp-json\/wp\/v2\/comments?post=22728"}],"wp:featuredmedia":[{"embeddable":true,"href":"https:\/\/e-adams.pl\/de\/wp-json\/wp\/v2\/media\/22786"}],"wp:attachment":[{"href":"https:\/\/e-adams.pl\/de\/wp-json\/wp\/v2\/media?parent=22728"}],"wp:term":[{"taxonomy":"product_cat","embeddable":true,"href":"https:\/\/e-adams.pl\/de\/wp-json\/wp\/v2\/product_cat?post=22728"},{"taxonomy":"product_tag","embeddable":true,"href":"https:\/\/e-adams.pl\/de\/wp-json\/wp\/v2\/product_tag?post=22728"}],"curies":[{"name":"wp","href":"https:\/\/api.w.org\/{rel}","templated":true}]}}