{"id":22729,"date":"2023-11-20T09:32:03","date_gmt":"2023-11-20T08:32:03","guid":{"rendered":"https:\/\/e-adams.pl\/produkt\/atlas-sms-80-wylewka-samopoziomujacy-25kg\/"},"modified":"2024-02-15T11:49:27","modified_gmt":"2024-02-15T10:49:27","slug":"wylewka-samopoziomujaca-atlas-sms-80-25kg","status":"publish","type":"product","link":"https:\/\/e-adams.pl\/de\/produkt\/wylewka-samopoziomujaca-atlas-sms-80-25kg\/","title":{"rendered":"Wylewka samopoziomuj\u0105ca ATLAS SMS 80 25KG"},"content":{"rendered":"<h3>OPIS:<\/h3>\n<p>Wylewka samopoziomuj\u0105ca ATLAS SMS 80 o charakterze wyr\u00f3wnawczym, w zakresie od 25 do 80 mm. Doskonale sprawdza si\u0119 zar\u00f3wno w przypadku miejscowych nier\u00f3wno\u015bci, jak r\u00f3wnie\u017c, kiedy pod\u0142o\u017ce w ca\u0142o\u015bci wykonane jest z niewielkim spadkiem. Podnosi poziom pod\u0142ogi w ca\u0142ym pomieszczeniu \u2013 np. gdy zachodzi konieczno\u015b\u0107 zr\u00f3wnania poziom\u00f3w dw\u00f3ch s\u0105siednich pomieszcze\u0144.<\/p>\n<p>Mo\u017ce by\u0107 stosowany w pomieszczeniach suchych: w pokojach mieszkalnych, przedpokojach, holach, salonach, biurach, korytarzach, poczekalniach itp.<\/p>\n<p>Mo\u017ce by\u0107 u\u017cywany w pomieszczeniach o podwy\u017cszonej wilgotno\u015bci, takich jak domowe \u0142azienki. Ze wzgl\u0119du na g\u0142adk\u0105 powierzchni\u0119 jak\u0105 tworzy i na drobne kruszywo zalecany jako podk\u0142ad pod wyk\u0142adziny.<\/p>\n<h3>DANE TECHNICZNE:<\/h3>\n<p>Temperatura przygotowania masy, pod\u0142o\u017ca i otoczenia w trakcie prac: od +5 \u00b0C do +25 \u00b0C<br \/>\nCzas zu\u017cycia (od wymieszania masy do zako\u0144czenia prac): ok. 45 minut*<br \/>\nWchodzenie na podk\u0142ad: po 16 godzinach*<br \/>\nCzas pe\u0142nego wi\u0105zania i wysychania: 28 dni*<br \/>\nMin.\/max. grubo\u015b\u0107 podk\u0142adu:\u00a0 25 mm \/ 80 mm<br \/>\nMaksymalna \u015brednica kruszywa: 2,0 mm<\/p>\n","protected":false},"excerpt":{"rendered":"<p>Wylewka samopoziomuj\u0105ca ATLAS SMS 80 o charakterze wyr\u00f3wnawczym, w zakresie od 25 do 80 mm. Doskonale sprawdza si\u0119 zar\u00f3wno w przypadku miejscowych nier\u00f3wno\u015bci, jak r\u00f3wnie\u017c, kiedy pod\u0142o\u017ce w ca\u0142o\u015bci wykonane jest z niewielkim spadkiem. Podnosi poziom pod\u0142ogi w ca\u0142ym pomieszczeniu \u2013 np. gdy zachodzi konieczno\u015b\u0107 zr\u00f3wnania poziom\u00f3w dw\u00f3ch s\u0105siednich pomieszcze\u0144.<\/p>\n","protected":false},"featured_media":22766,"comment_status":"open","ping_status":"closed","template":"","meta":{"_acf_changed":false,"inline_featured_image":false},"product_cat":[281],"product_tag":[2379,1754],"class_list":{"0":"post-22729","1":"product","2":"type-product","3":"status-publish","4":"has-post-thumbnail","6":"product_cat-wylewki-posadzkowe","7":"product_tag-atlas-sms","8":"product_tag-wylewka-samopoziomujaca","10":"first","11":"outofstock","12":"shipping-taxable","13":"purchasable","14":"product-type-simple"},"acf":[],"_links":{"self":[{"href":"https:\/\/e-adams.pl\/de\/wp-json\/wp\/v2\/product\/22729","targetHints":{"allow":["GET"]}}],"collection":[{"href":"https:\/\/e-adams.pl\/de\/wp-json\/wp\/v2\/product"}],"about":[{"href":"https:\/\/e-adams.pl\/de\/wp-json\/wp\/v2\/types\/product"}],"replies":[{"embeddable":true,"href":"https:\/\/e-adams.pl\/de\/wp-json\/wp\/v2\/comments?post=22729"}],"wp:featuredmedia":[{"embeddable":true,"href":"https:\/\/e-adams.pl\/de\/wp-json\/wp\/v2\/media\/22766"}],"wp:attachment":[{"href":"https:\/\/e-adams.pl\/de\/wp-json\/wp\/v2\/media?parent=22729"}],"wp:term":[{"taxonomy":"product_cat","embeddable":true,"href":"https:\/\/e-adams.pl\/de\/wp-json\/wp\/v2\/product_cat?post=22729"},{"taxonomy":"product_tag","embeddable":true,"href":"https:\/\/e-adams.pl\/de\/wp-json\/wp\/v2\/product_tag?post=22729"}],"curies":[{"name":"wp","href":"https:\/\/api.w.org\/{rel}","templated":true}]}}