{"id":22730,"date":"2023-11-20T09:32:04","date_gmt":"2023-11-20T08:32:04","guid":{"rendered":"https:\/\/e-adams.pl\/produkt\/atlas-cermit-wn-25kg-tynk-efekt-drewna\/"},"modified":"2025-06-23T17:08:16","modified_gmt":"2025-06-23T15:08:16","slug":"tynk-mineralny-imitujacy-drewno-atlas-cermit-wn-25kg","status":"publish","type":"product","link":"https:\/\/e-adams.pl\/de\/produkt\/tynk-mineralny-imitujacy-drewno-atlas-cermit-wn-25kg\/","title":{"rendered":"Tynk mineralny imituj\u0105cy drewno ATLAS CERMIT WN 25KG"},"content":{"rendered":"<h3>OPIS:<\/h3>\n<p>Tynk mineralny ATLAS CERMIT WN przeznaczony jest do wykonywania powierzchni imituj\u0105cej faktur\u0119 drewna, kt\u00f3ra jest odciskana w tynku za pomoc\u0105 formy silikonowej \u2013 tworzy trwa\u0142e i dekoracyjne wyko\u0144czenie powierzchni elewacji. Mo\u017ce by\u0107 nak\u0142adany na ca\u0142ej powierzchni elewacji lub jej fragmentach.<br \/>\nCharakteryzuje go wysoka odporno\u015b\u0107 na warunki atmosferyczne \u2013 dzi\u0119ki specjalnie dobranemu stosowi nasypowemu drobnych wype\u0142niaczy oraz dodatkowemu zbrojeniu strukturalnemu w postaci mikrow\u0142\u00f3kien<br \/>\nWysoka wytrzyma\u0142o\u015b\u0107 i trwa\u0142o\u015b\u0107 \u2013 dzi\u0119ki zastosowaniu spolimeryzowanej zaprawy cementowo-wapiennej opartej na bia\u0142ym cemencie oraz hydrofobizator\u00f3w zapewniaj\u0105cych wysok\u0105 szczelno\u015b\u0107 strukturaln\u0105 wyprawy.<\/p>\n<p>Post\u0119puj\u0105cy w czasie proces karbonatyzacji tynku mineralnego powoduje dalsze zmniejszenie nasi\u0105kliwo\u015bci, utwardzenie struktury i zwi\u0119kszenie odporno\u015bci na agresj\u0119 chemiczn\u0105 \u015brodowiska<\/p>\n<h3>W\u0142a\u015bciwo\u015bci<\/h3>\n<ul>\n<li>doskonale imituje naturaln\u0105 faktur\u0119 drewna<\/li>\n<li>trwa\u0142y i odporny na mikrop\u0119kni\u0119cia<\/li>\n<li>hydrofobowy<\/li>\n<li>odporny na pora\u017cenie biologiczne<\/li>\n<li>wysoce paroprzepuszczalny<\/li>\n<\/ul>\n<h3>DANE TECHNICZNE:<\/h3>\n<ul>\n<li><b>Rodzaj produktu:<\/b>\u00a0tynk<\/li>\n<li><b>Rodzaj opakowania:<\/b>\u00a0worek<\/li>\n<li><b>Waga (z opakowaniem):<\/b>\u00a025 kg<\/li>\n<li><b>Rodzaje tynk\u00f3w:<\/b>\u00a0Mineralne<\/li>\n<li><b>Zu\u017cycie:<\/b>\u00a0ok. 2,5-3,0<\/li>\n<\/ul>\n","protected":false},"excerpt":{"rendered":"<p>Tynk mineralny imituj\u0105cy drewno ATLAS CERMIT WN przeznaczony jest do wykonywania powierzchni imituj\u0105cej faktur\u0119 drewna, kt\u00f3ra jest odciskana w tynku za pomoc\u0105 formy silikonowej \u2013 tworzy trwa\u0142e i dekoracyjne wyko\u0144czenie powierzchni elewacji. Mo\u017ce by\u0107 nak\u0142adany na ca\u0142ej powierzchni elewacji lub jej fragmentach.<\/p>\n","protected":false},"featured_media":22774,"comment_status":"open","ping_status":"closed","template":"","meta":{"_acf_changed":false,"inline_featured_image":false},"product_cat":[259],"product_tag":[265,2383,1776],"class_list":{"0":"post-22730","1":"product","2":"type-product","3":"status-publish","4":"has-post-thumbnail","6":"product_cat-tynki-atlas","7":"product_tag-atlas","8":"product_tag-cermit-wn","9":"product_tag-tynk-mineralny","11":"first","12":"outofstock","13":"shipping-taxable","14":"product-type-simple"},"acf":[],"_links":{"self":[{"href":"https:\/\/e-adams.pl\/de\/wp-json\/wp\/v2\/product\/22730","targetHints":{"allow":["GET"]}}],"collection":[{"href":"https:\/\/e-adams.pl\/de\/wp-json\/wp\/v2\/product"}],"about":[{"href":"https:\/\/e-adams.pl\/de\/wp-json\/wp\/v2\/types\/product"}],"replies":[{"embeddable":true,"href":"https:\/\/e-adams.pl\/de\/wp-json\/wp\/v2\/comments?post=22730"}],"wp:featuredmedia":[{"embeddable":true,"href":"https:\/\/e-adams.pl\/de\/wp-json\/wp\/v2\/media\/22774"}],"wp:attachment":[{"href":"https:\/\/e-adams.pl\/de\/wp-json\/wp\/v2\/media?parent=22730"}],"wp:term":[{"taxonomy":"product_cat","embeddable":true,"href":"https:\/\/e-adams.pl\/de\/wp-json\/wp\/v2\/product_cat?post=22730"},{"taxonomy":"product_tag","embeddable":true,"href":"https:\/\/e-adams.pl\/de\/wp-json\/wp\/v2\/product_tag?post=22730"}],"curies":[{"name":"wp","href":"https:\/\/api.w.org\/{rel}","templated":true}]}}