{"id":22732,"date":"2023-11-20T09:32:05","date_gmt":"2023-11-20T08:32:05","guid":{"rendered":"https:\/\/e-adams.pl\/produkt\/atlas-ultra-grunt-5kg-do-podlozy-niechlonnych-i-krytycznych\/"},"modified":"2024-02-15T11:49:30","modified_gmt":"2024-02-15T10:49:30","slug":"grunt-do-podlozy-niechlonnych-i-krytycznych-atlas-ultra-5kg","status":"publish","type":"product","link":"https:\/\/e-adams.pl\/de\/produkt\/grunt-do-podlozy-niechlonnych-i-krytycznych-atlas-ultra-5kg\/","title":{"rendered":"Grunt do pod\u0142o\u017cy niech\u0142onnych i krytycznych ATLAS ULTRA 5KG"},"content":{"rendered":"<h3>OPIS:<\/h3>\n<p>Grunt do pod\u0142o\u017cy niech\u0142onnych i krytycznych ATLAS ULTRA rekomendowany jest do przygotowania pod\u0142o\u017ca pod klejenie ok\u0142adzin ceramicznych i kamiennych, pod podk\u0142ady pod\u0142ogowe linii ATLAS SMS i ATLAS SAM uk\u0142adane na krytycznych pod\u0142o\u017cach. Tworzy szorstk\u0105 powierzchni\u0119 pod aplikacj\u0119 kolejnej warstwy.<\/p>\n<p>Dodatek selekcjonowanego kruszywa kwarcowego zwi\u0119ksza przyczepno\u015b\u0107 nak\u0142adanych warstw \u2013 poprzez rozwini\u0119cie efektywnej powierzchni mi\u0119dzy pod\u0142o\u017cem a uk\u0142adanym materia\u0142em.<\/p>\n<p>Charakteryzuje si\u0119 doskona\u0142\u0105 przyczepno\u015bci\u0105 do pod\u0142o\u017cy niech\u0142onnych i do pod\u0142o\u017cy o bardzo g\u0142adkiej powierzchni \u2013 dla pod\u0142o\u017ca betonowego przyczepno\u015b\u0107 wynosi minimum 1,0 MPa.<\/p>\n<p>&nbsp;<\/p>\n<h3>DANE TECHNICZNE:<\/h3>\n<ul>\n<li>G\u0119sto\u015b\u0107 masy: ok. 1,5 g\/cm\u00b3<\/li>\n<li>Temperatura pod\u0142o\u017ca i otoczenia w trakcie prac: od +5 \u00baC do +35 \u00baC<\/li>\n<li>Rozpocz\u0119cie dalszych prac po gruntowaniu: po ok. 4 godzinach<\/li>\n<li>Przyczepno\u015b\u0107 do lastryko: &gt; 1,0 MPa<\/li>\n<li>Przyczepno\u015b\u0107 do p\u0142ytek ceramicznych: &gt; 1,0 MPa<\/li>\n<li>Przyczepno\u015b\u0107 do betonu: &gt; 1,0 MPa<\/li>\n<li>Przyczepno\u015b\u0107 do p\u0142yt OSB: &gt; 0,8 MPa (zerwanie nast\u0119puje w warstwie p\u0142yty OSB)<\/li>\n<\/ul>\n<p>ZU\u017bYCIE:<br \/>\n\u015arednio zu\u017cywa si\u0119 0,3 kg masy na 1 m\u00b2.<\/p>\n","protected":false},"excerpt":{"rendered":"<p>Grunt do pod\u0142o\u017cy niech\u0142onnych i krytycznych ATLAS ULTRA rekomendowany jest do przygotowania pod\u0142o\u017ca pod klejenie ok\u0142adzin ceramicznych i kamiennych, pod podk\u0142ady pod\u0142ogowe linii ATLAS SMS i ATLAS SAM uk\u0142adane na krytycznych pod\u0142o\u017cach. Tworzy szorstk\u0105 powierzchni\u0119 pod aplikacj\u0119 kolejnej warstwy.<\/p>\n","protected":false},"featured_media":22805,"comment_status":"open","ping_status":"closed","template":"","meta":{"_acf_changed":false,"inline_featured_image":false},"product_cat":[1455],"product_tag":[265,2404],"class_list":{"0":"post-22732","1":"product","2":"type-product","3":"status-publish","4":"has-post-thumbnail","6":"product_cat-grunty-2","7":"product_tag-atlas","8":"product_tag-grunt-do-podlozy-niechlonnych","10":"first","11":"outofstock","12":"shipping-taxable","13":"purchasable","14":"product-type-simple"},"acf":[],"_links":{"self":[{"href":"https:\/\/e-adams.pl\/de\/wp-json\/wp\/v2\/product\/22732","targetHints":{"allow":["GET"]}}],"collection":[{"href":"https:\/\/e-adams.pl\/de\/wp-json\/wp\/v2\/product"}],"about":[{"href":"https:\/\/e-adams.pl\/de\/wp-json\/wp\/v2\/types\/product"}],"replies":[{"embeddable":true,"href":"https:\/\/e-adams.pl\/de\/wp-json\/wp\/v2\/comments?post=22732"}],"wp:featuredmedia":[{"embeddable":true,"href":"https:\/\/e-adams.pl\/de\/wp-json\/wp\/v2\/media\/22805"}],"wp:attachment":[{"href":"https:\/\/e-adams.pl\/de\/wp-json\/wp\/v2\/media?parent=22732"}],"wp:term":[{"taxonomy":"product_cat","embeddable":true,"href":"https:\/\/e-adams.pl\/de\/wp-json\/wp\/v2\/product_cat?post=22732"},{"taxonomy":"product_tag","embeddable":true,"href":"https:\/\/e-adams.pl\/de\/wp-json\/wp\/v2\/product_tag?post=22732"}],"curies":[{"name":"wp","href":"https:\/\/api.w.org\/{rel}","templated":true}]}}